{"id":91504,"date":"2019-03-22T13:04:39","date_gmt":"2019-03-22T12:04:39","guid":{"rendered":"https:\/\/pipat-antiquites.fr\/?post_type=product&#038;p=91504"},"modified":"2022-08-06T10:42:02","modified_gmt":"2022-08-06T08:42:02","slug":"portrait-sculpte-medievale-pierre-eveque-xv-15-siecle","status":"publish","type":"product","link":"https:\/\/pipat-antiquites.fr\/fr\/objets\/portrait-sculpte-medievale-pierre-eveque-xv-15-siecle\/","title":{"rendered":"Portrait sculpt\u00e9 d\u2019un \u00e9v\u00eaque, XVe si\u00e8cle"},"content":{"rendered":"<div class=\"wpb-content-wrapper\"><p>[vc_row][vc_column column_width_percent=\u00a0\u00bb100&Prime; gutter_size=\u00a0\u00bb3&Prime; override_padding=\u00a0\u00bbyes\u00a0\u00bb column_padding=\u00a0\u00bb3&Prime; overlay_alpha=\u00a0\u00bb50&Prime; shift_x=\u00a0\u00bb0&Prime; shift_y=\u00a0\u00bb0&Prime; shift_y_down=\u00a0\u00bb0&Prime; z_index=\u00a0\u00bb0&Prime; medium_width=\u00a0\u00bb0&Prime; mobile_width=\u00a0\u00bb0&Prime; width=\u00a0\u00bb1\/1&Prime;][vc_custom_heading text_weight=\u00a0\u00bb300&Prime;]Portrait sculpt\u00e9 d\u2019un \u00e9v\u00eaque, XVe si\u00e8cle[\/vc_custom_heading][vc_column_text]Ce portrait sculpt\u00e9 en pierre ne nous indique pas l\u2019identit\u00e9 de cet homme. Mais sa coiffe caract\u00e9ristique nous permet au moins d\u2019identifier sans aucun doute sa fonction d\u2019\u00e9v\u00eaque. En parfait \u00e9tat, cette mitre sculpt\u00e9e couronne le saint homme dont le visage conserve quelques traces de polychromie m\u00e9di\u00e9vale. Cette sculpture en pierre dat\u00e9e du XVe si\u00e8cle est en tr\u00e8s bon \u00e9tat et \u00e9l\u00e9gamment pr\u00e9sent\u00e9e sur un socle de marbre.<\/p>\n<p>Vos achats sont soigneusement emball\u00e9s par nos soins pour garantir leur int\u00e9grit\u00e9 jusqu\u2019\u00e0 votre adresse de livraison. N\u2019h\u00e9sitez pas \u00e0 nous contacter pour plus d\u2019informations.<span class=\"Apple-converted-space\">\u00a0<\/span><\/p>\n<ul>\n<li>Prix de livraison en France m\u00e9tropolitaine : 115\u20ac<\/li>\n<li>Prix de livraison en Europe : 155\u20ac<\/li>\n<li>Prix de livraison autres destination : 195\u20ac<\/li>\n<\/ul>\n<p>[\/vc_column_text][\/vc_column][\/vc_row]<\/p>\n<\/div>","protected":false},"excerpt":{"rendered":"<p style=\"text-align: center;\">Sculpture m\u00e9di\u00e9vale en pierre. Traces de polychromie, socle en marbre. Tr\u00e8s bon \u00e9tat.<\/p>\n<ul>\n<li style=\"text-align: center;\">Hauteur : 44 cm<\/li>\n<li style=\"text-align: center;\">Largeur : 19 cm<\/li>\n<li style=\"text-align: center;\">Profondeur : 14 cm<\/li>\n<\/ul>\n","protected":false},"featured_media":91498,"template":"","meta":{"_seopress_robots_primary_cat":"none","_seopress_titles_title":"","_seopress_titles_desc":"","_seopress_robots_index":"","content-type":""},"product_brand":[],"product_cat":[122,190,214,76,77,114],"product_tag":[441,442],"class_list":{"0":"post-91504","1":"product","2":"type-product","3":"status-publish","4":"has-post-thumbnail","6":"product_cat-sculptures","7":"product_cat-marbre-et-pierre","8":"product_cat-objets-dart-religieux","9":"product_cat-objets","10":"product_cat-beaux-arts","11":"product_cat-arts-decoratifs","12":"product_tag-pierre","13":"product_tag-xve-siecle","14":"product_shipping_class-niveau-4","16":"first","17":"outofstock","18":"shipping-taxable","19":"purchasable","20":"product-type-simple","21":"add-to-wishlist-after_add_to_cart"},"_links":{"self":[{"href":"https:\/\/pipat-antiquites.fr\/fr\/wp-json\/wp\/v2\/product\/91504","targetHints":{"allow":["GET"]}}],"collection":[{"href":"https:\/\/pipat-antiquites.fr\/fr\/wp-json\/wp\/v2\/product"}],"about":[{"href":"https:\/\/pipat-antiquites.fr\/fr\/wp-json\/wp\/v2\/types\/product"}],"wp:featuredmedia":[{"embeddable":true,"href":"https:\/\/pipat-antiquites.fr\/fr\/wp-json\/wp\/v2\/media\/91498"}],"wp:attachment":[{"href":"https:\/\/pipat-antiquites.fr\/fr\/wp-json\/wp\/v2\/media?parent=91504"}],"wp:term":[{"taxonomy":"product_brand","embeddable":true,"href":"https:\/\/pipat-antiquites.fr\/fr\/wp-json\/wp\/v2\/product_brand?post=91504"},{"taxonomy":"product_cat","embeddable":true,"href":"https:\/\/pipat-antiquites.fr\/fr\/wp-json\/wp\/v2\/product_cat?post=91504"},{"taxonomy":"product_tag","embeddable":true,"href":"https:\/\/pipat-antiquites.fr\/fr\/wp-json\/wp\/v2\/product_tag?post=91504"}],"curies":[{"name":"wp","href":"https:\/\/api.w.org\/{rel}","templated":true}]}}