{"id":91479,"date":"2021-03-22T11:59:08","date_gmt":"2021-03-22T10:59:08","guid":{"rendered":"https:\/\/pipat-antiquites.fr\/?post_type=product&#038;p=91479"},"modified":"2021-03-22T17:10:55","modified_gmt":"2021-03-22T16:10:55","slug":"un-masque-indonesien-art-indonesie-fin-xix-19-debut-xx-20-siecle","status":"publish","type":"product","link":"https:\/\/pipat-antiquites.fr\/fr\/objets\/un-masque-indonesien-art-indonesie-fin-xix-19-debut-xx-20-siecle\/","title":{"rendered":"Un masque indon\u00e9sien, fin XIXe \/ d\u00e9but XXe si\u00e8cle"},"content":{"rendered":"<div class=\"wpb-content-wrapper\"><p>[vc_row][vc_column column_width_percent=\u00a0\u00bb100&Prime; gutter_size=\u00a0\u00bb3&Prime; override_padding=\u00a0\u00bbyes\u00a0\u00bb column_padding=\u00a0\u00bb3&Prime; overlay_alpha=\u00a0\u00bb50&Prime; shift_x=\u00a0\u00bb0&Prime; shift_y=\u00a0\u00bb0&Prime; shift_y_down=\u00a0\u00bb0&Prime; z_index=\u00a0\u00bb0&Prime; medium_width=\u00a0\u00bb0&Prime; mobile_width=\u00a0\u00bb0&Prime; width=\u00a0\u00bb1\/1&Prime;][vc_custom_heading text_weight=\u00a0\u00bb300&Prime;]Masque indon\u00e9sien <em>bondres<\/em> (topeng bondres)[\/vc_custom_heading][vc_column_text]Caract\u00e9ristique des personnages <em>bondres<\/em>, ce masque est dit parlant car il d\u00e9voile la bouche de l&rsquo;acteur, acteur dont la parole est hors du mythe que la pi\u00e8ce joue. En apart\u00e9 ou entre deux actes, l&rsquo;acteur <em>bondres<\/em> divertit les spectateurs par ses pitreries, de bons mots et moqueries.<\/p>\n<p>En distillant critiques et remarques pertinentes sur l&rsquo;actualit\u00e9 de la soci\u00e9t\u00e9, il offre diff\u00e9rents biais de r\u00e9flexion concernant les pr\u00e9occupations quotidiennes et apporte relief et nuances au mythe qui se joue sur sc\u00e8ne.<\/p>\n<p>On notera l&rsquo;attention port\u00e9e \u00e0 la sculpture des yeux et des dents de ce masque quand les d\u00e9tails des masques produits pour le march\u00e9 touristique sont seulement feints d&rsquo;un trait de pinceau.<\/p>\n<ul>\n<li>Prix de livraison en France m\u00e9tropolitaine : 15\u20ac<\/li>\n<li>Prix de livraison en Europe : 35\u20ac<\/li>\n<li>Prix de livraison autres destination : 55\u20ac<\/li>\n<\/ul>\n<p>[\/vc_column_text][vc_button button_color=\u00a0\u00bbaccent\u00a0\u00bb border_width=\u00a0\u00bb0&Prime; link=\u00a0\u00bburl:%2Ffr%2Fobjets%2Fun-masque-indonesien-art-indonesie-fin-xix-19-debut-xx-20-siecle%2F|title:Un%20masque%20indon%C3%A9sien%2C%20fin%20XIXe%20%2F%20d%C3%A9but%20XXe%20si%C3%A8cle|target:_blank\u00a0\u00bb]D\u00e9couvrir l&rsquo;histoire de cet objet[\/vc_button][\/vc_column][\/vc_row]<\/p>\n<\/div>","protected":false},"excerpt":{"rendered":"<p style=\"text-align: center;\">Masque indon\u00e9sien en tr\u00e8s bon \u00e9tat. Probablement Lombok ou Java.<\/p>\n<ul>\n<li style=\"text-align: center;\">Hauteur : 15 cm<\/li>\n<li style=\"text-align: center;\">Largeur : 13,5 cm<\/li>\n<li style=\"text-align: center;\">Profondeur : 7 cm<\/li>\n<\/ul>\n","protected":false},"featured_media":91453,"template":"","meta":{"_seopress_robots_primary_cat":"","_seopress_titles_title":"","_seopress_titles_desc":"","_seopress_robots_index":"","content-type":""},"product_brand":[],"product_cat":[230,231,76,77,118,122,192],"product_tag":[252,257,263],"class_list":{"0":"post-91479","1":"product","2":"type-product","3":"status-publish","4":"has-post-thumbnail","6":"product_cat-jeux-et-jouets-anciens","7":"product_cat-objets-de-curiosite","8":"product_cat-objets","9":"product_cat-beaux-arts","10":"product_cat-objets-de-collection","11":"product_cat-sculptures","12":"product_cat-sculptures-bois","13":"product_tag-xixe-siecle","14":"product_tag-art-dasie","15":"product_tag-xxe-siecle","16":"product_shipping_class-niveau-1","18":"first","19":"instock","20":"shipping-taxable","21":"purchasable","22":"product-type-simple","23":"add-to-wishlist-after_add_to_cart"},"_links":{"self":[{"href":"https:\/\/pipat-antiquites.fr\/fr\/wp-json\/wp\/v2\/product\/91479","targetHints":{"allow":["GET"]}}],"collection":[{"href":"https:\/\/pipat-antiquites.fr\/fr\/wp-json\/wp\/v2\/product"}],"about":[{"href":"https:\/\/pipat-antiquites.fr\/fr\/wp-json\/wp\/v2\/types\/product"}],"wp:featuredmedia":[{"embeddable":true,"href":"https:\/\/pipat-antiquites.fr\/fr\/wp-json\/wp\/v2\/media\/91453"}],"wp:attachment":[{"href":"https:\/\/pipat-antiquites.fr\/fr\/wp-json\/wp\/v2\/media?parent=91479"}],"wp:term":[{"taxonomy":"product_brand","embeddable":true,"href":"https:\/\/pipat-antiquites.fr\/fr\/wp-json\/wp\/v2\/product_brand?post=91479"},{"taxonomy":"product_cat","embeddable":true,"href":"https:\/\/pipat-antiquites.fr\/fr\/wp-json\/wp\/v2\/product_cat?post=91479"},{"taxonomy":"product_tag","embeddable":true,"href":"https:\/\/pipat-antiquites.fr\/fr\/wp-json\/wp\/v2\/product_tag?post=91479"}],"curies":[{"name":"wp","href":"https:\/\/api.w.org\/{rel}","templated":true}]}}