{"id":91300,"date":"2021-03-12T16:57:10","date_gmt":"2021-03-12T15:57:10","guid":{"rendered":"https:\/\/pipat-antiquites.fr\/?post_type=product&#038;p=91300"},"modified":"2021-03-12T18:26:35","modified_gmt":"2021-03-12T17:26:35","slug":"suite-de-quatre-4-fauteuils-medaillon-louis-xv-milieu-xix-19-siecle","status":"publish","type":"product","link":"https:\/\/pipat-antiquites.fr\/fr\/objets\/suite-de-quatre-4-fauteuils-medaillon-louis-xv-milieu-xix-19-siecle\/","title":{"rendered":"Suite de quatre (4) fauteuils m\u00e9daillon, milieu XIXe si\u00e8cle"},"content":{"rendered":"<div class=\"wpb-content-wrapper\"><p>[vc_row][vc_column column_width_percent=\u00a0\u00bb100&Prime; gutter_size=\u00a0\u00bb3&Prime; override_padding=\u00a0\u00bbyes\u00a0\u00bb column_padding=\u00a0\u00bb3&Prime; overlay_alpha=\u00a0\u00bb50&Prime; shift_x=\u00a0\u00bb0&Prime; shift_y=\u00a0\u00bb0&Prime; shift_y_down=\u00a0\u00bb0&Prime; z_index=\u00a0\u00bb0&Prime; medium_width=\u00a0\u00bb0&Prime; mobile_width=\u00a0\u00bb0&Prime; width=\u00a0\u00bb1\/1&Prime;][vc_custom_heading text_weight=\u00a0\u00bb300&Prime;]Suite de quatre (4) fauteuils m\u00e9daillon, milieu XIXe si\u00e8cle[\/vc_custom_heading][vc_column_text]En bon \u00e9tat g\u00e9n\u00e9ral, ces quatre fauteuils de style Louis XV sont dat\u00e9s du milieu du XIXe si\u00e8cle. Si la tapisserie d\u2019\u00e9poque est parfois un peu fan\u00e9e, elle n\u2019en demeure pas moins joliment assortie au bois rechampi.<span class=\"Apple-converted-space\">\u00a0<\/span>[\/vc_column_text][\/vc_column][\/vc_row]<\/p>\n<\/div>","protected":false},"excerpt":{"rendered":"<p style=\"text-align: center;\">Bon \u00e9tat g\u00e9n\u00e9ral. Tapisserie fan\u00e9e \u00e0 quelques endroits (voir les photos).<\/p>\n<ul>\n<li style=\"text-align: center;\">Hauteur : 90 cm<\/li>\n<li style=\"text-align: center;\">Largeur : 66 cm<\/li>\n<li style=\"text-align: center;\">Profondeur : 51 cm<\/li>\n<\/ul>\n","protected":false},"featured_media":91262,"template":"","meta":{"_seopress_robots_primary_cat":"","_seopress_titles_title":"","_seopress_titles_desc":"","_seopress_robots_index":"","content-type":""},"product_brand":[],"product_cat":[69,107,166],"product_tag":[252,440],"class_list":{"0":"post-91300","1":"product","2":"type-product","3":"status-publish","4":"has-post-thumbnail","6":"product_cat-mobilier","7":"product_cat-sieges","8":"product_cat-fauteuils","9":"product_tag-xixe-siecle","10":"product_tag-louis-xv","12":"first","13":"instock","14":"shipping-taxable","15":"product-type-simple","16":"add-to-wishlist-after_add_to_cart"},"_links":{"self":[{"href":"https:\/\/pipat-antiquites.fr\/fr\/wp-json\/wp\/v2\/product\/91300","targetHints":{"allow":["GET"]}}],"collection":[{"href":"https:\/\/pipat-antiquites.fr\/fr\/wp-json\/wp\/v2\/product"}],"about":[{"href":"https:\/\/pipat-antiquites.fr\/fr\/wp-json\/wp\/v2\/types\/product"}],"wp:featuredmedia":[{"embeddable":true,"href":"https:\/\/pipat-antiquites.fr\/fr\/wp-json\/wp\/v2\/media\/91262"}],"wp:attachment":[{"href":"https:\/\/pipat-antiquites.fr\/fr\/wp-json\/wp\/v2\/media?parent=91300"}],"wp:term":[{"taxonomy":"product_brand","embeddable":true,"href":"https:\/\/pipat-antiquites.fr\/fr\/wp-json\/wp\/v2\/product_brand?post=91300"},{"taxonomy":"product_cat","embeddable":true,"href":"https:\/\/pipat-antiquites.fr\/fr\/wp-json\/wp\/v2\/product_cat?post=91300"},{"taxonomy":"product_tag","embeddable":true,"href":"https:\/\/pipat-antiquites.fr\/fr\/wp-json\/wp\/v2\/product_tag?post=91300"}],"curies":[{"name":"wp","href":"https:\/\/api.w.org\/{rel}","templated":true}]}}