{"id":90968,"date":"2021-03-01T15:31:19","date_gmt":"2021-03-01T14:31:19","guid":{"rendered":"https:\/\/pipat-antiquites.fr\/?post_type=product&#038;p=90968"},"modified":"2021-03-01T15:31:19","modified_gmt":"2021-03-01T14:31:19","slug":"lutrin-ou-pupitre-eglise-xix-19-siecle","status":"publish","type":"product","link":"https:\/\/pipat-antiquites.fr\/fr\/objets\/lutrin-ou-pupitre-eglise-xix-19-siecle\/","title":{"rendered":"Lutrin ou pupitre d\u2019\u00e9glise, XIXe si\u00e8cle"},"content":{"rendered":"<div class=\"wpb-content-wrapper\"><p>[vc_row][vc_column column_width_percent=\u00a0\u00bb100&Prime; gutter_size=\u00a0\u00bb3&Prime; override_padding=\u00a0\u00bbyes\u00a0\u00bb column_padding=\u00a0\u00bb3&Prime; overlay_alpha=\u00a0\u00bb50&Prime; shift_x=\u00a0\u00bb0&Prime; shift_y=\u00a0\u00bb0&Prime; shift_y_down=\u00a0\u00bb0&Prime; z_index=\u00a0\u00bb0&Prime; medium_width=\u00a0\u00bb0&Prime; mobile_width=\u00a0\u00bb0&Prime; width=\u00a0\u00bb1\/1&Prime;][vc_custom_heading text_weight=\u00a0\u00bb300&Prime;]Lutrin ou pupitre d\u2019\u00e9glise, XIXe si\u00e8cle[\/vc_custom_heading][vc_column_text]Si cet objet peut parfois recevoir la d\u00e9nomination de lutrin, celle de pupitre est plus appropri\u00e9e. En effet, les deux objets permettent la lecture des livres sacr\u00e9s, or dans les \u00e9glises le pupitre est ordinairement mobile tandis que lutrin est presque toujours fixe et plac\u00e9 au milieu du ch\u0153ur. Ainsi, le pupitre est destin\u00e9 \u00e0 la lecture de l\u2019\u00e9pitre et \u00e0 celle de l\u2019\u00e9vangile tandis que le lutrin est r\u00e9serv\u00e9 \u00e0 celle des livres de ch\u0153ur. Pour faciliter la lecture, un grand chandelier \u00e9tait souvent plac\u00e9 \u00e0 c\u00f4t\u00e9 du pupitre. Cette disposition particuli\u00e8re encouragea l\u2019emploi de mati\u00e8res refl\u00e9tant la lumi\u00e8re &#8211; comme ici le bronze dor\u00e9 &#8211; dans la conception de l\u2019objet, mettant ainsi en valeur le livre qu\u2019il portait.<\/p>\n<p>V\u00e9ritable cr\u00e9ation artistique du XIXe si\u00e8cle, notre lutrin est enti\u00e8rement impr\u00e9gn\u00e9 de ce go\u00fbt n\u00e9ogothique inspir\u00e9 par les travaux de M\u00e9rim\u00e9e\u00a0: les cabochons \u00e0 la mani\u00e8re des pierres pr\u00e9cieuses des ch\u00e2sses religieuses captent la lumi\u00e8re et dirigent le regard vers ces m\u00e9daillons d\u2019\u00e9maux peints \u00e9voquant les personnages fondateurs du culte chr\u00e9tien. Ce \u00ab\u00a0retour aux sources\u00a0\u00bb \u00e9l\u00e9gant emprunte des mat\u00e9riaux nobles comme le bronze dor\u00e9 et les \u00e9maux peints mais sans avoir la pr\u00e9tention des objets liturgiques trop pr\u00e9cieux et trop pompeux du XVIIIe si\u00e8cle, c\u2019est s\u00fbrement la raison pour laquelle (en plus du co\u00fbt) on substitue aux pierres pr\u00e9cieuses des cabochons de verre color\u00e9.[\/vc_column_text][\/vc_column][\/vc_row]<\/p>\n<\/div>","protected":false},"excerpt":{"rendered":"<p style=\"text-align: center;\">Bronze dor\u00e9, \u00e9maux peints et cabochons en verre. Tr\u00e8s bon \u00e9tat.<\/p>\n<ul>\n<li style=\"text-align: center;\">Hauteur : 14,5 cm (repli\u00e9)<\/li>\n<li style=\"text-align: center;\">Largeur : 28,5 cm<\/li>\n<li style=\"text-align: center;\">Profondeur : 30,3 cm<\/li>\n<\/ul>\n","protected":false},"featured_media":90958,"template":"","meta":{"_seopress_robots_primary_cat":"","_seopress_titles_title":"","_seopress_titles_desc":"","_seopress_robots_index":"","_seopress_analysis_target_kw":"","content-type":""},"product_brand":[],"product_cat":[76,114,214],"product_tag":[252,274],"class_list":{"0":"post-90968","1":"product","2":"type-product","3":"status-publish","4":"has-post-thumbnail","6":"product_cat-objets","7":"product_cat-arts-decoratifs","8":"product_cat-objets-dart-religieux","9":"product_tag-xixe-siecle","10":"product_tag-bronze-dore","11":"product_shipping_class-niveau-2","13":"first","14":"instock","15":"shipping-taxable","16":"purchasable","17":"product-type-simple","18":"add-to-wishlist-after_add_to_cart"},"_links":{"self":[{"href":"https:\/\/pipat-antiquites.fr\/fr\/wp-json\/wp\/v2\/product\/90968","targetHints":{"allow":["GET"]}}],"collection":[{"href":"https:\/\/pipat-antiquites.fr\/fr\/wp-json\/wp\/v2\/product"}],"about":[{"href":"https:\/\/pipat-antiquites.fr\/fr\/wp-json\/wp\/v2\/types\/product"}],"wp:featuredmedia":[{"embeddable":true,"href":"https:\/\/pipat-antiquites.fr\/fr\/wp-json\/wp\/v2\/media\/90958"}],"wp:attachment":[{"href":"https:\/\/pipat-antiquites.fr\/fr\/wp-json\/wp\/v2\/media?parent=90968"}],"wp:term":[{"taxonomy":"product_brand","embeddable":true,"href":"https:\/\/pipat-antiquites.fr\/fr\/wp-json\/wp\/v2\/product_brand?post=90968"},{"taxonomy":"product_cat","embeddable":true,"href":"https:\/\/pipat-antiquites.fr\/fr\/wp-json\/wp\/v2\/product_cat?post=90968"},{"taxonomy":"product_tag","embeddable":true,"href":"https:\/\/pipat-antiquites.fr\/fr\/wp-json\/wp\/v2\/product_tag?post=90968"}],"curies":[{"name":"wp","href":"https:\/\/api.w.org\/{rel}","templated":true}]}}