{"id":90665,"date":"2021-02-25T15:39:23","date_gmt":"2021-02-25T14:39:23","guid":{"rendered":"https:\/\/pipat-antiquites.fr\/?post_type=product&#038;p=90665"},"modified":"2021-02-25T15:39:23","modified_gmt":"2021-02-25T14:39:23","slug":"porte-parapluie-chine-debut-xx-20-siecle","status":"publish","type":"product","link":"https:\/\/pipat-antiquites.fr\/fr\/objets\/porte-parapluie-chine-debut-xx-20-siecle\/","title":{"rendered":"Porte-parapluie, d\u00e9but XXe si\u00e8cle"},"content":{"rendered":"<div class=\"wpb-content-wrapper\"><p>[vc_row][vc_column column_width_percent=\u00a0\u00bb100&Prime; gutter_size=\u00a0\u00bb3&Prime; override_padding=\u00a0\u00bbyes\u00a0\u00bb column_padding=\u00a0\u00bb3&Prime; overlay_alpha=\u00a0\u00bb50&Prime; shift_x=\u00a0\u00bb0&Prime; shift_y=\u00a0\u00bb0&Prime; shift_y_down=\u00a0\u00bb0&Prime; z_index=\u00a0\u00bb0&Prime; medium_width=\u00a0\u00bb0&Prime; mobile_width=\u00a0\u00bb0&Prime; width=\u00a0\u00bb1\/1&Prime;][vc_custom_heading text_weight=\u00a0\u00bb300&Prime;]Porte-parapluie, d\u00e9but XXe si\u00e8cle[\/vc_custom_heading][vc_column_text]Accessoire indispensable d\u2019une entr\u00e9e, ce porte-parapluie en c\u00e9ramique verniss\u00e9e nous vient de Chine et pr\u00e9sente de tr\u00e8s belles pivoines bleues et roses. En parfait \u00e9tat, il apportera avec discr\u00e9tion une touche d\u2019Extr\u00eame-Orient.[\/vc_column_text][\/vc_column][\/vc_row]<\/p>\n<\/div>","protected":false},"excerpt":{"rendered":"<p style=\"text-align: center;\">C\u00e9ramique verniss\u00e9e chinoise. Parfait \u00e9tat.<\/p>\n<ul>\n<li style=\"text-align: center;\">Hauteur : 45 cm<\/li>\n<li style=\"text-align: center;\">Diam\u00e8tre : 21 cm<\/li>\n<\/ul>\n","protected":false},"featured_media":90638,"template":"","meta":{"_seopress_robots_primary_cat":"","_seopress_titles_title":"","_seopress_titles_desc":"","_seopress_robots_index":"","_seopress_analysis_target_kw":"","content-type":""},"product_brand":[],"product_cat":[76,114,115,215,218],"product_tag":[263,257],"class_list":{"0":"post-90665","1":"product","2":"type-product","3":"status-publish","4":"has-post-thumbnail","6":"product_cat-objets","7":"product_cat-arts-decoratifs","8":"product_cat-ceramique","9":"product_cat-plateaux-et-vide-poches","10":"product_cat-ceramiques-et-ceramiques-vernissees","11":"product_tag-xxe-siecle","12":"product_tag-art-dasie","13":"product_shipping_class-niveau-2","15":"first","16":"instock","17":"shipping-taxable","18":"purchasable","19":"product-type-simple","20":"add-to-wishlist-after_add_to_cart"},"_links":{"self":[{"href":"https:\/\/pipat-antiquites.fr\/fr\/wp-json\/wp\/v2\/product\/90665","targetHints":{"allow":["GET"]}}],"collection":[{"href":"https:\/\/pipat-antiquites.fr\/fr\/wp-json\/wp\/v2\/product"}],"about":[{"href":"https:\/\/pipat-antiquites.fr\/fr\/wp-json\/wp\/v2\/types\/product"}],"wp:featuredmedia":[{"embeddable":true,"href":"https:\/\/pipat-antiquites.fr\/fr\/wp-json\/wp\/v2\/media\/90638"}],"wp:attachment":[{"href":"https:\/\/pipat-antiquites.fr\/fr\/wp-json\/wp\/v2\/media?parent=90665"}],"wp:term":[{"taxonomy":"product_brand","embeddable":true,"href":"https:\/\/pipat-antiquites.fr\/fr\/wp-json\/wp\/v2\/product_brand?post=90665"},{"taxonomy":"product_cat","embeddable":true,"href":"https:\/\/pipat-antiquites.fr\/fr\/wp-json\/wp\/v2\/product_cat?post=90665"},{"taxonomy":"product_tag","embeddable":true,"href":"https:\/\/pipat-antiquites.fr\/fr\/wp-json\/wp\/v2\/product_tag?post=90665"}],"curies":[{"name":"wp","href":"https:\/\/api.w.org\/{rel}","templated":true}]}}