{"id":90287,"date":"2019-02-09T17:46:57","date_gmt":"2019-02-09T16:46:57","guid":{"rendered":"https:\/\/pipat-antiquites.fr\/?post_type=product&#038;p=90287"},"modified":"2022-07-29T16:41:36","modified_gmt":"2022-07-29T14:41:36","slug":"chauffe-cuillere-antiquite-anglaise-xx-20-siecle","status":"publish","type":"product","link":"https:\/\/pipat-antiquites.fr\/fr\/objets\/chauffe-cuillere-antiquite-anglaise-xx-20-siecle\/","title":{"rendered":"Chauffe cuill\u00e8re, XXe si\u00e8cle"},"content":{"rendered":"<div class=\"wpb-content-wrapper\"><p>[vc_row][vc_column column_width_percent=\u00a0\u00bb100&Prime; gutter_size=\u00a0\u00bb3&Prime; override_padding=\u00a0\u00bbyes\u00a0\u00bb column_padding=\u00a0\u00bb3&Prime; overlay_alpha=\u00a0\u00bb50&Prime; shift_x=\u00a0\u00bb0&Prime; shift_y=\u00a0\u00bb0&Prime; shift_y_down=\u00a0\u00bb0&Prime; z_index=\u00a0\u00bb0&Prime; medium_width=\u00a0\u00bb0&Prime; mobile_width=\u00a0\u00bb0&Prime; width=\u00a0\u00bb1\/1&Prime;][vc_custom_heading text_weight=\u00a0\u00bb300&Prime;]Chauffe cuill\u00e8re, XXe si\u00e8cle[\/vc_custom_heading][vc_column_text]Voici deux objets inconnus de nos tables fran\u00e7aises. Ces chauffe-cuill\u00e8re (que nous vendons \u00e0 l\u2019unit\u00e9) sont les t\u00e9moins du raffinement tr\u00e8s pouss\u00e9e des tables britanniques depuis l\u2019\u00e9poque victorienne. Ces petits r\u00e9cipients en m\u00e9tal argent\u00e9 \u00e9taient emplis d\u2019eau chaude et on y pla\u00e7ait les cuill\u00e8res destin\u00e9es \u00e0 servir les farces des volailles et gibiers. \u00c0 parfaite temp\u00e9rature, les cuill\u00e8res ne venaient pas g\u00e2ter les mets destin\u00e9s \u00e0 ces d\u00e9licats palais ! R\u00e9guli\u00e8rement en forme de nautile, ces objets singuliers \u00e0 nos yeux fran\u00e7ais, serviront pour les moins gastronomes de vide-poche \u00e9l\u00e9gant pourquoi pas ?[\/vc_column_text][\/vc_column][\/vc_row]<\/p>\n<\/div>","protected":false},"excerpt":{"rendered":"<p style=\"text-align: center;\">En m\u00e9tal argent\u00e9. Deux unit\u00e9s en parfait \u00e9tat.<\/p>\n<ul>\n<li style=\"text-align: center;\">Hauteur : 15 cm<\/li>\n<li style=\"text-align: center;\">Largeur : 17 cm<span class=\"Apple-converted-space\">\u00a0<\/span><\/li>\n<li style=\"text-align: center;\">Profondeur : 9 cm<\/li>\n<\/ul>\n<p>&nbsp;<\/p>\n","protected":false},"featured_media":90279,"template":"","meta":{"_seopress_robots_primary_cat":"","_seopress_titles_title":"","_seopress_titles_desc":"","_seopress_robots_index":"","content-type":""},"product_brand":[],"product_cat":[76,113,199],"product_tag":[263,301,322],"class_list":{"0":"post-90287","1":"product","2":"type-product","3":"status-publish","4":"has-post-thumbnail","6":"product_cat-objets","7":"product_cat-orfevrerie-et-argenterie","8":"product_cat-pieces-de-forme","9":"product_tag-xxe-siecle","10":"product_tag-antiquites-anglaises","11":"product_tag-metal-argente","12":"product_shipping_class-niveau-1","14":"first","15":"outofstock","16":"sold-individually","17":"shipping-taxable","18":"purchasable","19":"product-type-simple","20":"add-to-wishlist-after_add_to_cart"},"_links":{"self":[{"href":"https:\/\/pipat-antiquites.fr\/fr\/wp-json\/wp\/v2\/product\/90287","targetHints":{"allow":["GET"]}}],"collection":[{"href":"https:\/\/pipat-antiquites.fr\/fr\/wp-json\/wp\/v2\/product"}],"about":[{"href":"https:\/\/pipat-antiquites.fr\/fr\/wp-json\/wp\/v2\/types\/product"}],"wp:featuredmedia":[{"embeddable":true,"href":"https:\/\/pipat-antiquites.fr\/fr\/wp-json\/wp\/v2\/media\/90279"}],"wp:attachment":[{"href":"https:\/\/pipat-antiquites.fr\/fr\/wp-json\/wp\/v2\/media?parent=90287"}],"wp:term":[{"taxonomy":"product_brand","embeddable":true,"href":"https:\/\/pipat-antiquites.fr\/fr\/wp-json\/wp\/v2\/product_brand?post=90287"},{"taxonomy":"product_cat","embeddable":true,"href":"https:\/\/pipat-antiquites.fr\/fr\/wp-json\/wp\/v2\/product_cat?post=90287"},{"taxonomy":"product_tag","embeddable":true,"href":"https:\/\/pipat-antiquites.fr\/fr\/wp-json\/wp\/v2\/product_tag?post=90287"}],"curies":[{"name":"wp","href":"https:\/\/api.w.org\/{rel}","templated":true}]}}