{"id":90215,"date":"2021-02-05T18:56:14","date_gmt":"2021-02-05T17:56:14","guid":{"rendered":"https:\/\/pipat-antiquites.fr\/?post_type=product&#038;p=90215"},"modified":"2021-03-08T18:08:02","modified_gmt":"2021-03-08T17:08:02","slug":"legumier-en-argent-massif-fin-xviiie-siecle","status":"publish","type":"product","link":"https:\/\/pipat-antiquites.fr\/fr\/objets\/legumier-en-argent-massif-fin-xviiie-siecle\/","title":{"rendered":"L\u00e9gumier en argent massif, fin XVIIIe si\u00e8cle"},"content":{"rendered":"<div class=\"wpb-content-wrapper\"><p>[vc_row][vc_column column_width_percent=\u00a0\u00bb100&Prime; gutter_size=\u00a0\u00bb3&Prime; override_padding=\u00a0\u00bbyes\u00a0\u00bb column_padding=\u00a0\u00bb3&Prime; overlay_alpha=\u00a0\u00bb50&Prime; shift_x=\u00a0\u00bb0&Prime; shift_y=\u00a0\u00bb0&Prime; shift_y_down=\u00a0\u00bb0&Prime; z_index=\u00a0\u00bb0&Prime; medium_width=\u00a0\u00bb0&Prime; mobile_width=\u00a0\u00bb0&Prime; width=\u00a0\u00bb1\/1&Prime;][vc_custom_heading text_weight=\u00a0\u00bb300&Prime;]L\u00e9gumier en argent massif, fin XVIIIe si\u00e8cle[\/vc_custom_heading][vc_column_text]Superbe l\u00e9gumier en argent massif pesant 2,42 kg. Ce travail allemand ou autrichien de style Transition emprunte un style baroque mouvement\u00e9 et joufflu et les \u00e9l\u00e9gants motifs d\u2019un go\u00fbt n\u00e9oclassique naissant. Guirlandes de lauriers et profils \u00e0 l\u2019antique, prise du couvercle en bouton de fleur, anses feuillag\u00e9es pos\u00e9s sur un fond de canaux prononc\u00e9s. Parfait \u00e9tat. <span class=\"Apple-converted-space\">\u00a0<\/span>[\/vc_column_text][\/vc_column][\/vc_row]<\/p>\n<\/div>","protected":false},"excerpt":{"rendered":"<p style=\"text-align: center;\">Argent massif, 2,42 kg. Parfait \u00e9tat.<\/p>\n<ul>\n<li style=\"text-align: center;\">Hauteur : 33 cm<\/li>\n<li style=\"text-align: center;\">Largeur : 39 cm<\/li>\n<li style=\"text-align: center;\">Profondeur : 21 cm<\/li>\n<\/ul>\n","protected":false},"featured_media":90205,"template":"","meta":{"_seopress_robots_primary_cat":"","_seopress_titles_title":"","_seopress_titles_desc":"","_seopress_robots_index":"","content-type":""},"product_brand":[],"product_cat":[76,113,199],"product_tag":[161,321],"class_list":{"0":"post-90215","1":"product","2":"type-product","3":"status-publish","4":"has-post-thumbnail","6":"product_cat-objets","7":"product_cat-orfevrerie-et-argenterie","8":"product_cat-pieces-de-forme","9":"product_tag-xviiie-siecle","10":"product_tag-argent-massif","11":"product_shipping_class-niveau-2","13":"first","14":"outofstock","15":"shipping-taxable","16":"purchasable","17":"product-type-simple","18":"add-to-wishlist-after_add_to_cart"},"_links":{"self":[{"href":"https:\/\/pipat-antiquites.fr\/fr\/wp-json\/wp\/v2\/product\/90215","targetHints":{"allow":["GET"]}}],"collection":[{"href":"https:\/\/pipat-antiquites.fr\/fr\/wp-json\/wp\/v2\/product"}],"about":[{"href":"https:\/\/pipat-antiquites.fr\/fr\/wp-json\/wp\/v2\/types\/product"}],"wp:featuredmedia":[{"embeddable":true,"href":"https:\/\/pipat-antiquites.fr\/fr\/wp-json\/wp\/v2\/media\/90205"}],"wp:attachment":[{"href":"https:\/\/pipat-antiquites.fr\/fr\/wp-json\/wp\/v2\/media?parent=90215"}],"wp:term":[{"taxonomy":"product_brand","embeddable":true,"href":"https:\/\/pipat-antiquites.fr\/fr\/wp-json\/wp\/v2\/product_brand?post=90215"},{"taxonomy":"product_cat","embeddable":true,"href":"https:\/\/pipat-antiquites.fr\/fr\/wp-json\/wp\/v2\/product_cat?post=90215"},{"taxonomy":"product_tag","embeddable":true,"href":"https:\/\/pipat-antiquites.fr\/fr\/wp-json\/wp\/v2\/product_tag?post=90215"}],"curies":[{"name":"wp","href":"https:\/\/api.w.org\/{rel}","templated":true}]}}