{"id":90174,"date":"2018-02-05T18:08:13","date_gmt":"2018-02-05T17:08:13","guid":{"rendered":"https:\/\/pipat-antiquites.fr\/?post_type=product&#038;p=90174"},"modified":"2023-07-18T16:26:52","modified_gmt":"2023-07-18T14:26:52","slug":"paire-de-lampadaires-vintage-xx-20-siecle","status":"publish","type":"product","link":"https:\/\/pipat-antiquites.fr\/fr\/objets\/paire-de-lampadaires-vintage-xx-20-siecle\/","title":{"rendered":"Paire de lampadaires, XXe si\u00e8cle"},"content":{"rendered":"<div class=\"wpb-content-wrapper\"><p>[vc_row][vc_column column_width_percent=\u00a0\u00bb100&Prime; gutter_size=\u00a0\u00bb3&Prime; override_padding=\u00a0\u00bbyes\u00a0\u00bb column_padding=\u00a0\u00bb3&Prime; overlay_alpha=\u00a0\u00bb50&Prime; shift_x=\u00a0\u00bb0&Prime; shift_y=\u00a0\u00bb0&Prime; shift_y_down=\u00a0\u00bb0&Prime; z_index=\u00a0\u00bb0&Prime; medium_width=\u00a0\u00bb0&Prime; mobile_width=\u00a0\u00bb0&Prime; width=\u00a0\u00bb1\/1&Prime;][vc_custom_heading text_weight=\u00a0\u00bb300&Prime;]Paire de lampadaires, XXe si\u00e8cle[\/vc_custom_heading][vc_column_text]Cette paire de lampadaires vintage en laiton dor\u00e9 enrichira n\u2019importe quel int\u00e9rieur d\u2019une pr\u00e9sence remarquable et d\u2019une lumi\u00e8re diffuse agr\u00e9able. Lest\u00e9 d\u2019un contre-poids en verre Murano martel\u00e9, chaque lampadaire est \u00e9quip\u00e9 d\u2019un syst\u00e8me \u00e9lectrique revu par nos soins et en parfait \u00e9tat de fonctionnement. Comptez trois lumi\u00e8res par lampadaires. Parfait \u00e9tat.[\/vc_column_text][\/vc_column][\/vc_row]<\/p>\n<\/div>","protected":false},"excerpt":{"rendered":"<p style=\"text-align: center;\">En laiton et verre martel\u00e9 Murano. Parfait \u00e9tat.<\/p>\n<ul>\n<li style=\"text-align: center;\">Hauteur : 221 cm<\/li>\n<li style=\"text-align: center;\">Diam\u00e8tre : 35 cm<\/li>\n<\/ul>\n","protected":false},"featured_media":90181,"template":"","meta":{"_seopress_robots_primary_cat":"none","_seopress_titles_title":"","_seopress_titles_desc":"","_seopress_robots_index":"","_seopress_analysis_target_kw":"","content-type":""},"product_brand":[],"product_cat":[72,112,169],"product_tag":[263,282,313,320],"class_list":{"0":"post-90174","1":"product","2":"type-product","3":"status-publish","4":"has-post-thumbnail","6":"product_cat-luminaires","7":"product_cat-murano","8":"product_cat-lampadaires-murano","9":"product_tag-xxe-siecle","10":"product_tag-or","11":"product_tag-laiton","12":"product_tag-vintage","14":"first","15":"outofstock","16":"shipping-taxable","17":"purchasable","18":"product-type-simple","19":"add-to-wishlist-after_add_to_cart"},"_links":{"self":[{"href":"https:\/\/pipat-antiquites.fr\/fr\/wp-json\/wp\/v2\/product\/90174","targetHints":{"allow":["GET"]}}],"collection":[{"href":"https:\/\/pipat-antiquites.fr\/fr\/wp-json\/wp\/v2\/product"}],"about":[{"href":"https:\/\/pipat-antiquites.fr\/fr\/wp-json\/wp\/v2\/types\/product"}],"wp:featuredmedia":[{"embeddable":true,"href":"https:\/\/pipat-antiquites.fr\/fr\/wp-json\/wp\/v2\/media\/90181"}],"wp:attachment":[{"href":"https:\/\/pipat-antiquites.fr\/fr\/wp-json\/wp\/v2\/media?parent=90174"}],"wp:term":[{"taxonomy":"product_brand","embeddable":true,"href":"https:\/\/pipat-antiquites.fr\/fr\/wp-json\/wp\/v2\/product_brand?post=90174"},{"taxonomy":"product_cat","embeddable":true,"href":"https:\/\/pipat-antiquites.fr\/fr\/wp-json\/wp\/v2\/product_cat?post=90174"},{"taxonomy":"product_tag","embeddable":true,"href":"https:\/\/pipat-antiquites.fr\/fr\/wp-json\/wp\/v2\/product_tag?post=90174"}],"curies":[{"name":"wp","href":"https:\/\/api.w.org\/{rel}","templated":true}]}}