{"id":90170,"date":"2019-02-05T17:22:17","date_gmt":"2019-02-05T16:22:17","guid":{"rendered":"https:\/\/pipat-antiquites.fr\/?post_type=product&#038;p=90170"},"modified":"2022-07-29T16:41:55","modified_gmt":"2022-07-29T14:41:55","slug":"paire-de-cloisonnes-chinois-xix-19-siecle-2","status":"publish","type":"product","link":"https:\/\/pipat-antiquites.fr\/fr\/objets\/paire-de-cloisonnes-chinois-xix-19-siecle-2\/","title":{"rendered":"Paire de cloisonn\u00e9s chinois, XIXe si\u00e8cle"},"content":{"rendered":"<div class=\"wpb-content-wrapper\"><p>[vc_row][vc_column column_width_percent=\u00a0\u00bb100&Prime; gutter_size=\u00a0\u00bb3&Prime; override_padding=\u00a0\u00bbyes\u00a0\u00bb column_padding=\u00a0\u00bb3&Prime; overlay_alpha=\u00a0\u00bb50&Prime; shift_x=\u00a0\u00bb0&Prime; shift_y=\u00a0\u00bb0&Prime; shift_y_down=\u00a0\u00bb0&Prime; z_index=\u00a0\u00bb0&Prime; medium_width=\u00a0\u00bb0&Prime; mobile_width=\u00a0\u00bb0&Prime; width=\u00a0\u00bb1\/1&Prime;][vc_custom_heading text_weight=\u00a0\u00bb300&Prime;]Paire de cloisonn\u00e9s chinois, XIXe si\u00e8cle[\/vc_custom_heading][vc_column_text]Cette \u00e9l\u00e9gante paire de vases chinois \u00e9voquent naturellement le travail du laque mais c\u2019est bien la technique du cloisonn\u00e9 qui est utilis\u00e9e ici. Les motifs d\u2019oiseaux et de fleurs \u00e9voquent \u00e0 la fois le printemps et la beaut\u00e9 avec la superbe pivoine ornant chacun des vases. Le long du col et de la base, de d\u00e9licats ornements bleus ceinturent discr\u00e8tement les vases. Dans ces coloris modernes, on ne peut qu\u2019imaginer ces vases dans un int\u00e9rieur chic et ouvert au voyage ![\/vc_column_text][\/vc_column][\/vc_row]<\/p>\n<\/div>","protected":false},"excerpt":{"rendered":"<p style=\"text-align: center;\">M\u00e9tal cloisonn\u00e9, parfait \u00e9tat.<\/p>\n<ul>\n<li style=\"text-align: center;\">Hauteur : 37 cm<\/li>\n<li style=\"text-align: center;\">Diam\u00e8tre : 16 cm<\/li>\n<\/ul>\n","protected":false},"featured_media":90169,"template":"","meta":{"_seopress_robots_primary_cat":"none","_seopress_titles_title":"","_seopress_titles_desc":"","_seopress_robots_index":"","content-type":""},"product_brand":[],"product_cat":[76,114,319],"product_tag":[252,257,271,304],"class_list":{"0":"post-90170","1":"product","2":"type-product","3":"status-publish","4":"has-post-thumbnail","6":"product_cat-objets","7":"product_cat-arts-decoratifs","8":"product_cat-vases","9":"product_tag-xixe-siecle","10":"product_tag-art-dasie","11":"product_tag-noir","12":"product_tag-metal-cloisonne","13":"product_shipping_class-niveau-5","15":"first","16":"outofstock","17":"shipping-taxable","18":"purchasable","19":"product-type-simple","20":"add-to-wishlist-after_add_to_cart"},"_links":{"self":[{"href":"https:\/\/pipat-antiquites.fr\/fr\/wp-json\/wp\/v2\/product\/90170","targetHints":{"allow":["GET"]}}],"collection":[{"href":"https:\/\/pipat-antiquites.fr\/fr\/wp-json\/wp\/v2\/product"}],"about":[{"href":"https:\/\/pipat-antiquites.fr\/fr\/wp-json\/wp\/v2\/types\/product"}],"wp:featuredmedia":[{"embeddable":true,"href":"https:\/\/pipat-antiquites.fr\/fr\/wp-json\/wp\/v2\/media\/90169"}],"wp:attachment":[{"href":"https:\/\/pipat-antiquites.fr\/fr\/wp-json\/wp\/v2\/media?parent=90170"}],"wp:term":[{"taxonomy":"product_brand","embeddable":true,"href":"https:\/\/pipat-antiquites.fr\/fr\/wp-json\/wp\/v2\/product_brand?post=90170"},{"taxonomy":"product_cat","embeddable":true,"href":"https:\/\/pipat-antiquites.fr\/fr\/wp-json\/wp\/v2\/product_cat?post=90170"},{"taxonomy":"product_tag","embeddable":true,"href":"https:\/\/pipat-antiquites.fr\/fr\/wp-json\/wp\/v2\/product_tag?post=90170"}],"curies":[{"name":"wp","href":"https:\/\/api.w.org\/{rel}","templated":true}]}}