{"id":89474,"date":"2017-01-21T09:05:01","date_gmt":"2017-01-21T08:05:01","guid":{"rendered":"https:\/\/pipat-antiquites.fr\/?post_type=product&#038;p=89474"},"modified":"2022-11-03T18:28:26","modified_gmt":"2022-11-03T17:28:26","slug":"commode-peinte-louis-xv-xviii-siecle","status":"publish","type":"product","link":"https:\/\/pipat-antiquites.fr\/fr\/objets\/commode-peinte-louis-xv-xviii-siecle\/","title":{"rendered":"Commode peinte, XVIIIe si\u00e8cle"},"content":{"rendered":"<div class=\"wpb-content-wrapper\"><p>[vc_row][vc_column column_width_percent=\u00a0\u00bb100&Prime; gutter_size=\u00a0\u00bb3&Prime; override_padding=\u00a0\u00bbyes\u00a0\u00bb column_padding=\u00a0\u00bb3&Prime; overlay_alpha=\u00a0\u00bb50&Prime; shift_x=\u00a0\u00bb0&Prime; shift_y=\u00a0\u00bb0&Prime; shift_y_down=\u00a0\u00bb0&Prime; z_index=\u00a0\u00bb0&Prime; medium_width=\u00a0\u00bb0&Prime; mobile_width=\u00a0\u00bb0&Prime; width=\u00a0\u00bb1\/1&Prime;][vc_custom_heading text_weight=\u00a0\u00bb300&Prime;]Commode peinte, XVIIIe si\u00e8cle[\/vc_custom_heading][vc_column_text]Cette superbe et rare commode peinte est faite d\u2019orme et de noyer. Sa forme l\u00e9g\u00e8re renfl\u00e9e est caract\u00e9ristique de la fin du style Louis XV. Ses trois tiroirs sont agr\u00e9ment\u00e9s de belles poign\u00e9es en bronze. Tr\u00e8s rare mod\u00e8le d\u2019un vert profond et \u00e9l\u00e9gant. Pi\u00e8ce de caract\u00e8re \u00e0 l\u2019allure unique, tr\u00e8s belle facture XVIIIe.[\/vc_column_text][\/vc_column][\/vc_row]<\/p>\n<\/div>","protected":false},"excerpt":{"rendered":"<p style=\"text-align: center;\">De style et d&rsquo;\u00e9poque Louis XV. En orme, noyer et bronze dor\u00e9. Tr\u00e8s bon \u00e9tat.<\/p>\n<ul>\n<li style=\"text-align: center;\">Hauteur : 65 cm<\/li>\n<li style=\"text-align: center;\">Largeur : 134 cm<\/li>\n<li style=\"text-align: center;\">Profondeur : 68,5 cm<\/li>\n<\/ul>\n","protected":false},"featured_media":89482,"template":"","meta":{"_seopress_robots_primary_cat":"none","_seopress_titles_title":"","_seopress_titles_desc":"","_seopress_robots_index":"","content-type":""},"product_brand":[],"product_cat":[69,106,131],"product_tag":[161,258,302],"class_list":{"0":"post-89474","1":"product","2":"type-product","3":"status-publish","4":"has-post-thumbnail","6":"product_cat-mobilier","7":"product_cat-meubles","8":"product_cat-commodes","9":"product_tag-xviiie-siecle","10":"product_tag-bois","11":"product_tag-vert","13":"first","14":"outofstock","15":"shipping-taxable","16":"purchasable","17":"product-type-simple","18":"add-to-wishlist-after_add_to_cart"},"_links":{"self":[{"href":"https:\/\/pipat-antiquites.fr\/fr\/wp-json\/wp\/v2\/product\/89474","targetHints":{"allow":["GET"]}}],"collection":[{"href":"https:\/\/pipat-antiquites.fr\/fr\/wp-json\/wp\/v2\/product"}],"about":[{"href":"https:\/\/pipat-antiquites.fr\/fr\/wp-json\/wp\/v2\/types\/product"}],"wp:featuredmedia":[{"embeddable":true,"href":"https:\/\/pipat-antiquites.fr\/fr\/wp-json\/wp\/v2\/media\/89482"}],"wp:attachment":[{"href":"https:\/\/pipat-antiquites.fr\/fr\/wp-json\/wp\/v2\/media?parent=89474"}],"wp:term":[{"taxonomy":"product_brand","embeddable":true,"href":"https:\/\/pipat-antiquites.fr\/fr\/wp-json\/wp\/v2\/product_brand?post=89474"},{"taxonomy":"product_cat","embeddable":true,"href":"https:\/\/pipat-antiquites.fr\/fr\/wp-json\/wp\/v2\/product_cat?post=89474"},{"taxonomy":"product_tag","embeddable":true,"href":"https:\/\/pipat-antiquites.fr\/fr\/wp-json\/wp\/v2\/product_tag?post=89474"}],"curies":[{"name":"wp","href":"https:\/\/api.w.org\/{rel}","templated":true}]}}