{"id":89450,"date":"2021-01-20T15:36:02","date_gmt":"2021-01-20T14:36:02","guid":{"rendered":"https:\/\/pipat-antiquites.fr\/?post_type=product&#038;p=89450"},"modified":"2021-03-25T11:40:51","modified_gmt":"2021-03-25T10:40:51","slug":"centre-de-table-baccarat-xixe-siecle","status":"publish","type":"product","link":"https:\/\/pipat-antiquites.fr\/fr\/objets\/centre-de-table-baccarat-xixe-siecle\/","title":{"rendered":"Centre de table Baccarat, XIXe si\u00e8cle"},"content":{"rendered":"<div class=\"wpb-content-wrapper\"><p>[vc_row][vc_column column_width_percent=\u00a0\u00bb100&Prime; gutter_size=\u00a0\u00bb3&Prime; override_padding=\u00a0\u00bbyes\u00a0\u00bb column_padding=\u00a0\u00bb3&Prime; overlay_alpha=\u00a0\u00bb50&Prime; shift_x=\u00a0\u00bb0&Prime; shift_y=\u00a0\u00bb0&Prime; shift_y_down=\u00a0\u00bb0&Prime; z_index=\u00a0\u00bb0&Prime; medium_width=\u00a0\u00bb0&Prime; mobile_width=\u00a0\u00bb0&Prime; width=\u00a0\u00bb1\/1&Prime;][vc_custom_heading text_weight=\u00a0\u00bb300&Prime;]Centre de table Baccarat, XIXe si\u00e8cle[\/vc_custom_heading][vc_column_text]Cette fastueuse coupe tient le centre de la table avec autant d\u2019\u00e9l\u00e9gance qu\u2019elle le fit au XIXe si\u00e8cle. \u00c0 l\u2019\u00e9poque o\u00f9 l\u2019empire Baccarat conquiert peu \u00e0 peu le monde, notre centre de table remporte avec lui la faveur d\u2019une client\u00e8le aristocratique et bourgeoise. La monture de bronze dor\u00e9 emprunte d\u00e9lib\u00e9r\u00e9ment au style Renaissance que ce milieu de si\u00e8cle red\u00e9couvre avec passion. La coupe et l\u2019entretoise en cristal taill\u00e9 sont d\u2019une sobri\u00e9t\u00e9 propre \u00e0 faire admirer la qualit\u00e9 incomparable de ce mat\u00e9riau exceptionnel. Dorure d\u2019origine. Parfait \u00e9tat.[\/vc_column_text][\/vc_column][\/vc_row]<\/p>\n<\/div>","protected":false},"excerpt":{"rendered":"<p style=\"text-align: center;\">En cristal taill\u00e9 et bronze dor\u00e9, dorure d&rsquo;origine. Maison Baccarat. Parfait \u00e9tat.<\/p>\n<ul>\n<li style=\"text-align: center;\">Hauteur : 22,5 cm<\/li>\n<li style=\"text-align: center;\">Diam\u00e8tre : 23 cm<\/li>\n<\/ul>\n","protected":false},"featured_media":89453,"template":"","meta":{"_seopress_robots_primary_cat":"","_seopress_titles_title":"","_seopress_titles_desc":"","_seopress_robots_index":"","content-type":""},"product_brand":[],"product_cat":[114,119,208,233],"product_tag":[252,274,299],"class_list":{"0":"post-89450","1":"product","2":"type-product","3":"status-publish","4":"has-post-thumbnail","6":"product_cat-arts-decoratifs","7":"product_cat-verrerie-et-cristallerie","8":"product_cat-coupes-vasques-et-cassolettes","9":"product_cat-cristal","10":"product_tag-xixe-siecle","11":"product_tag-bronze-dore","12":"product_tag-cristal","13":"product_shipping_class-niveau-3","15":"first","16":"outofstock","17":"shipping-taxable","18":"purchasable","19":"product-type-simple","20":"add-to-wishlist-after_add_to_cart"},"_links":{"self":[{"href":"https:\/\/pipat-antiquites.fr\/fr\/wp-json\/wp\/v2\/product\/89450","targetHints":{"allow":["GET"]}}],"collection":[{"href":"https:\/\/pipat-antiquites.fr\/fr\/wp-json\/wp\/v2\/product"}],"about":[{"href":"https:\/\/pipat-antiquites.fr\/fr\/wp-json\/wp\/v2\/types\/product"}],"wp:featuredmedia":[{"embeddable":true,"href":"https:\/\/pipat-antiquites.fr\/fr\/wp-json\/wp\/v2\/media\/89453"}],"wp:attachment":[{"href":"https:\/\/pipat-antiquites.fr\/fr\/wp-json\/wp\/v2\/media?parent=89450"}],"wp:term":[{"taxonomy":"product_brand","embeddable":true,"href":"https:\/\/pipat-antiquites.fr\/fr\/wp-json\/wp\/v2\/product_brand?post=89450"},{"taxonomy":"product_cat","embeddable":true,"href":"https:\/\/pipat-antiquites.fr\/fr\/wp-json\/wp\/v2\/product_cat?post=89450"},{"taxonomy":"product_tag","embeddable":true,"href":"https:\/\/pipat-antiquites.fr\/fr\/wp-json\/wp\/v2\/product_tag?post=89450"}],"curies":[{"name":"wp","href":"https:\/\/api.w.org\/{rel}","templated":true}]}}