{"id":89417,"date":"2021-01-19T20:01:32","date_gmt":"2021-01-19T19:01:32","guid":{"rendered":"https:\/\/pipat-antiquites.fr\/?post_type=product&#038;p=89417"},"modified":"2021-01-29T17:14:54","modified_gmt":"2021-01-29T16:14:54","slug":"bronze-de-andor-ruff-1885-1951","status":"publish","type":"product","link":"https:\/\/pipat-antiquites.fr\/fr\/objets\/bronze-de-andor-ruff-1885-1951\/","title":{"rendered":"Bronze de Andor Ruff (1885 &#8211; 1951)"},"content":{"rendered":"<div class=\"wpb-content-wrapper\"><p>[vc_row][vc_column column_width_percent=\u00a0\u00bb100&Prime; gutter_size=\u00a0\u00bb3&Prime; override_padding=\u00a0\u00bbyes\u00a0\u00bb column_padding=\u00a0\u00bb3&Prime; overlay_alpha=\u00a0\u00bb50&Prime; shift_x=\u00a0\u00bb0&Prime; shift_y=\u00a0\u00bb0&Prime; shift_y_down=\u00a0\u00bb0&Prime; z_index=\u00a0\u00bb0&Prime; medium_width=\u00a0\u00bb0&Prime; mobile_width=\u00a0\u00bb0&Prime; width=\u00a0\u00bb1\/1&Prime;][vc_custom_heading text_weight=\u00a0\u00bb300&Prime;]Bronze figurant un travailleur \u00e0 la masse, Andor Ruff (1885 &#8211; 1951)[\/vc_custom_heading][vc_column_text]Bronze patin\u00e9 repr\u00e9sentant un homme travaillant une masse \u00e0 la main. Oeuvre issue du sujet des \u00ab\u00a0travailleurs industriels\u00a0\u00bb initi\u00e9 par Andor Ruff (1885 &#8211; 1951), sculpteur hongrois.[\/vc_column_text][\/vc_column][\/vc_row]<\/p>\n<\/div>","protected":false},"excerpt":{"rendered":"<p style=\"text-align: center;\">Bronze figurant un travailleur \u00e0 la masse, Andor Ruff (1885 &#8211; 1951). Parfait \u00e9tat.<\/p>\n<ul>\n<li style=\"text-align: center;\">Hauteur : 16 m<\/li>\n<li style=\"text-align: center;\">Largeur : 9 cm<\/li>\n<li style=\"text-align: center;\">Profondeur : 5 cm<\/li>\n<\/ul>\n","protected":false},"featured_media":89419,"template":"","meta":{"_seopress_robots_primary_cat":"","_seopress_titles_title":"","_seopress_titles_desc":"","_seopress_robots_index":"","content-type":""},"product_brand":[],"product_cat":[188,77,122],"product_tag":[150,263],"class_list":{"0":"post-89417","1":"product","2":"type-product","3":"status-publish","4":"has-post-thumbnail","6":"product_cat-bronze","7":"product_cat-beaux-arts","8":"product_cat-sculptures","9":"product_tag-bronze","10":"product_tag-xxe-siecle","11":"product_shipping_class-niveau-1","13":"first","14":"instock","15":"shipping-taxable","16":"purchasable","17":"product-type-simple","18":"add-to-wishlist-after_add_to_cart"},"_links":{"self":[{"href":"https:\/\/pipat-antiquites.fr\/fr\/wp-json\/wp\/v2\/product\/89417","targetHints":{"allow":["GET"]}}],"collection":[{"href":"https:\/\/pipat-antiquites.fr\/fr\/wp-json\/wp\/v2\/product"}],"about":[{"href":"https:\/\/pipat-antiquites.fr\/fr\/wp-json\/wp\/v2\/types\/product"}],"wp:featuredmedia":[{"embeddable":true,"href":"https:\/\/pipat-antiquites.fr\/fr\/wp-json\/wp\/v2\/media\/89419"}],"wp:attachment":[{"href":"https:\/\/pipat-antiquites.fr\/fr\/wp-json\/wp\/v2\/media?parent=89417"}],"wp:term":[{"taxonomy":"product_brand","embeddable":true,"href":"https:\/\/pipat-antiquites.fr\/fr\/wp-json\/wp\/v2\/product_brand?post=89417"},{"taxonomy":"product_cat","embeddable":true,"href":"https:\/\/pipat-antiquites.fr\/fr\/wp-json\/wp\/v2\/product_cat?post=89417"},{"taxonomy":"product_tag","embeddable":true,"href":"https:\/\/pipat-antiquites.fr\/fr\/wp-json\/wp\/v2\/product_tag?post=89417"}],"curies":[{"name":"wp","href":"https:\/\/api.w.org\/{rel}","templated":true}]}}