{"id":89386,"date":"2018-01-19T19:46:22","date_gmt":"2018-01-19T18:46:22","guid":{"rendered":"https:\/\/pipat-antiquites.fr\/?post_type=product&#038;p=89386"},"modified":"2023-12-04T09:15:27","modified_gmt":"2023-12-04T08:15:27","slug":"biscuit-ancien-jeune-fille-aux-oiseaux-xx-20-siecle","status":"publish","type":"product","link":"https:\/\/pipat-antiquites.fr\/fr\/objets\/biscuit-ancien-jeune-fille-aux-oiseaux-xx-20-siecle\/","title":{"rendered":"Biscuit \u00ab\u00a0Fille aux oiseaux\u00a0\u00bb, 1902 &#8211; 1904"},"content":{"rendered":"<div class=\"wpb-content-wrapper\"><p>[vc_row][vc_column column_width_percent=\u00a0\u00bb100&Prime; gutter_size=\u00a0\u00bb3&Prime; override_padding=\u00a0\u00bbyes\u00a0\u00bb column_padding=\u00a0\u00bb3&Prime; overlay_alpha=\u00a0\u00bb50&Prime; shift_x=\u00a0\u00bb0&Prime; shift_y=\u00a0\u00bb0&Prime; shift_y_down=\u00a0\u00bb0&Prime; z_index=\u00a0\u00bb0&Prime; medium_width=\u00a0\u00bb0&Prime; mobile_width=\u00a0\u00bb0&Prime; width=\u00a0\u00bb1\/1&Prime;][vc_custom_heading text_weight=\u00a0\u00bb300&Prime;]Biscuit \u00ab Fille aux oiseaux\u00a0\u00bb, 1902 &#8211; 1904.[\/vc_custom_heading][vc_column_text]Ce ravissant biscuit d\u2019une jeune fille nourrissant des oiseaux est en parfait \u00e9tat, sans aucun manque. Marqu\u00e9 sous la base d\u2019un G bleu, il est l&rsquo;\u0153uvre de la Maison Dressel, Kister &amp; Cie \u00e0 Passau (Allemagne) et dat\u00e9 de 1902-1904.<\/p>\n<p>Il s&rsquo;agit d&rsquo;un tr\u00e8s bel objet de d\u00e9coration dont on appr\u00e9ciera la finesse.[\/vc_column_text][\/vc_column][\/vc_row]<\/p>\n<\/div>","protected":false},"excerpt":{"rendered":"<p style=\"text-align: center;\">Biscuit ancien en parfait \u00e9tat. Sign\u00e9 G en bleu sous la base. Dressel, Kister &amp; Cie, Passau (Allemagne) 1902-1904<\/p>\n<ul>\n<li style=\"text-align: center;\">Hauteur : 30 cm<\/li>\n<li style=\"text-align: center;\">Largeur : 16 cm<\/li>\n<li style=\"text-align: center;\">Profondeur : 14,6 cm<\/li>\n<\/ul>\n","protected":false},"featured_media":89394,"template":"","meta":{"_seopress_robots_primary_cat":"none","_seopress_titles_title":"","_seopress_titles_desc":"","_seopress_robots_index":"","content-type":""},"product_brand":[],"product_cat":[76,116,222],"product_tag":[263,266],"class_list":{"0":"post-89386","1":"product","2":"type-product","3":"status-publish","4":"has-post-thumbnail","6":"product_cat-objets","7":"product_cat-porcelaine","8":"product_cat-groupes-et-figures-en-biscuit","9":"product_tag-xxe-siecle","10":"product_tag-blanc","11":"product_shipping_class-niveau-2","13":"first","14":"outofstock","15":"shipping-taxable","16":"purchasable","17":"product-type-simple","18":"add-to-wishlist-after_add_to_cart"},"_links":{"self":[{"href":"https:\/\/pipat-antiquites.fr\/fr\/wp-json\/wp\/v2\/product\/89386","targetHints":{"allow":["GET"]}}],"collection":[{"href":"https:\/\/pipat-antiquites.fr\/fr\/wp-json\/wp\/v2\/product"}],"about":[{"href":"https:\/\/pipat-antiquites.fr\/fr\/wp-json\/wp\/v2\/types\/product"}],"wp:featuredmedia":[{"embeddable":true,"href":"https:\/\/pipat-antiquites.fr\/fr\/wp-json\/wp\/v2\/media\/89394"}],"wp:attachment":[{"href":"https:\/\/pipat-antiquites.fr\/fr\/wp-json\/wp\/v2\/media?parent=89386"}],"wp:term":[{"taxonomy":"product_brand","embeddable":true,"href":"https:\/\/pipat-antiquites.fr\/fr\/wp-json\/wp\/v2\/product_brand?post=89386"},{"taxonomy":"product_cat","embeddable":true,"href":"https:\/\/pipat-antiquites.fr\/fr\/wp-json\/wp\/v2\/product_cat?post=89386"},{"taxonomy":"product_tag","embeddable":true,"href":"https:\/\/pipat-antiquites.fr\/fr\/wp-json\/wp\/v2\/product_tag?post=89386"}],"curies":[{"name":"wp","href":"https:\/\/api.w.org\/{rel}","templated":true}]}}