{"id":89269,"date":"2021-01-18T11:38:46","date_gmt":"2021-01-18T10:38:46","guid":{"rendered":"https:\/\/pipat-antiquites.fr\/?post_type=product&#038;p=89269"},"modified":"2025-06-18T11:44:52","modified_gmt":"2025-06-18T09:44:52","slug":"buste-en-terre-cuite-sculpture-classique","status":"publish","type":"product","link":"https:\/\/pipat-antiquites.fr\/fr\/objets\/buste-en-terre-cuite-sculpture-classique\/","title":{"rendered":"Buste en terre cuite, XXe si\u00e8cle"},"content":{"rendered":"<div class=\"wpb-content-wrapper\"><p>[vc_row][vc_column column_width_percent=\u00a0\u00bb100&Prime; gutter_size=\u00a0\u00bb3&Prime; override_padding=\u00a0\u00bbyes\u00a0\u00bb column_padding=\u00a0\u00bb3&Prime; overlay_alpha=\u00a0\u00bb50&Prime; shift_x=\u00a0\u00bb0&Prime; shift_y=\u00a0\u00bb0&Prime; shift_y_down=\u00a0\u00bb0&Prime; z_index=\u00a0\u00bb0&Prime; medium_width=\u00a0\u00bb0&Prime; mobile_width=\u00a0\u00bb0&Prime; width=\u00a0\u00bb1\/1&Prime;][vc_custom_heading text_weight=\u00a0\u00bb300&Prime;]Buste en terre cuite, XXe si\u00e8cle[\/vc_custom_heading][vc_column_text]Dans le go\u00fbt des \u00e9tudes sculpt\u00e9es des ateliers classiques, ce joli buste masculin en terre cuite moul\u00e9e en tr\u00e8s bon \u00e9tat est un bel objet de d\u00e9coration rappelant le style antique.[\/vc_column_text][\/vc_column][\/vc_row]<\/p>\n<\/div>","protected":false},"excerpt":{"rendered":"<p style=\"text-align: center;\">En terre cuite moul\u00e9e. Tr\u00e8s bon \u00e9tat.<\/p>\n<ul>\n<li style=\"text-align: center;\">Hauteur\u00a0: 38 cm<\/li>\n<li style=\"text-align: center;\">Largeur\u00a0: 20 cm<\/li>\n<li style=\"text-align: center;\">Profondeur\u00a0: 11 cm<\/li>\n<\/ul>\n","protected":false},"featured_media":89274,"template":"","meta":{"_seopress_robots_primary_cat":"none","_seopress_titles_title":"","_seopress_titles_desc":"","_seopress_robots_index":"","content-type":""},"product_brand":[],"product_cat":[77,122,191],"product_tag":[263,293],"class_list":{"0":"post-89269","1":"product","2":"type-product","3":"status-publish","4":"has-post-thumbnail","6":"product_cat-beaux-arts","7":"product_cat-sculptures","8":"product_cat-terre-cuite","9":"product_tag-xxe-siecle","10":"product_tag-terre-cuite","11":"product_shipping_class-niveau-1","13":"first","14":"outofstock","15":"shipping-taxable","16":"purchasable","17":"product-type-simple","18":"add-to-wishlist-after_add_to_cart"},"_links":{"self":[{"href":"https:\/\/pipat-antiquites.fr\/fr\/wp-json\/wp\/v2\/product\/89269","targetHints":{"allow":["GET"]}}],"collection":[{"href":"https:\/\/pipat-antiquites.fr\/fr\/wp-json\/wp\/v2\/product"}],"about":[{"href":"https:\/\/pipat-antiquites.fr\/fr\/wp-json\/wp\/v2\/types\/product"}],"wp:featuredmedia":[{"embeddable":true,"href":"https:\/\/pipat-antiquites.fr\/fr\/wp-json\/wp\/v2\/media\/89274"}],"wp:attachment":[{"href":"https:\/\/pipat-antiquites.fr\/fr\/wp-json\/wp\/v2\/media?parent=89269"}],"wp:term":[{"taxonomy":"product_brand","embeddable":true,"href":"https:\/\/pipat-antiquites.fr\/fr\/wp-json\/wp\/v2\/product_brand?post=89269"},{"taxonomy":"product_cat","embeddable":true,"href":"https:\/\/pipat-antiquites.fr\/fr\/wp-json\/wp\/v2\/product_cat?post=89269"},{"taxonomy":"product_tag","embeddable":true,"href":"https:\/\/pipat-antiquites.fr\/fr\/wp-json\/wp\/v2\/product_tag?post=89269"}],"curies":[{"name":"wp","href":"https:\/\/api.w.org\/{rel}","templated":true}]}}