{"id":89255,"date":"2021-01-18T11:32:18","date_gmt":"2021-01-18T10:32:18","guid":{"rendered":"https:\/\/pipat-antiquites.fr\/?post_type=product&#038;p=89255"},"modified":"2021-01-29T17:25:12","modified_gmt":"2021-01-29T16:25:12","slug":"buste-de-moliere-ancien","status":"publish","type":"product","link":"https:\/\/pipat-antiquites.fr\/fr\/objets\/buste-de-moliere-ancien\/","title":{"rendered":"Buste de Moli\u00e8re, XIXe si\u00e8cle"},"content":{"rendered":"<div class=\"wpb-content-wrapper\"><p>[vc_row][vc_column column_width_percent=\u00a0\u00bb100&Prime; gutter_size=\u00a0\u00bb3&Prime; override_padding=\u00a0\u00bbyes\u00a0\u00bb column_padding=\u00a0\u00bb3&Prime; overlay_alpha=\u00a0\u00bb50&Prime; shift_x=\u00a0\u00bb0&Prime; shift_y=\u00a0\u00bb0&Prime; shift_y_down=\u00a0\u00bb0&Prime; z_index=\u00a0\u00bb0&Prime; medium_width=\u00a0\u00bb0&Prime; mobile_width=\u00a0\u00bb0&Prime; width=\u00a0\u00bb1\/1&Prime;][vc_custom_heading text_weight=\u00a0\u00bb300&Prime;]Buste de Moli\u00e8re, XIXe si\u00e8cle[\/vc_custom_heading][vc_column_text]En pl\u00e2tre patin\u00e9 ce buste poss\u00e8de des traits bien familiers\u2026 Ce ne sont autre que ceux de Moli\u00e8re, le fameux homme de th\u00e9\u00e2tre qui enchanta Louis XIV ! Un buste ravissant en tr\u00e8s bon \u00e9tat qui s\u00e9duira sans aucun doute les amateurs de th\u00e9\u00e2tre fran\u00e7ais classique.[\/vc_column_text][\/vc_column][\/vc_row]<\/p>\n<\/div>","protected":false},"excerpt":{"rendered":"<p style=\"text-align: center;\">En pl\u00e2tre patin\u00e9. Tr\u00e8s bon \u00e9tat.<\/p>\n<ul>\n<li style=\"text-align: center;\">Hauteur : 37 cm<\/li>\n<li style=\"text-align: center;\">Largeur : 27 cm<\/li>\n<li style=\"text-align: center;\">Profondeur : environ 15 cm<\/li>\n<\/ul>\n","protected":false},"featured_media":89258,"template":"","meta":{"_seopress_robots_primary_cat":"","_seopress_titles_title":"","_seopress_titles_desc":"","_seopress_robots_index":"","content-type":""},"product_brand":[],"product_cat":[77,122,193],"product_tag":[297,252],"class_list":{"0":"post-89255","1":"product","2":"type-product","3":"status-publish","4":"has-post-thumbnail","6":"product_cat-beaux-arts","7":"product_cat-sculptures","8":"product_cat-autres-materiaux-sculpture","9":"product_tag-platre","10":"product_tag-xixe-siecle","11":"product_shipping_class-niveau-3","13":"first","14":"instock","15":"shipping-taxable","16":"purchasable","17":"product-type-simple","18":"add-to-wishlist-after_add_to_cart"},"_links":{"self":[{"href":"https:\/\/pipat-antiquites.fr\/fr\/wp-json\/wp\/v2\/product\/89255","targetHints":{"allow":["GET"]}}],"collection":[{"href":"https:\/\/pipat-antiquites.fr\/fr\/wp-json\/wp\/v2\/product"}],"about":[{"href":"https:\/\/pipat-antiquites.fr\/fr\/wp-json\/wp\/v2\/types\/product"}],"wp:featuredmedia":[{"embeddable":true,"href":"https:\/\/pipat-antiquites.fr\/fr\/wp-json\/wp\/v2\/media\/89258"}],"wp:attachment":[{"href":"https:\/\/pipat-antiquites.fr\/fr\/wp-json\/wp\/v2\/media?parent=89255"}],"wp:term":[{"taxonomy":"product_brand","embeddable":true,"href":"https:\/\/pipat-antiquites.fr\/fr\/wp-json\/wp\/v2\/product_brand?post=89255"},{"taxonomy":"product_cat","embeddable":true,"href":"https:\/\/pipat-antiquites.fr\/fr\/wp-json\/wp\/v2\/product_cat?post=89255"},{"taxonomy":"product_tag","embeddable":true,"href":"https:\/\/pipat-antiquites.fr\/fr\/wp-json\/wp\/v2\/product_tag?post=89255"}],"curies":[{"name":"wp","href":"https:\/\/api.w.org\/{rel}","templated":true}]}}