{"id":89250,"date":"2018-01-15T16:55:33","date_gmt":"2018-01-15T15:55:33","guid":{"rendered":"https:\/\/pipat-antiquites.fr\/?post_type=product&#038;p=89250"},"modified":"2023-04-12T10:19:56","modified_gmt":"2023-04-12T08:19:56","slug":"gourde-oeuf-autruche-afrique-du-nord","status":"publish","type":"product","link":"https:\/\/pipat-antiquites.fr\/fr\/objets\/gourde-oeuf-autruche-afrique-du-nord\/","title":{"rendered":"Gourde triple, Afrique du Nord, XXe si\u00e8cle"},"content":{"rendered":"<div class=\"wpb-content-wrapper\"><p>[vc_row][vc_column column_width_percent=\u00a0\u00bb100&Prime; gutter_size=\u00a0\u00bb3&Prime; override_padding=\u00a0\u00bbyes\u00a0\u00bb column_padding=\u00a0\u00bb3&Prime; overlay_alpha=\u00a0\u00bb50&Prime; shift_x=\u00a0\u00bb0&Prime; shift_y=\u00a0\u00bb0&Prime; shift_y_down=\u00a0\u00bb0&Prime; z_index=\u00a0\u00bb0&Prime; medium_width=\u00a0\u00bb0&Prime; mobile_width=\u00a0\u00bb0&Prime; width=\u00a0\u00bb1\/1&Prime;][vc_custom_heading text_weight=\u00a0\u00bb300&Prime;]Gourde triple, Afrique du Nord, XXe si\u00e8cle[\/vc_custom_heading][vc_column_text]Trois \u0153ufs d\u2019autruche sont ici mont\u00e9s en gourde \u00e0 encolure et bouchon en fibres tress\u00e9es. L\u2019ensemble est maintenu par des lani\u00e8res de cuir. Notre gourde triple fait figure de raret\u00e9 quand la plupart de celles connues sont simples. Probablement, la n\u00f4tre fut con\u00e7ue dans la perspective d\u2019un d\u00e9placement long et \/ ou group\u00e9.[\/vc_column_text][\/vc_column][\/vc_row]<\/p>\n<\/div>","protected":false},"excerpt":{"rendered":"<p style=\"text-align: center;\">\u0152ufs d&rsquo;autruche, fibres v\u00e9g\u00e9tales et cuir. La gourde est munie de son capuchon. Tr\u00e8s bon \u00e9tat.<\/p>\n<ul>\n<li style=\"text-align: center;\">Hauteur : 26 cm<\/li>\n<li style=\"text-align: center;\">Largeur : 34 cm<\/li>\n<li style=\"text-align: center;\">Profondeur : 34 cm<\/li>\n<\/ul>\n","protected":false},"featured_media":89251,"template":"","meta":{"_seopress_robots_primary_cat":"none","_seopress_titles_title":"","_seopress_titles_desc":"","_seopress_robots_index":"","content-type":""},"product_brand":[],"product_cat":[231,76,118,228],"product_tag":[263,295,296],"class_list":{"0":"post-89250","1":"product","2":"type-product","3":"status-publish","4":"has-post-thumbnail","6":"product_cat-objets-de-curiosite","7":"product_cat-objets","8":"product_cat-objets-de-collection","9":"product_cat-art-populaire","10":"product_tag-xxe-siecle","11":"product_tag-cuir","12":"product_tag-art-dafrique","13":"product_shipping_class-niveau-2","15":"first","16":"outofstock","17":"shipping-taxable","18":"purchasable","19":"product-type-simple","20":"add-to-wishlist-after_add_to_cart"},"_links":{"self":[{"href":"https:\/\/pipat-antiquites.fr\/fr\/wp-json\/wp\/v2\/product\/89250","targetHints":{"allow":["GET"]}}],"collection":[{"href":"https:\/\/pipat-antiquites.fr\/fr\/wp-json\/wp\/v2\/product"}],"about":[{"href":"https:\/\/pipat-antiquites.fr\/fr\/wp-json\/wp\/v2\/types\/product"}],"wp:featuredmedia":[{"embeddable":true,"href":"https:\/\/pipat-antiquites.fr\/fr\/wp-json\/wp\/v2\/media\/89251"}],"wp:attachment":[{"href":"https:\/\/pipat-antiquites.fr\/fr\/wp-json\/wp\/v2\/media?parent=89250"}],"wp:term":[{"taxonomy":"product_brand","embeddable":true,"href":"https:\/\/pipat-antiquites.fr\/fr\/wp-json\/wp\/v2\/product_brand?post=89250"},{"taxonomy":"product_cat","embeddable":true,"href":"https:\/\/pipat-antiquites.fr\/fr\/wp-json\/wp\/v2\/product_cat?post=89250"},{"taxonomy":"product_tag","embeddable":true,"href":"https:\/\/pipat-antiquites.fr\/fr\/wp-json\/wp\/v2\/product_tag?post=89250"}],"curies":[{"name":"wp","href":"https:\/\/api.w.org\/{rel}","templated":true}]}}