{"id":89181,"date":"2021-01-11T10:21:10","date_gmt":"2021-01-11T09:21:10","guid":{"rendered":"https:\/\/pipat-antiquites.fr\/?post_type=product&#038;p=89181"},"modified":"2021-01-29T20:32:23","modified_gmt":"2021-01-29T19:32:23","slug":"flambeau-bougeoir-empire-xix-19-siecle","status":"publish","type":"product","link":"https:\/\/pipat-antiquites.fr\/fr\/objets\/flambeau-bougeoir-empire-xix-19-siecle\/","title":{"rendered":"Paire De Bougeoirs Empire, XIXe Si\u00e8cle"},"content":{"rendered":"<div class=\"wpb-content-wrapper\"><p>[vc_row][vc_column column_width_percent=\u00a0\u00bb100&Prime; gutter_size=\u00a0\u00bb3&Prime; override_padding=\u00a0\u00bbyes\u00a0\u00bb column_padding=\u00a0\u00bb3&Prime; overlay_alpha=\u00a0\u00bb50&Prime; shift_x=\u00a0\u00bb0&Prime; shift_y=\u00a0\u00bb0&Prime; shift_y_down=\u00a0\u00bb0&Prime; z_index=\u00a0\u00bb0&Prime; medium_width=\u00a0\u00bb0&Prime; mobile_width=\u00a0\u00bb0&Prime; width=\u00a0\u00bb1\/1&Prime;][vc_custom_heading text_weight=\u00a0\u00bb300&Prime;]Paire De Bougeoirs Empire, XIXe Si\u00e8cle[\/vc_custom_heading][vc_column_text]Cette paire de bougeoirs en bronze patin\u00e9 et bronze dor\u00e9 est dat\u00e9e d\u2019\u00e9poque XIXe si\u00e8cle et ses motifs ne laissent aucun doute \u00e0 ce sujet ! Les bob\u00e8ches sont d\u00e9cor\u00e9es d\u2019une frise de raies de c\u0153urs et les binets sont d\u00e9cor\u00e9s de feuilles d\u2019acanthe cisel\u00e9es.<\/p>\n<p>Chaque f\u00fbt est cannel\u00e9 et orn\u00e9 d\u2019une couronne feuillag\u00e9e en bronze dor\u00e9 tandis que sa partie inf\u00e9rieure est d\u00e9cor\u00e9e d\u2019une bague de motifs \u00e9gyptisants, le tout reposant sur de puissants pieds tripodes en griffes de lion.[\/vc_column_text][\/vc_column][\/vc_row]<\/p>\n<\/div>","protected":false},"excerpt":{"rendered":"<p style=\"text-align: center;\">Bronze patin\u00e9 et bronze dor\u00e9. Style Retour d&rsquo;\u00c9gypte. Parfait \u00e9tat.<\/p>\n<ul>\n<li style=\"text-align: center;\">Hauteur : 32 cm<\/li>\n<li style=\"text-align: center;\">Largeur : 13,5 cm<\/li>\n<li style=\"text-align: center;\">Profondeur : 11 cm<\/li>\n<\/ul>\n","protected":false},"featured_media":89183,"template":"","meta":{"_seopress_robots_primary_cat":"","_seopress_titles_title":"","_seopress_titles_desc":"","_seopress_robots_index":"","content-type":""},"product_brand":[],"product_cat":[72,124,172],"product_tag":[150,252,274],"class_list":{"0":"post-89181","1":"product","2":"type-product","3":"status-publish","4":"has-post-thumbnail","6":"product_cat-luminaires","7":"product_cat-luminaires-anciens","8":"product_cat-bougeoirs-et-flambeaux","9":"product_tag-bronze","10":"product_tag-xixe-siecle","11":"product_tag-bronze-dore","12":"product_shipping_class-niveau-2","14":"first","15":"instock","16":"shipping-taxable","17":"purchasable","18":"product-type-simple","19":"add-to-wishlist-after_add_to_cart"},"_links":{"self":[{"href":"https:\/\/pipat-antiquites.fr\/fr\/wp-json\/wp\/v2\/product\/89181","targetHints":{"allow":["GET"]}}],"collection":[{"href":"https:\/\/pipat-antiquites.fr\/fr\/wp-json\/wp\/v2\/product"}],"about":[{"href":"https:\/\/pipat-antiquites.fr\/fr\/wp-json\/wp\/v2\/types\/product"}],"wp:featuredmedia":[{"embeddable":true,"href":"https:\/\/pipat-antiquites.fr\/fr\/wp-json\/wp\/v2\/media\/89183"}],"wp:attachment":[{"href":"https:\/\/pipat-antiquites.fr\/fr\/wp-json\/wp\/v2\/media?parent=89181"}],"wp:term":[{"taxonomy":"product_brand","embeddable":true,"href":"https:\/\/pipat-antiquites.fr\/fr\/wp-json\/wp\/v2\/product_brand?post=89181"},{"taxonomy":"product_cat","embeddable":true,"href":"https:\/\/pipat-antiquites.fr\/fr\/wp-json\/wp\/v2\/product_cat?post=89181"},{"taxonomy":"product_tag","embeddable":true,"href":"https:\/\/pipat-antiquites.fr\/fr\/wp-json\/wp\/v2\/product_tag?post=89181"}],"curies":[{"name":"wp","href":"https:\/\/api.w.org\/{rel}","templated":true}]}}