{"id":88873,"date":"2020-12-31T10:12:15","date_gmt":"2020-12-31T09:12:15","guid":{"rendered":"https:\/\/pipat-antiquites.fr\/?post_type=product&#038;p=88873"},"modified":"2025-02-01T10:49:26","modified_gmt":"2025-02-01T09:49:26","slug":"vases-cloisonnes-chinois-metal-chine","status":"publish","type":"product","link":"https:\/\/pipat-antiquites.fr\/fr\/objets\/vases-cloisonnes-chinois-metal-chine\/","title":{"rendered":"Paire de cloisonn\u00e9s chinois, fin XIXe \/ d\u00e9but XXe"},"content":{"rendered":"<div class=\"wpb-content-wrapper\"><p>[vc_row][vc_column column_width_percent=\u00a0\u00bb100&Prime; gutter_size=\u00a0\u00bb3&Prime; override_padding=\u00a0\u00bbyes\u00a0\u00bb column_padding=\u00a0\u00bb3&Prime; overlay_alpha=\u00a0\u00bb50&Prime; shift_x=\u00a0\u00bb0&Prime; shift_y=\u00a0\u00bb0&Prime; shift_y_down=\u00a0\u00bb0&Prime; z_index=\u00a0\u00bb0&Prime; medium_width=\u00a0\u00bb0&Prime; mobile_width=\u00a0\u00bb0&Prime; width=\u00a0\u00bb1\/1&Prime;][vc_custom_heading text_weight=\u00a0\u00bb300&Prime;]Paire de cloisonn\u00e9s chinois, fin XIXe \/ d\u00e9but XXe<span class=\"Apple-converted-space\">\u00a0<\/span>[\/vc_custom_heading][vc_column_text]Technique traditionnelle, le cloisonn\u00e9 offre une large gamme de possibilit\u00e9 dont le sens chromatique des artisans chinois a su s\u2019emparer pour la porter \u00e0 une tr\u00e8s haute ma\u00eetrise. Les fonds bleus sont les plus courants et on admirera ici le parti-pris d\u2019un fond noir orn\u00e9 de deux dragons color\u00e9s s\u2019affrontant sur toute la panse des vases.[\/vc_column_text][\/vc_column][\/vc_row]<\/p>\n<\/div>","protected":false},"excerpt":{"rendered":"<p style=\"text-align: center;\">Vases chinois en m\u00e9tal cloisonn\u00e9. Tr\u00e8s bon \u00e9tat.<\/p>\n<ul>\n<li style=\"text-align: center;\">Hauteur\u00a0: 23 cm<\/li>\n<li style=\"text-align: center;\">Diam\u00e8tre\u00a0: environ 14 cm<\/li>\n<\/ul>\n","protected":false},"featured_media":88878,"template":"","meta":{"_seopress_robots_primary_cat":"none","_seopress_titles_title":"","_seopress_titles_desc":"","_seopress_robots_index":"","content-type":""},"product_brand":[],"product_cat":[76,114],"product_tag":[252,257,259,271,279],"class_list":{"0":"post-88873","1":"product","2":"type-product","3":"status-publish","4":"has-post-thumbnail","6":"product_cat-objets","7":"product_cat-arts-decoratifs","8":"product_tag-xixe-siecle","9":"product_tag-art-dasie","10":"product_tag-chine","11":"product_tag-noir","12":"product_tag-metal","13":"product_shipping_class-niveau-2","15":"first","16":"instock","17":"shipping-taxable","18":"purchasable","19":"product-type-simple","20":"add-to-wishlist-after_add_to_cart"},"_links":{"self":[{"href":"https:\/\/pipat-antiquites.fr\/fr\/wp-json\/wp\/v2\/product\/88873","targetHints":{"allow":["GET"]}}],"collection":[{"href":"https:\/\/pipat-antiquites.fr\/fr\/wp-json\/wp\/v2\/product"}],"about":[{"href":"https:\/\/pipat-antiquites.fr\/fr\/wp-json\/wp\/v2\/types\/product"}],"wp:featuredmedia":[{"embeddable":true,"href":"https:\/\/pipat-antiquites.fr\/fr\/wp-json\/wp\/v2\/media\/88878"}],"wp:attachment":[{"href":"https:\/\/pipat-antiquites.fr\/fr\/wp-json\/wp\/v2\/media?parent=88873"}],"wp:term":[{"taxonomy":"product_brand","embeddable":true,"href":"https:\/\/pipat-antiquites.fr\/fr\/wp-json\/wp\/v2\/product_brand?post=88873"},{"taxonomy":"product_cat","embeddable":true,"href":"https:\/\/pipat-antiquites.fr\/fr\/wp-json\/wp\/v2\/product_cat?post=88873"},{"taxonomy":"product_tag","embeddable":true,"href":"https:\/\/pipat-antiquites.fr\/fr\/wp-json\/wp\/v2\/product_tag?post=88873"}],"curies":[{"name":"wp","href":"https:\/\/api.w.org\/{rel}","templated":true}]}}