{"id":88816,"date":"2020-12-24T11:39:14","date_gmt":"2020-12-24T10:39:14","guid":{"rendered":"https:\/\/pipat-antiquites.fr\/?post_type=product&#038;p=88816"},"modified":"2021-01-29T20:53:19","modified_gmt":"2021-01-29T19:53:19","slug":"chandelier-candelabres-bronze-xixe-siecle","status":"publish","type":"product","link":"https:\/\/pipat-antiquites.fr\/fr\/objets\/chandelier-candelabres-bronze-xixe-siecle\/","title":{"rendered":"Paire de cand\u00e9labres, XIXe si\u00e8cle"},"content":{"rendered":"<div class=\"wpb-content-wrapper\"><p>[vc_row][vc_column column_width_percent=\u00a0\u00bb100&Prime; gutter_size=\u00a0\u00bb3&Prime; override_padding=\u00a0\u00bbyes\u00a0\u00bb column_padding=\u00a0\u00bb3&Prime; overlay_alpha=\u00a0\u00bb50&Prime; shift_x=\u00a0\u00bb0&Prime; shift_y=\u00a0\u00bb0&Prime; shift_y_down=\u00a0\u00bb0&Prime; z_index=\u00a0\u00bb0&Prime; medium_width=\u00a0\u00bb0&Prime; mobile_width=\u00a0\u00bb0&Prime; width=\u00a0\u00bb1\/1&Prime;][vc_custom_heading text_weight=\u00a0\u00bb300&Prime;]Paire de cand\u00e9labres, XIXe si\u00e8cle[\/vc_custom_heading][vc_column_text]Avec ses six lumi\u00e8res dont il faut imaginer les reflets dans le bronze patin\u00e9 et dor\u00e9, chaque cand\u00e9labre est d\u2019une \u00e9l\u00e9gance recherch\u00e9e. Les bras d\u00e9licatement cisel\u00e9s et feuillag\u00e9s reposent un long f\u00fbt finement godronn\u00e9, ancr\u00e9 sur un socle en marbre par des puissantes pattes de lion. L\u2019ensemble empruntant bien entendu au style Empire est en parfait \u00e9tat.[\/vc_column_text][\/vc_column][\/vc_row]<\/p>\n<\/div>","protected":false},"excerpt":{"rendered":"<p style=\"text-align: center;\">Chaque cand\u00e9labre en bronze patin\u00e9 et dor\u00e9 offre six lumi\u00e8res. Socle en marbre. Parfait \u00e9tat.<\/p>\n<ul>\n<li style=\"text-align: center;\">Hauteur : 71 cm<\/li>\n<li style=\"text-align: center;\">Largeur : 26,5 cm<\/li>\n<li style=\"text-align: center;\">Profondeur : 17 cm<\/li>\n<\/ul>\n","protected":false},"featured_media":88827,"template":"","meta":{"_seopress_robots_primary_cat":"","_seopress_titles_title":"","_seopress_titles_desc":"","_seopress_robots_index":"","content-type":""},"product_brand":[],"product_cat":[173,72,124],"product_tag":[252,274,150],"class_list":{"0":"post-88816","1":"product","2":"type-product","3":"status-publish","4":"has-post-thumbnail","6":"product_cat-chandeliers-et-candelabres","7":"product_cat-luminaires","8":"product_cat-luminaires-anciens","9":"product_tag-xixe-siecle","10":"product_tag-bronze-dore","11":"product_tag-bronze","12":"product_shipping_class-niveau-3","14":"first","15":"instock","16":"featured","17":"shipping-taxable","18":"purchasable","19":"product-type-simple","20":"add-to-wishlist-after_add_to_cart"},"_links":{"self":[{"href":"https:\/\/pipat-antiquites.fr\/fr\/wp-json\/wp\/v2\/product\/88816","targetHints":{"allow":["GET"]}}],"collection":[{"href":"https:\/\/pipat-antiquites.fr\/fr\/wp-json\/wp\/v2\/product"}],"about":[{"href":"https:\/\/pipat-antiquites.fr\/fr\/wp-json\/wp\/v2\/types\/product"}],"wp:featuredmedia":[{"embeddable":true,"href":"https:\/\/pipat-antiquites.fr\/fr\/wp-json\/wp\/v2\/media\/88827"}],"wp:attachment":[{"href":"https:\/\/pipat-antiquites.fr\/fr\/wp-json\/wp\/v2\/media?parent=88816"}],"wp:term":[{"taxonomy":"product_brand","embeddable":true,"href":"https:\/\/pipat-antiquites.fr\/fr\/wp-json\/wp\/v2\/product_brand?post=88816"},{"taxonomy":"product_cat","embeddable":true,"href":"https:\/\/pipat-antiquites.fr\/fr\/wp-json\/wp\/v2\/product_cat?post=88816"},{"taxonomy":"product_tag","embeddable":true,"href":"https:\/\/pipat-antiquites.fr\/fr\/wp-json\/wp\/v2\/product_tag?post=88816"}],"curies":[{"name":"wp","href":"https:\/\/api.w.org\/{rel}","templated":true}]}}