{"id":88812,"date":"2020-12-12T10:52:58","date_gmt":"2020-12-12T09:52:58","guid":{"rendered":"https:\/\/pipat-antiquites.fr\/?post_type=product&#038;p=88812"},"modified":"2021-01-29T20:58:24","modified_gmt":"2021-01-29T19:58:24","slug":"grand-vase-chine-terre-cuite-bleu-blanc-chinois","status":"publish","type":"product","link":"https:\/\/pipat-antiquites.fr\/fr\/objets\/grand-vase-chine-terre-cuite-bleu-blanc-chinois\/","title":{"rendered":"Grand vase en terre cuite verniss\u00e9e, Chine, XIXe si\u00e8cle"},"content":{"rendered":"<div class=\"wpb-content-wrapper\"><p>[vc_row][vc_column column_width_percent=\u00a0\u00bb100&Prime; gutter_size=\u00a0\u00bb3&Prime; override_padding=\u00a0\u00bbyes\u00a0\u00bb column_padding=\u00a0\u00bb3&Prime; overlay_alpha=\u00a0\u00bb50&Prime; shift_x=\u00a0\u00bb0&Prime; shift_y=\u00a0\u00bb0&Prime; shift_y_down=\u00a0\u00bb0&Prime; z_index=\u00a0\u00bb0&Prime; medium_width=\u00a0\u00bb0&Prime; mobile_width=\u00a0\u00bb0&Prime; width=\u00a0\u00bb1\/2&Prime;][vc_custom_heading text_weight=\u00a0\u00bb300&Prime;]Grand vase en terre cuite verniss\u00e9e, Chine, XIXe si\u00e8cle[\/vc_custom_heading][vc_column_text]Ce grand vase \u00e0 forme balustre nous fait parcourir un paysage chinois de la fin du XIXe si\u00e8cle. Sous la couverte bleue, un d\u00e9cor po\u00e9tique ouvre le chemin \u00e0 travers la montagne dans laquelle d\u00e9ambulent des personnages parmi des maisons dispos\u00e9es tout pr\u00e8s d\u2019un lac.<span class=\"Apple-converted-space\">\u00a0<\/span><\/p>\n<p>[\/vc_column_text][\/vc_column][vc_column column_width_percent=\u00a0\u00bb100&Prime; gutter_size=\u00a0\u00bb3&Prime; override_padding=\u00a0\u00bbyes\u00a0\u00bb column_padding=\u00a0\u00bb3&Prime; overlay_alpha=\u00a0\u00bb50&Prime; shift_x=\u00a0\u00bb0&Prime; shift_y=\u00a0\u00bb0&Prime; shift_y_down=\u00a0\u00bb0&Prime; z_index=\u00a0\u00bb0&Prime; medium_width=\u00a0\u00bb0&Prime; mobile_width=\u00a0\u00bb0&Prime; width=\u00a0\u00bb1\/2&Prime;][vc_column_text]Ce d\u00e9cor po\u00e9tique \u00e9voque les shanshui chinois, calligraphies figurant des paysages naturels o\u00f9 sont pr\u00e9sents la roche et l\u2019eau, des motifs toujours appr\u00e9ci\u00e9s sous la dynastie Qing, date \u00e0 laquelle notre vase fut cr\u00e9\u00e9.<\/p>\n<p>Le long du col, notez les ailettes traditionnelles. Quelques sauts notamment un sous la base.[\/vc_column_text][\/vc_column][\/vc_row]<\/p>\n<\/div>","protected":false},"excerpt":{"rendered":"<p style=\"text-align: center;\">Forme balustre \u00e0 d\u00e9cor shanshui (montagne et eau) bleu et blanc. Tr\u00e8s bon \u00e9tat.<\/p>\n<ul>\n<li style=\"text-align: center;\">Hauteur : 57 cm<\/li>\n<li style=\"text-align: center;\">Diam\u00e8tre : environ 29 cm<\/li>\n<\/ul>\n","protected":false},"featured_media":88813,"template":"","meta":{"_seopress_robots_primary_cat":"","_seopress_titles_title":"","_seopress_titles_desc":"","_seopress_robots_index":"","content-type":""},"product_brand":[],"product_cat":[218,76,115],"product_tag":[252,257,265,266],"class_list":{"0":"post-88812","1":"product","2":"type-product","3":"status-publish","4":"has-post-thumbnail","6":"product_cat-ceramiques-et-ceramiques-vernissees","7":"product_cat-objets","8":"product_cat-ceramique","9":"product_tag-xixe-siecle","10":"product_tag-art-dasie","11":"product_tag-bleu","12":"product_tag-blanc","13":"product_shipping_class-niveau-5","15":"first","16":"instock","17":"shipping-taxable","18":"purchasable","19":"product-type-simple","20":"add-to-wishlist-after_add_to_cart"},"_links":{"self":[{"href":"https:\/\/pipat-antiquites.fr\/fr\/wp-json\/wp\/v2\/product\/88812","targetHints":{"allow":["GET"]}}],"collection":[{"href":"https:\/\/pipat-antiquites.fr\/fr\/wp-json\/wp\/v2\/product"}],"about":[{"href":"https:\/\/pipat-antiquites.fr\/fr\/wp-json\/wp\/v2\/types\/product"}],"wp:featuredmedia":[{"embeddable":true,"href":"https:\/\/pipat-antiquites.fr\/fr\/wp-json\/wp\/v2\/media\/88813"}],"wp:attachment":[{"href":"https:\/\/pipat-antiquites.fr\/fr\/wp-json\/wp\/v2\/media?parent=88812"}],"wp:term":[{"taxonomy":"product_brand","embeddable":true,"href":"https:\/\/pipat-antiquites.fr\/fr\/wp-json\/wp\/v2\/product_brand?post=88812"},{"taxonomy":"product_cat","embeddable":true,"href":"https:\/\/pipat-antiquites.fr\/fr\/wp-json\/wp\/v2\/product_cat?post=88812"},{"taxonomy":"product_tag","embeddable":true,"href":"https:\/\/pipat-antiquites.fr\/fr\/wp-json\/wp\/v2\/product_tag?post=88812"}],"curies":[{"name":"wp","href":"https:\/\/api.w.org\/{rel}","templated":true}]}}