{"id":88751,"date":"2020-12-14T17:42:54","date_gmt":"2020-12-14T16:42:54","guid":{"rendered":"https:\/\/pipat-antiquites.fr\/?post_type=product&#038;p=88751"},"modified":"2021-01-29T20:57:42","modified_gmt":"2021-01-29T19:57:42","slug":"coussin-ou-oreiller-chinois-fin-xix-19","status":"publish","type":"product","link":"https:\/\/pipat-antiquites.fr\/fr\/objets\/coussin-ou-oreiller-chinois-fin-xix-19\/","title":{"rendered":"Coussin ou oreiller chinois, fin XIXe"},"content":{"rendered":"<div class=\"wpb-content-wrapper\"><p>[vc_row][vc_column column_width_percent=\u00a0\u00bb100&Prime; gutter_size=\u00a0\u00bb3&Prime; override_padding=\u00a0\u00bbyes\u00a0\u00bb column_padding=\u00a0\u00bb3&Prime; overlay_alpha=\u00a0\u00bb50&Prime; shift_x=\u00a0\u00bb0&Prime; shift_y=\u00a0\u00bb0&Prime; shift_y_down=\u00a0\u00bb0&Prime; z_index=\u00a0\u00bb0&Prime; medium_width=\u00a0\u00bb0&Prime; mobile_width=\u00a0\u00bb0&Prime; width=\u00a0\u00bb1\/1&Prime;][vc_custom_heading text_weight=\u00a0\u00bb300&Prime;]Coussin ou oreiller chinois, fin XIXe[\/vc_custom_heading][vc_row_inner][vc_column_inner width=\u00a0\u00bb1\/2&Prime;][vc_column_text]Traditionnellement rigides, les oreillers chinois ne correspondent pas \u00e0 l\u2019id\u00e9e du confort europ\u00e9en.<\/p>\n<blockquote><p>Souvent faits de toutes sortes de mat\u00e9riaux tels que le bois, le jade, le bronze ou le bambou, les coussins chinois ont de quoi surprendre et d\u00e9router les Occidentaux&#8230;<\/p><\/blockquote>\n<p>[\/vc_column_text][\/vc_column_inner][vc_column_inner width=\u00a0\u00bb1\/2&Prime;][vc_column_text]Leur vocation est avant tout m\u00e9dicale et doit notamment permettre de corriger la posture du dos. Quand ils ne sont pas creus\u00e9s de cavit\u00e9s dans lesquelles on place des plantes et fleurs m\u00e9dicinales, ils sont sculpt\u00e9s dans des blocs de bois pr\u00e9cieux et \/ ou odorif\u00e9rants prodiguant ainsi des \u00ab\u00a0soins\u00a0\u00bb apaisants au dormeur.<\/p>\n<p>Les oreillers rigides chinois perdurent jusqu\u2019au premier quart du XXe si\u00e8cle avant de progressivement dispara\u00eetre au profit des oreillers souples occidentaux.[\/vc_column_text][\/vc_column_inner][\/vc_row_inner][\/vc_column][\/vc_row]<\/p>\n<\/div>","protected":false},"excerpt":{"rendered":"<p style=\"text-align: center;\">Fin XIXe ou tout d\u00e9but du XXe si\u00e8cle. Tr\u00e8s bon \u00e9tat.<\/p>\n<ul>\n<li style=\"text-align: center;\">Hauteur : 22 cm<\/li>\n<li style=\"text-align: center;\">Largeur : 46,5 cm<\/li>\n<li style=\"text-align: center;\">Profondeur : 21 cm<\/li>\n<\/ul>\n","protected":false},"featured_media":88752,"template":"","meta":{"_seopress_robots_primary_cat":"","_seopress_titles_title":"","_seopress_titles_desc":"","_seopress_robots_index":"","content-type":""},"product_brand":[],"product_cat":[76,231],"product_tag":[257,258,259,245,252],"class_list":{"0":"post-88751","1":"product","2":"type-product","3":"status-publish","4":"has-post-thumbnail","6":"product_cat-objets","7":"product_cat-objets-de-curiosite","8":"product_tag-art-dasie","9":"product_tag-bois","10":"product_tag-chine","11":"product_tag-bois-dore","12":"product_tag-xixe-siecle","13":"product_shipping_class-niveau-2","15":"first","16":"instock","17":"shipping-taxable","18":"purchasable","19":"product-type-simple","20":"add-to-wishlist-after_add_to_cart"},"_links":{"self":[{"href":"https:\/\/pipat-antiquites.fr\/fr\/wp-json\/wp\/v2\/product\/88751","targetHints":{"allow":["GET"]}}],"collection":[{"href":"https:\/\/pipat-antiquites.fr\/fr\/wp-json\/wp\/v2\/product"}],"about":[{"href":"https:\/\/pipat-antiquites.fr\/fr\/wp-json\/wp\/v2\/types\/product"}],"wp:featuredmedia":[{"embeddable":true,"href":"https:\/\/pipat-antiquites.fr\/fr\/wp-json\/wp\/v2\/media\/88752"}],"wp:attachment":[{"href":"https:\/\/pipat-antiquites.fr\/fr\/wp-json\/wp\/v2\/media?parent=88751"}],"wp:term":[{"taxonomy":"product_brand","embeddable":true,"href":"https:\/\/pipat-antiquites.fr\/fr\/wp-json\/wp\/v2\/product_brand?post=88751"},{"taxonomy":"product_cat","embeddable":true,"href":"https:\/\/pipat-antiquites.fr\/fr\/wp-json\/wp\/v2\/product_cat?post=88751"},{"taxonomy":"product_tag","embeddable":true,"href":"https:\/\/pipat-antiquites.fr\/fr\/wp-json\/wp\/v2\/product_tag?post=88751"}],"curies":[{"name":"wp","href":"https:\/\/api.w.org\/{rel}","templated":true}]}}