{"id":88741,"date":"2020-12-14T16:15:58","date_gmt":"2020-12-14T15:15:58","guid":{"rendered":"https:\/\/pipat-antiquites.fr\/?post_type=product&#038;p=88741"},"modified":"2021-09-01T11:46:07","modified_gmt":"2021-09-01T09:46:07","slug":"console-italienne-xixe-siecle","status":"publish","type":"product","link":"https:\/\/pipat-antiquites.fr\/fr\/objets\/console-italienne-xixe-siecle\/","title":{"rendered":"Console italienne, XIXe si\u00e8cle"},"content":{"rendered":"<div class=\"wpb-content-wrapper\"><p>[vc_row][vc_column column_width_percent=\u00a0\u00bb100&Prime; gutter_size=\u00a0\u00bb3&Prime; override_padding=\u00a0\u00bbyes\u00a0\u00bb column_padding=\u00a0\u00bb3&Prime; overlay_alpha=\u00a0\u00bb50&Prime; shift_x=\u00a0\u00bb0&Prime; shift_y=\u00a0\u00bb0&Prime; shift_y_down=\u00a0\u00bb0&Prime; z_index=\u00a0\u00bb0&Prime; medium_width=\u00a0\u00bb0&Prime; mobile_width=\u00a0\u00bb0&Prime; width=\u00a0\u00bb1\/1&Prime;][vc_custom_heading text_weight=\u00a0\u00bb300&Prime;]Console italienne, XIXe si\u00e8cle[\/vc_custom_heading][vc_row_inner][vc_column_inner width=\u00a0\u00bb1\/2&Prime;][vc_column_text]Une construction tripartite donne coffre et mouvement \u00e0 cette console aux influences baroques couronn\u00e9e d\u2019un plateau de marbre portor. Les godrons g\u00e9n\u00e9reux de la ceinture s\u2019animent des nuances du palissandre. Quant aux montants, ils donnent tout le sel de ce meuble : opulemment sculpt\u00e9s de feuilles aux enroulements \u00e9nergiques, leurs reflets dans le miroir \u00e9veillent encore davantage l\u2019allure imp\u00e9tueuse de cette console luxueuse, rehauss\u00e9e de son estrade \u00e0 trois niveaux.<span class=\"Apple-converted-space\">\u00a0<\/span>[\/vc_column_text][\/vc_column_inner][vc_column_inner width=\u00a0\u00bb1\/2&Prime;][vc_column_text]<\/p>\n<blockquote><p>Le galbe parfait et l\u2019\u00e9l\u00e9gance rac\u00e9e de cette console signent une provenance italienne dat\u00e9e de la seconde moiti\u00e9 du XIXe si\u00e8cle.<\/p><\/blockquote>\n<p>Ce meuble en parfait \u00e9tat poss\u00e8de tous les atouts de la s\u00e9duction, encore lui faut-il un int\u00e9rieur \u00e0 la hauteur de son charisme ![\/vc_column_text][\/vc_column_inner][\/vc_row_inner][\/vc_column][\/vc_row]<\/p>\n<\/div>","protected":false},"excerpt":{"rendered":"<p style=\"text-align: center;\">Console italienne en palissandre, \u00e0 plateau de marbre portor et glace. Parfait \u00e9tat.<\/p>\n<ul>\n<li style=\"text-align: center;\">Hauteur : 102 cm<\/li>\n<li style=\"text-align: center;\">Largeur : 162 cm<\/li>\n<li style=\"text-align: center;\">Profondeur : 56 cm<\/li>\n<\/ul>\n","protected":false},"featured_media":88991,"template":"","meta":{"_seopress_robots_primary_cat":"none","_seopress_titles_title":"","_seopress_titles_desc":"","_seopress_robots_index":"","content-type":""},"product_brand":[],"product_cat":[69,132],"product_tag":[254,255,256,252],"class_list":{"0":"post-88741","1":"product","2":"type-product","3":"status-publish","4":"has-post-thumbnail","6":"product_cat-mobilier","7":"product_cat-consoles","8":"product_tag-marbre","9":"product_tag-marbre-portor","10":"product_tag-palissandre","11":"product_tag-xixe-siecle","13":"first","14":"outofstock","15":"shipping-taxable","16":"purchasable","17":"product-type-simple","18":"add-to-wishlist-after_add_to_cart"},"_links":{"self":[{"href":"https:\/\/pipat-antiquites.fr\/fr\/wp-json\/wp\/v2\/product\/88741","targetHints":{"allow":["GET"]}}],"collection":[{"href":"https:\/\/pipat-antiquites.fr\/fr\/wp-json\/wp\/v2\/product"}],"about":[{"href":"https:\/\/pipat-antiquites.fr\/fr\/wp-json\/wp\/v2\/types\/product"}],"wp:featuredmedia":[{"embeddable":true,"href":"https:\/\/pipat-antiquites.fr\/fr\/wp-json\/wp\/v2\/media\/88991"}],"wp:attachment":[{"href":"https:\/\/pipat-antiquites.fr\/fr\/wp-json\/wp\/v2\/media?parent=88741"}],"wp:term":[{"taxonomy":"product_brand","embeddable":true,"href":"https:\/\/pipat-antiquites.fr\/fr\/wp-json\/wp\/v2\/product_brand?post=88741"},{"taxonomy":"product_cat","embeddable":true,"href":"https:\/\/pipat-antiquites.fr\/fr\/wp-json\/wp\/v2\/product_cat?post=88741"},{"taxonomy":"product_tag","embeddable":true,"href":"https:\/\/pipat-antiquites.fr\/fr\/wp-json\/wp\/v2\/product_tag?post=88741"}],"curies":[{"name":"wp","href":"https:\/\/api.w.org\/{rel}","templated":true}]}}