{"id":111672,"date":"2026-04-10T09:18:37","date_gmt":"2026-04-10T07:18:37","guid":{"rendered":"https:\/\/pipat-antiquites.fr\/?post_type=product&#038;p=111672"},"modified":"2026-04-10T09:29:44","modified_gmt":"2026-04-10T07:29:44","slug":"urnes-couvertes-en-marbre-et-bronze-dore-style-neoclassique-xixe-siecle","status":"publish","type":"product","link":"https:\/\/pipat-antiquites.fr\/fr\/objets\/urnes-couvertes-en-marbre-et-bronze-dore-style-neoclassique-xixe-siecle\/","title":{"rendered":"Urnes couvertes en marbre et bronze dor\u00e9, style n\u00e9oclassique, XIXe si\u00e8cle"},"content":{"rendered":"<div class=\"wpb-content-wrapper\"><p>[vc_row][vc_column column_width_percent=\u00a0\u00bb100&Prime; gutter_size=\u00a0\u00bb3&Prime; override_padding=\u00a0\u00bbyes\u00a0\u00bb column_padding=\u00a0\u00bb3&Prime; overlay_alpha=\u00a0\u00bb50&Prime; shift_x=\u00a0\u00bb0&Prime; shift_y=\u00a0\u00bb0&Prime; shift_y_down=\u00a0\u00bb0&Prime; z_index=\u00a0\u00bb0&Prime; medium_width=\u00a0\u00bb0&Prime; mobile_width=\u00a0\u00bb0&Prime; width=\u00a0\u00bb1\/1&Prime; uncode_shortcode_id=\u00a0\u00bb146060&Prime;][vc_custom_heading text_weight=\u00a0\u00bb300&Prime; uncode_shortcode_id=\u00a0\u00bb339523&Prime;]<\/p>\n<p class=\"p1\">Urnes couvertes en marbre et bronze dor\u00e9, style n\u00e9oclassique, XIXe si\u00e8cle<\/p>\n<p>[\/vc_custom_heading][vc_column_text uncode_shortcode_id=\u00a0\u00bb835877&Prime;]<\/p>\n<p class=\"p1\">Taill\u00e9es dans un marbre gris richement vein\u00e9, chacune de ces urnes n\u00e9oclassiques est mont\u00e9e en bronze dor\u00e9 et dress\u00e9e sur un socle du m\u00eame m\u00e9tal. Chaque couvercle est surmont\u00e9 d\u2019une pomme de pin, les cols finement cisel\u00e9 et les anses zoomorphes imitent des cygnes aux ailes relev\u00e9s. L\u2019ensemble est en parfait \u00e9tat.<\/p>\n<ul>\n<li class=\"p1\">Prix de livraison en France m\u00e9tropolitaine : 55\u20ac<br \/>\nPrix de livraison en Europe : 95\u20ac<br \/>\nPrix de livraison autres destination : 125\u20ac<\/li>\n<\/ul>\n<p>[\/vc_column_text][\/vc_column][\/vc_row]<\/p>\n<\/div>","protected":false},"excerpt":{"rendered":"<p style=\"text-align: center;\">Objets d\u00e9coratifs en marbre gris vein\u00e9, parfait \u00e9tat.<\/p>\n<p class=\"p1\" style=\"text-align: center;\">Dimensions :<\/p>\n<ul>\n<li class=\"p1\" style=\"text-align: center;\">Hauteur sans couvercle : 35 cm<\/li>\n<li class=\"p1\" style=\"text-align: center;\">Hauteur avec couvercle : 41 cm<\/li>\n<li class=\"p1\" style=\"text-align: center;\">Largeur : 16 cm<\/li>\n<li class=\"p1\" style=\"text-align: center;\">Profondeur : 8.7 cm X 8.7 cm<\/li>\n<\/ul>\n","protected":false},"featured_media":111667,"template":"","meta":{"_seopress_robots_primary_cat":"none","_seopress_titles_title":"Urnes couvertes en marbre et bronze dor\u00e9, style n\u00e9oclassique, XIXe si\u00e8cle","_seopress_titles_desc":"Objets d\u00e9coratifs en marbre gris vein\u00e9, parfait \u00e9tat.","_seopress_robots_index":"","content-type":""},"product_brand":[],"product_cat":[319,76,114,208],"product_tag":[],"class_list":{"0":"post-111672","1":"product","2":"type-product","3":"status-publish","4":"has-post-thumbnail","6":"product_cat-vases","7":"product_cat-objets","8":"product_cat-arts-decoratifs","9":"product_cat-coupes-vasques-et-cassolettes","10":"product_shipping_class-5-fr-55-e-eu-95-e-world-125-e","12":"first","13":"instock","14":"shipping-taxable","15":"purchasable","16":"product-type-simple","17":"add-to-wishlist-after_add_to_cart"},"_links":{"self":[{"href":"https:\/\/pipat-antiquites.fr\/fr\/wp-json\/wp\/v2\/product\/111672","targetHints":{"allow":["GET"]}}],"collection":[{"href":"https:\/\/pipat-antiquites.fr\/fr\/wp-json\/wp\/v2\/product"}],"about":[{"href":"https:\/\/pipat-antiquites.fr\/fr\/wp-json\/wp\/v2\/types\/product"}],"wp:featuredmedia":[{"embeddable":true,"href":"https:\/\/pipat-antiquites.fr\/fr\/wp-json\/wp\/v2\/media\/111667"}],"wp:attachment":[{"href":"https:\/\/pipat-antiquites.fr\/fr\/wp-json\/wp\/v2\/media?parent=111672"}],"wp:term":[{"taxonomy":"product_brand","embeddable":true,"href":"https:\/\/pipat-antiquites.fr\/fr\/wp-json\/wp\/v2\/product_brand?post=111672"},{"taxonomy":"product_cat","embeddable":true,"href":"https:\/\/pipat-antiquites.fr\/fr\/wp-json\/wp\/v2\/product_cat?post=111672"},{"taxonomy":"product_tag","embeddable":true,"href":"https:\/\/pipat-antiquites.fr\/fr\/wp-json\/wp\/v2\/product_tag?post=111672"}],"curies":[{"name":"wp","href":"https:\/\/api.w.org\/{rel}","templated":true}]}}