{"id":111545,"date":"2026-03-31T16:06:41","date_gmt":"2026-03-31T14:06:41","guid":{"rendered":"https:\/\/pipat-antiquites.fr\/?post_type=product&#038;p=111545"},"modified":"2026-03-31T16:19:29","modified_gmt":"2026-03-31T14:19:29","slug":"paire-de-chenets-en-bronze-xixe-siecle","status":"publish","type":"product","link":"https:\/\/pipat-antiquites.fr\/fr\/objets\/paire-de-chenets-en-bronze-xixe-siecle\/","title":{"rendered":"Paire de chenets en bronze, XIXe si\u00e8cle"},"content":{"rendered":"<div class=\"wpb-content-wrapper\"><p>[vc_row][vc_column column_width_percent=\u00a0\u00bb100&Prime; gutter_size=\u00a0\u00bb3&Prime; override_padding=\u00a0\u00bbyes\u00a0\u00bb column_padding=\u00a0\u00bb3&Prime; overlay_alpha=\u00a0\u00bb50&Prime; shift_x=\u00a0\u00bb0&Prime; shift_y=\u00a0\u00bb0&Prime; shift_y_down=\u00a0\u00bb0&Prime; z_index=\u00a0\u00bb0&Prime; medium_width=\u00a0\u00bb0&Prime; mobile_width=\u00a0\u00bb0&Prime; width=\u00a0\u00bb1\/1&Prime; uncode_shortcode_id=\u00a0\u00bb661823&Prime;][vc_custom_heading text_weight=\u00a0\u00bb300&Prime; uncode_shortcode_id=\u00a0\u00bb189359&Prime;]<\/p>\n<p class=\"p1\">Paire de chenets en bronze, XIXe si\u00e8cle<\/p>\n<p>[\/vc_custom_heading][vc_column_text uncode_shortcode_id=\u00a0\u00bb184593&Prime;]<\/p>\n<p class=\"p1\">Fid\u00e8le \u00e0 l\u2019\u00e9clectisme du XIXe si\u00e8cle, ces chenets m\u00ealent des influences m\u00e9di\u00e9vales et Renaissance avec autant d\u2019allure que le fer forg\u00e9 et le bronze dor\u00e9. Id\u00e9als pour une chemin\u00e9e petite ou moyenne, ils auront le dont d\u2019attirer tous les regards. Cette paire de chenets est en tr\u00e8s bon \u00e9tat.<\/p>\n<ul>\n<li class=\"p1\">Prix de livraison en France m\u00e9tropolitaine : 75\u20ac<br \/>\nPrix de livraison en Europe : 115\u20ac<br \/>\nPrix de livraison autres destination : 175\u20ac<\/li>\n<\/ul>\n<p>[\/vc_column_text][\/vc_column][\/vc_row]<\/p>\n<\/div>","protected":false},"excerpt":{"rendered":"<p style=\"text-align: center;\">Chenets en fer forg\u00e9 et bronze dor\u00e9 en tr\u00e8s bon \u00e9tat.<\/p>\n<p class=\"p1\" style=\"text-align: center;\">Dimensions :<\/p>\n<ul>\n<li class=\"p1\" style=\"text-align: center;\">Hauteur : 55 cm<\/li>\n<li class=\"p1\" style=\"text-align: center;\">Largeur : 20.5 cm<\/li>\n<li class=\"p1\" style=\"text-align: center;\">Longueur : 51 cm<\/li>\n<\/ul>\n","protected":false},"featured_media":111541,"template":"","meta":{"_seopress_robots_primary_cat":"none","_seopress_titles_title":"Paire de chenets en bronze, XIXe si\u00e8cle","_seopress_titles_desc":"Chenets en fer forg\u00e9 et bronze dor\u00e9 en tr\u00e8s bon \u00e9tat.","_seopress_robots_index":"","content-type":""},"product_brand":[],"product_cat":[76,114,206],"product_tag":[],"class_list":{"0":"post-111545","1":"product","2":"type-product","3":"status-publish","4":"has-post-thumbnail","6":"product_cat-objets","7":"product_cat-arts-decoratifs","8":"product_cat-chenets-accessoires-de-cheminee","9":"product_shipping_class-niveau-3","11":"first","12":"instock","13":"shipping-taxable","14":"purchasable","15":"product-type-simple","16":"add-to-wishlist-after_add_to_cart"},"_links":{"self":[{"href":"https:\/\/pipat-antiquites.fr\/fr\/wp-json\/wp\/v2\/product\/111545","targetHints":{"allow":["GET"]}}],"collection":[{"href":"https:\/\/pipat-antiquites.fr\/fr\/wp-json\/wp\/v2\/product"}],"about":[{"href":"https:\/\/pipat-antiquites.fr\/fr\/wp-json\/wp\/v2\/types\/product"}],"wp:featuredmedia":[{"embeddable":true,"href":"https:\/\/pipat-antiquites.fr\/fr\/wp-json\/wp\/v2\/media\/111541"}],"wp:attachment":[{"href":"https:\/\/pipat-antiquites.fr\/fr\/wp-json\/wp\/v2\/media?parent=111545"}],"wp:term":[{"taxonomy":"product_brand","embeddable":true,"href":"https:\/\/pipat-antiquites.fr\/fr\/wp-json\/wp\/v2\/product_brand?post=111545"},{"taxonomy":"product_cat","embeddable":true,"href":"https:\/\/pipat-antiquites.fr\/fr\/wp-json\/wp\/v2\/product_cat?post=111545"},{"taxonomy":"product_tag","embeddable":true,"href":"https:\/\/pipat-antiquites.fr\/fr\/wp-json\/wp\/v2\/product_tag?post=111545"}],"curies":[{"name":"wp","href":"https:\/\/api.w.org\/{rel}","templated":true}]}}