{"id":111528,"date":"2026-03-20T10:45:04","date_gmt":"2026-03-20T09:45:04","guid":{"rendered":"https:\/\/pipat-antiquites.fr\/?post_type=product&#038;p=111528"},"modified":"2026-03-20T11:03:17","modified_gmt":"2026-03-20T10:03:17","slug":"presse-papier-en-marbre-et-micro-mosaique-atelier-du-vatican-fin-xixe-siecle","status":"publish","type":"product","link":"https:\/\/pipat-antiquites.fr\/fr\/objets\/presse-papier-en-marbre-et-micro-mosaique-atelier-du-vatican-fin-xixe-siecle\/","title":{"rendered":"Presse-papier en marbre et micro-mosa\u00efque, atelier du Vatican, fin XIXe si\u00e8cle"},"content":{"rendered":"<div class=\"wpb-content-wrapper\"><p>[vc_row][vc_column column_width_percent=\u00a0\u00bb100&Prime; gutter_size=\u00a0\u00bb3&Prime; override_padding=\u00a0\u00bbyes\u00a0\u00bb column_padding=\u00a0\u00bb3&Prime; overlay_alpha=\u00a0\u00bb50&Prime; shift_x=\u00a0\u00bb0&Prime; shift_y=\u00a0\u00bb0&Prime; shift_y_down=\u00a0\u00bb0&Prime; z_index=\u00a0\u00bb0&Prime; medium_width=\u00a0\u00bb0&Prime; mobile_width=\u00a0\u00bb0&Prime; width=\u00a0\u00bb1\/1&Prime; uncode_shortcode_id=\u00a0\u00bb870706&Prime;][vc_custom_heading text_weight=\u00a0\u00bb300&Prime; uncode_shortcode_id=\u00a0\u00bb183793&Prime;]<\/p>\n<p class=\"p1\">Presse-papier en marbre et micro-mosa\u00efque, atelier du Vatican, fin XIXe si\u00e8cle<\/p>\n<p>[\/vc_custom_heading][vc_column_text uncode_shortcode_id=\u00a0\u00bb123782&Prime;]<\/p>\n<p class=\"p1\">Dans la tradition antique et dans le go\u00fbt Renaissance, ce presse-papier en marbre noir est incrust\u00e9 d\u2019une micro-mosa\u00efque figurant la place Saint-Pierre au Vatican.<br \/>\nCette \u0153uvre tout en finesse a \u00e9t\u00e9 r\u00e9alis\u00e9 dans l\u2019atelier de mosa\u00efque de la Reverenda Fabbrica San Pietro in Vaticano, la Fabrique de Saint-Pierre, h\u00e9riti\u00e8re de l\u2019institution du m\u00eame nom cr\u00e9\u00e9e au XVIe si\u00e8cle et de l\u2019atelier de mosa\u00efque cr\u00e9\u00e9 en 1578.<\/p>\n<p class=\"p1\">Cet objet datant de la fin du XIXe si\u00e8cle ou du d\u00e9but du si\u00e8cle suivant est en tr\u00e8s bon \u00e9tat.<\/p>\n<ul>\n<li class=\"p1\">Prix de livraison en France m\u00e9tropolitaine : 15\u20ac<br \/>\nPrix de livraison en Europe : 35\u20ac<br \/>\nPrix de livraison autres destination : 55\u20ac<\/li>\n<\/ul>\n<p>[\/vc_column_text][\/vc_column][\/vc_row]<\/p>\n<\/div>","protected":false},"excerpt":{"rendered":"<p style=\"text-align: center;\">Objet de d\u00e9coration en tr\u00e8s bon \u00e9tat<\/p>\n<p class=\"p1\" style=\"text-align: center;\">Dimensions du bloc de marbre :<\/p>\n<ul style=\"text-align: center;\">\n<li>Hauteur : 1 cm<\/li>\n<li>Longueur : 13.5 cm<\/li>\n<li>Largeur : 10 cm<\/li>\n<\/ul>\n<p style=\"text-align: center;\">Dimensions de la micro-mosa\u00efque :<\/p>\n<ul>\n<li class=\"p1\" style=\"text-align: center;\">Hauteur : 6.3 cm<\/li>\n<li class=\"p1\" style=\"text-align: center;\">Longueur : 9 cm<\/li>\n<\/ul>\n","protected":false},"featured_media":111524,"template":"","meta":{"_seopress_robots_primary_cat":"none","_seopress_titles_title":"Presse-papier en marbre et micro-mosa\u00efque, atelier du Vatican, fin XIXe si\u00e8cle","_seopress_titles_desc":"Objet de d\u00e9coration en tr\u00e8s bon \u00e9tat","_seopress_robots_index":"","content-type":""},"product_brand":[],"product_cat":[76,118,231],"product_tag":[],"class_list":{"0":"post-111528","1":"product","2":"type-product","3":"status-publish","4":"has-post-thumbnail","6":"product_cat-objets","7":"product_cat-objets-de-collection","8":"product_cat-objets-de-curiosite","9":"product_shipping_class-niveau-1","11":"first","12":"instock","13":"shipping-taxable","14":"purchasable","15":"product-type-simple","16":"add-to-wishlist-after_add_to_cart"},"_links":{"self":[{"href":"https:\/\/pipat-antiquites.fr\/fr\/wp-json\/wp\/v2\/product\/111528","targetHints":{"allow":["GET"]}}],"collection":[{"href":"https:\/\/pipat-antiquites.fr\/fr\/wp-json\/wp\/v2\/product"}],"about":[{"href":"https:\/\/pipat-antiquites.fr\/fr\/wp-json\/wp\/v2\/types\/product"}],"wp:featuredmedia":[{"embeddable":true,"href":"https:\/\/pipat-antiquites.fr\/fr\/wp-json\/wp\/v2\/media\/111524"}],"wp:attachment":[{"href":"https:\/\/pipat-antiquites.fr\/fr\/wp-json\/wp\/v2\/media?parent=111528"}],"wp:term":[{"taxonomy":"product_brand","embeddable":true,"href":"https:\/\/pipat-antiquites.fr\/fr\/wp-json\/wp\/v2\/product_brand?post=111528"},{"taxonomy":"product_cat","embeddable":true,"href":"https:\/\/pipat-antiquites.fr\/fr\/wp-json\/wp\/v2\/product_cat?post=111528"},{"taxonomy":"product_tag","embeddable":true,"href":"https:\/\/pipat-antiquites.fr\/fr\/wp-json\/wp\/v2\/product_tag?post=111528"}],"curies":[{"name":"wp","href":"https:\/\/api.w.org\/{rel}","templated":true}]}}