{"id":111450,"date":"2026-03-06T15:31:17","date_gmt":"2026-03-06T14:31:17","guid":{"rendered":"https:\/\/pipat-antiquites.fr\/?post_type=product&#038;p=111450"},"modified":"2026-03-06T15:39:37","modified_gmt":"2026-03-06T14:39:37","slug":"petit-autel-de-devotion-privee-chinois-xixe-siecle","status":"publish","type":"product","link":"https:\/\/pipat-antiquites.fr\/fr\/objets\/petit-autel-de-devotion-privee-chinois-xixe-siecle\/","title":{"rendered":"Petit autel de d\u00e9votion priv\u00e9e chinois, XIXe si\u00e8cle"},"content":{"rendered":"<div class=\"wpb-content-wrapper\"><p>[vc_row][vc_column column_width_percent=\u00a0\u00bb100&Prime; gutter_size=\u00a0\u00bb3&Prime; override_padding=\u00a0\u00bbyes\u00a0\u00bb column_padding=\u00a0\u00bb3&Prime; overlay_alpha=\u00a0\u00bb50&Prime; shift_x=\u00a0\u00bb0&Prime; shift_y=\u00a0\u00bb0&Prime; shift_y_down=\u00a0\u00bb0&Prime; z_index=\u00a0\u00bb0&Prime; medium_width=\u00a0\u00bb0&Prime; mobile_width=\u00a0\u00bb0&Prime; width=\u00a0\u00bb1\/1&Prime; uncode_shortcode_id=\u00a0\u00bb210351&Prime;][vc_custom_heading text_weight=\u00a0\u00bb300&Prime; uncode_shortcode_id=\u00a0\u00bb168756&Prime;]<\/p>\n<p class=\"p1\">Petit autel de d\u00e9votion priv\u00e9e chinois, XIXe si\u00e8cle<\/p>\n<p>[\/vc_custom_heading][vc_column_text uncode_shortcode_id=\u00a0\u00bb598319&Prime;]<\/p>\n<p class=\"p1\">D\u00e9di\u00e9 \u00e0 Tudi Gong, dieu du sol, ce petit temple en bois laqu\u00e9 rouge et dor\u00e9 est une v\u00e9ritable sculpture. Les id\u00e9ogrammes pourraient ainsi \u00eatre traduits : \u00ab Le v\u00e9ritable dieu de la Terre, de la Fortune et de la Vertu de ce temple \u00bb.<br \/>\nCe dieu tr\u00e8s populaire en Chine est souvent le protecteur d\u2019un sol entendu comme un village, un temple ou un quartier. Couronnant ce texte, un dragon tient entre ses griffes la perle enflamm\u00e9e, symbole de sagesse. Les deux dragons sur les c\u00f4t\u00e9s agissent comme figures de protection.<br \/>\nLe style de ce petit autel priv\u00e9 destin\u00e9 \u00e0 recevoir des offrandes et de l\u2019encens rappelle les productions de Chine du sud. L\u2019ensemble est en tr\u00e8s bon \u00e9tat.<\/p>\n<ul>\n<li class=\"p1\">Prix de livraison en France m\u00e9tropolitaine : 15\u20ac<br \/>\nPrix de livraison en Europe : 35\u20ac<br \/>\nPrix de livraison autres destination : 55\u20ac<\/li>\n<\/ul>\n<p>[\/vc_column_text][\/vc_column][\/vc_row]<\/p>\n<\/div>","protected":false},"excerpt":{"rendered":"<p style=\"text-align: center;\">Bois laqu\u00e9 et dor\u00e9, l&rsquo;ensemble en tr\u00e8s bon \u00e9tat.<\/p>\n<p class=\"p1\" style=\"text-align: center;\">Dimensions :<\/p>\n<ul>\n<li class=\"p1\" style=\"text-align: center;\">Hauteur : 25 cm<\/li>\n<li class=\"p1\" style=\"text-align: center;\">Diam\u00e8tre : 14 cm<\/li>\n<\/ul>\n","protected":false},"featured_media":111444,"template":"","meta":{"_seopress_robots_primary_cat":"none","_seopress_titles_title":"Petit autel de d\u00e9votion priv\u00e9e chinois, XIXe si\u00e8cle","_seopress_titles_desc":"Bois laqu\u00e9 et dor\u00e9, l'ensemble en tr\u00e8s bon \u00e9tat.","_seopress_robots_index":"","content-type":""},"product_brand":[],"product_cat":[228,76,114,118,214],"product_tag":[],"class_list":{"0":"post-111450","1":"product","2":"type-product","3":"status-publish","4":"has-post-thumbnail","6":"product_cat-art-populaire","7":"product_cat-objets","8":"product_cat-arts-decoratifs","9":"product_cat-objets-de-collection","10":"product_cat-objets-dart-religieux","11":"product_shipping_class-niveau-1","13":"first","14":"instock","15":"shipping-taxable","16":"purchasable","17":"product-type-simple","18":"add-to-wishlist-after_add_to_cart"},"_links":{"self":[{"href":"https:\/\/pipat-antiquites.fr\/fr\/wp-json\/wp\/v2\/product\/111450","targetHints":{"allow":["GET"]}}],"collection":[{"href":"https:\/\/pipat-antiquites.fr\/fr\/wp-json\/wp\/v2\/product"}],"about":[{"href":"https:\/\/pipat-antiquites.fr\/fr\/wp-json\/wp\/v2\/types\/product"}],"wp:featuredmedia":[{"embeddable":true,"href":"https:\/\/pipat-antiquites.fr\/fr\/wp-json\/wp\/v2\/media\/111444"}],"wp:attachment":[{"href":"https:\/\/pipat-antiquites.fr\/fr\/wp-json\/wp\/v2\/media?parent=111450"}],"wp:term":[{"taxonomy":"product_brand","embeddable":true,"href":"https:\/\/pipat-antiquites.fr\/fr\/wp-json\/wp\/v2\/product_brand?post=111450"},{"taxonomy":"product_cat","embeddable":true,"href":"https:\/\/pipat-antiquites.fr\/fr\/wp-json\/wp\/v2\/product_cat?post=111450"},{"taxonomy":"product_tag","embeddable":true,"href":"https:\/\/pipat-antiquites.fr\/fr\/wp-json\/wp\/v2\/product_tag?post=111450"}],"curies":[{"name":"wp","href":"https:\/\/api.w.org\/{rel}","templated":true}]}}