{"id":111395,"date":"2026-03-02T10:32:35","date_gmt":"2026-03-02T09:32:35","guid":{"rendered":"https:\/\/pipat-antiquites.fr\/?post_type=product&#038;p=111395"},"modified":"2026-03-02T10:54:15","modified_gmt":"2026-03-02T09:54:15","slug":"vase-en-cristal-baccarat-xxe-siecle","status":"publish","type":"product","link":"https:\/\/pipat-antiquites.fr\/fr\/objets\/vase-en-cristal-baccarat-xxe-siecle\/","title":{"rendered":"Vase en cristal Baccarat, XXe si\u00e8cle"},"content":{"rendered":"<div class=\"wpb-content-wrapper\"><p>[vc_row][vc_column column_width_percent=\u00a0\u00bb100&Prime; gutter_size=\u00a0\u00bb3&Prime; override_padding=\u00a0\u00bbyes\u00a0\u00bb column_padding=\u00a0\u00bb3&Prime; overlay_alpha=\u00a0\u00bb50&Prime; shift_x=\u00a0\u00bb0&Prime; shift_y=\u00a0\u00bb0&Prime; shift_y_down=\u00a0\u00bb0&Prime; z_index=\u00a0\u00bb0&Prime; medium_width=\u00a0\u00bb0&Prime; mobile_width=\u00a0\u00bb0&Prime; width=\u00a0\u00bb1\/1&Prime; uncode_shortcode_id=\u00a0\u00bb893400&Prime;][vc_custom_heading text_weight=\u00a0\u00bb300&Prime; uncode_shortcode_id=\u00a0\u00bb206214&Prime;]<\/p>\n<p class=\"p1\">Vase en cristal Baccarat, XXe si\u00e8cle<\/p>\n<p>[\/vc_custom_heading][vc_column_text uncode_shortcode_id=\u00a0\u00bb184282&Prime;]<\/p>\n<p class=\"p1\">Objet d\u00e9coratif indissociable des demeures cossues, le vase en cristal taill\u00e9 occupe une place de choix sur une table ou une chemin\u00e9e. \u00c0 la campagne, il s\u2019utilise comme un vase ordinaire, ajoutant ainsi de la beaut\u00e9 au quotidien. Celui-ci est en parfait \u00e9tat.<\/p>\n<p>[\/vc_column_text][\/vc_column][\/vc_row]<\/p>\n<\/div>","protected":false},"excerpt":{"rendered":"<p style=\"text-align: center;\">Vase en cristal en parfait \u00e9tat.<\/p>\n<p class=\"p1\" style=\"text-align: center;\">Dimensions :<\/p>\n<ul>\n<li class=\"p1\" style=\"text-align: center;\">Hauteur : 25.5 cm<\/li>\n<li class=\"p1\" style=\"text-align: center;\">Largeur : 11.7 cm<\/li>\n<li class=\"p1\" style=\"text-align: center;\">Diam\u00e8tre : 14.5 cm<\/li>\n<\/ul>\n","protected":false},"featured_media":111394,"template":"","meta":{"_seopress_robots_primary_cat":"none","_seopress_titles_title":"Vase en cristal Baccarat, XXe si\u00e8cle","_seopress_titles_desc":"Vase en cristal en parfait \u00e9tat.","_seopress_robots_index":"","content-type":""},"product_brand":[],"product_cat":[114,119,233,235,319],"product_tag":[],"class_list":{"0":"post-111395","1":"product","2":"type-product","3":"status-publish","4":"has-post-thumbnail","6":"product_cat-arts-decoratifs","7":"product_cat-verrerie-et-cristallerie","8":"product_cat-cristal","9":"product_cat-vases-et-objets-en-verre","10":"product_cat-vases","11":"product_shipping_class-niveau-2","13":"first","14":"instock","15":"shipping-taxable","16":"purchasable","17":"product-type-simple","18":"add-to-wishlist-after_add_to_cart"},"_links":{"self":[{"href":"https:\/\/pipat-antiquites.fr\/fr\/wp-json\/wp\/v2\/product\/111395","targetHints":{"allow":["GET"]}}],"collection":[{"href":"https:\/\/pipat-antiquites.fr\/fr\/wp-json\/wp\/v2\/product"}],"about":[{"href":"https:\/\/pipat-antiquites.fr\/fr\/wp-json\/wp\/v2\/types\/product"}],"wp:featuredmedia":[{"embeddable":true,"href":"https:\/\/pipat-antiquites.fr\/fr\/wp-json\/wp\/v2\/media\/111394"}],"wp:attachment":[{"href":"https:\/\/pipat-antiquites.fr\/fr\/wp-json\/wp\/v2\/media?parent=111395"}],"wp:term":[{"taxonomy":"product_brand","embeddable":true,"href":"https:\/\/pipat-antiquites.fr\/fr\/wp-json\/wp\/v2\/product_brand?post=111395"},{"taxonomy":"product_cat","embeddable":true,"href":"https:\/\/pipat-antiquites.fr\/fr\/wp-json\/wp\/v2\/product_cat?post=111395"},{"taxonomy":"product_tag","embeddable":true,"href":"https:\/\/pipat-antiquites.fr\/fr\/wp-json\/wp\/v2\/product_tag?post=111395"}],"curies":[{"name":"wp","href":"https:\/\/api.w.org\/{rel}","templated":true}]}}