{"id":111377,"date":"2026-03-02T10:14:13","date_gmt":"2026-03-02T09:14:13","guid":{"rendered":"https:\/\/pipat-antiquites.fr\/?post_type=product&#038;p=111377"},"modified":"2026-03-02T10:59:20","modified_gmt":"2026-03-02T09:59:20","slug":"pied-de-lampe-art-nouveau-signe-andre-adelatte-xxe-siecle","status":"publish","type":"product","link":"https:\/\/pipat-antiquites.fr\/fr\/objets\/pied-de-lampe-art-nouveau-signe-andre-adelatte-xxe-siecle\/","title":{"rendered":"Pied de lampe Art Nouveau sign\u00e9 Andr\u00e9 Adelatte, XXe si\u00e8cle"},"content":{"rendered":"<div class=\"wpb-content-wrapper\"><p>[vc_row][vc_column column_width_percent=\u00a0\u00bb100&Prime; gutter_size=\u00a0\u00bb3&Prime; override_padding=\u00a0\u00bbyes\u00a0\u00bb column_padding=\u00a0\u00bb3&Prime; overlay_alpha=\u00a0\u00bb50&Prime; shift_x=\u00a0\u00bb0&Prime; shift_y=\u00a0\u00bb0&Prime; shift_y_down=\u00a0\u00bb0&Prime; z_index=\u00a0\u00bb0&Prime; medium_width=\u00a0\u00bb0&Prime; mobile_width=\u00a0\u00bb0&Prime; width=\u00a0\u00bb1\/1&Prime; uncode_shortcode_id=\u00a0\u00bb975305&Prime;][vc_custom_heading text_weight=\u00a0\u00bb300&Prime; uncode_shortcode_id=\u00a0\u00bb136527&Prime;]<\/p>\n<p class=\"p1\">Pied de lampe Art Nouveau sign\u00e9 Andr\u00e9 Adelatte, XXe si\u00e8cle<\/p>\n<p>[\/vc_custom_heading][vc_column_text uncode_shortcode_id=\u00a0\u00bb676625&Prime;]<\/p>\n<p class=\"p1\">Dans un style Art Nouveau proche de celui d\u2019Emile Gall\u00e9, ce pied de lampe est sign\u00e9 par un autre repr\u00e9sentant nanc\u00e9en de ce mouvement artistique fameux de la Belle \u00c9poque. Andr\u00e9 Adelatte est un industriel, ma\u00eetre verrier, qui fonde en 1921 des\u00a0Verreries de l&rsquo;Est SA\u00a0dont les ateliers fabriquent des verreries artistiques sign\u00e9es\u00a0ADelatte Nancy, dans les styles\u00a0Art nouveau\u00a0ou\u00a0Art d\u00e9co. Cette lampe en parfait \u00e9tat est vendue sans abat-jour.<\/p>\n<ul>\n<li class=\"p1\">Prix de livraison en France m\u00e9tropolitaine : 15\u20ac<br \/>\nPrix de livraison en Europe : 35\u20ac<br \/>\nPrix de livraison autres destination : 55\u20ac<\/li>\n<\/ul>\n<p>[\/vc_column_text][\/vc_column][\/vc_row]<\/p>\n<\/div>","protected":false},"excerpt":{"rendered":"<p style=\"text-align: center;\">Pied de lampe en parfait \u00e9tat, vendu sans abat-jour.<\/p>\n<p class=\"p1\" style=\"text-align: center;\">Dimensions sans abat-jour :<\/p>\n<ul>\n<li class=\"p1\" style=\"text-align: center;\">Hauteur : 20 cm<\/li>\n<li class=\"p1\" style=\"text-align: center;\">Diam\u00e8tre : environ 17 cm<\/li>\n<\/ul>\n","protected":false},"featured_media":111368,"template":"","meta":{"_seopress_robots_primary_cat":"none","_seopress_titles_title":"Pied de lampe Art Nouveau sign\u00e9 Andr\u00e9 Adelatte, XXe si\u00e8cle","_seopress_titles_desc":"Pied de lampe en parfait \u00e9tat, vendu sans abat-jour.","_seopress_robots_index":"","content-type":""},"product_brand":[],"product_cat":[72,124,175],"product_tag":[],"class_list":{"0":"post-111377","1":"product","2":"type-product","3":"status-publish","4":"has-post-thumbnail","6":"product_cat-luminaires","7":"product_cat-luminaires-anciens","8":"product_cat-lampes-a-poser-luminaires-anciens","9":"product_shipping_class-niveau-1","11":"first","12":"instock","13":"shipping-taxable","14":"purchasable","15":"product-type-simple","16":"add-to-wishlist-after_add_to_cart"},"_links":{"self":[{"href":"https:\/\/pipat-antiquites.fr\/fr\/wp-json\/wp\/v2\/product\/111377","targetHints":{"allow":["GET"]}}],"collection":[{"href":"https:\/\/pipat-antiquites.fr\/fr\/wp-json\/wp\/v2\/product"}],"about":[{"href":"https:\/\/pipat-antiquites.fr\/fr\/wp-json\/wp\/v2\/types\/product"}],"wp:featuredmedia":[{"embeddable":true,"href":"https:\/\/pipat-antiquites.fr\/fr\/wp-json\/wp\/v2\/media\/111368"}],"wp:attachment":[{"href":"https:\/\/pipat-antiquites.fr\/fr\/wp-json\/wp\/v2\/media?parent=111377"}],"wp:term":[{"taxonomy":"product_brand","embeddable":true,"href":"https:\/\/pipat-antiquites.fr\/fr\/wp-json\/wp\/v2\/product_brand?post=111377"},{"taxonomy":"product_cat","embeddable":true,"href":"https:\/\/pipat-antiquites.fr\/fr\/wp-json\/wp\/v2\/product_cat?post=111377"},{"taxonomy":"product_tag","embeddable":true,"href":"https:\/\/pipat-antiquites.fr\/fr\/wp-json\/wp\/v2\/product_tag?post=111377"}],"curies":[{"name":"wp","href":"https:\/\/api.w.org\/{rel}","templated":true}]}}