{"id":111195,"date":"2026-02-03T15:53:34","date_gmt":"2026-02-03T14:53:34","guid":{"rendered":"https:\/\/pipat-antiquites.fr\/?post_type=product&#038;p=111195"},"modified":"2026-03-09T10:31:46","modified_gmt":"2026-03-09T09:31:46","slug":"suite-de-six-6-chaises-paillees-style-louis-philippe-debut-xxe-siecle","status":"publish","type":"product","link":"https:\/\/pipat-antiquites.fr\/fr\/objets\/suite-de-six-6-chaises-paillees-style-louis-philippe-debut-xxe-siecle\/","title":{"rendered":"Suite de six (6) chaises paill\u00e9es style Louis-Philippe, d\u00e9but XXe si\u00e8cle"},"content":{"rendered":"<div class=\"wpb-content-wrapper\"><p>[vc_row][vc_column column_width_percent=\u00a0\u00bb100&Prime; gutter_size=\u00a0\u00bb3&Prime; override_padding=\u00a0\u00bbyes\u00a0\u00bb column_padding=\u00a0\u00bb3&Prime; overlay_alpha=\u00a0\u00bb50&Prime; shift_x=\u00a0\u00bb0&Prime; shift_y=\u00a0\u00bb0&Prime; shift_y_down=\u00a0\u00bb0&Prime; z_index=\u00a0\u00bb0&Prime; medium_width=\u00a0\u00bb0&Prime; mobile_width=\u00a0\u00bb0&Prime; width=\u00a0\u00bb1\/1&Prime; uncode_shortcode_id=\u00a0\u00bb654597&Prime;][vc_custom_heading text_weight=\u00a0\u00bb300&Prime; uncode_shortcode_id=\u00a0\u00bb416986&Prime;]<\/p>\n<p class=\"p1\">Suite de six (6) chaises paill\u00e9es style Louis-Philippe, d\u00e9but XXe si\u00e8cle<\/p>\n<p>[\/vc_custom_heading][vc_column_text uncode_shortcode_id=\u00a0\u00bb203930&Prime;]<\/p>\n<p class=\"p1\">Simples et charmantes, ces six chaises en parfait \u00e9tat trouveront leur place dans une maison de campagne, une cuisine ou pourquoi pas un salon d\u2019hiver. Avec leur bois aux nuances chaudes et soyeuses, leur assise paill\u00e9e chaleureuse, ces chaises discr\u00e8tes et adorables sont en parfait \u00e9tat.<\/p>\n<p>[\/vc_column_text][\/vc_column][\/vc_row]<\/p>\n<\/div>","protected":false},"excerpt":{"rendered":"<p style=\"text-align: center;\">Chaises en parfait \u00e9tat.<\/p>\n<p class=\"p1\" style=\"text-align: center;\">Dimensions :<\/p>\n<ul>\n<li class=\"p1\" style=\"text-align: center;\">Hauteur : 88 cm<\/li>\n<li class=\"p1\" style=\"text-align: center;\">Hauteur assise : 42 cm<\/li>\n<li class=\"p1\" style=\"text-align: center;\">Largeur : 41 cm<\/li>\n<li class=\"p1\" style=\"text-align: center;\">Profondeur : 35 cm<\/li>\n<\/ul>\n","protected":false},"featured_media":111193,"template":"","meta":{"_seopress_robots_primary_cat":"none","_seopress_titles_title":"Suite de six (6) chaises paill\u00e9es style Louis-Philippe, d\u00e9but XXe si\u00e8cle","_seopress_titles_desc":"Chaises en parfait \u00e9tat.","_seopress_robots_index":"","content-type":""},"product_brand":[],"product_cat":[69,107,165],"product_tag":[],"class_list":{"0":"post-111195","1":"product","2":"type-product","3":"status-publish","4":"has-post-thumbnail","6":"product_cat-mobilier","7":"product_cat-sieges","8":"product_cat-chaises-et-tabourets","10":"first","11":"outofstock","12":"shipping-taxable","13":"purchasable","14":"product-type-simple","15":"add-to-wishlist-after_add_to_cart"},"_links":{"self":[{"href":"https:\/\/pipat-antiquites.fr\/fr\/wp-json\/wp\/v2\/product\/111195","targetHints":{"allow":["GET"]}}],"collection":[{"href":"https:\/\/pipat-antiquites.fr\/fr\/wp-json\/wp\/v2\/product"}],"about":[{"href":"https:\/\/pipat-antiquites.fr\/fr\/wp-json\/wp\/v2\/types\/product"}],"wp:featuredmedia":[{"embeddable":true,"href":"https:\/\/pipat-antiquites.fr\/fr\/wp-json\/wp\/v2\/media\/111193"}],"wp:attachment":[{"href":"https:\/\/pipat-antiquites.fr\/fr\/wp-json\/wp\/v2\/media?parent=111195"}],"wp:term":[{"taxonomy":"product_brand","embeddable":true,"href":"https:\/\/pipat-antiquites.fr\/fr\/wp-json\/wp\/v2\/product_brand?post=111195"},{"taxonomy":"product_cat","embeddable":true,"href":"https:\/\/pipat-antiquites.fr\/fr\/wp-json\/wp\/v2\/product_cat?post=111195"},{"taxonomy":"product_tag","embeddable":true,"href":"https:\/\/pipat-antiquites.fr\/fr\/wp-json\/wp\/v2\/product_tag?post=111195"}],"curies":[{"name":"wp","href":"https:\/\/api.w.org\/{rel}","templated":true}]}}