{"id":111098,"date":"2026-01-26T14:51:40","date_gmt":"2026-01-26T13:51:40","guid":{"rendered":"https:\/\/pipat-antiquites.fr\/?post_type=product&#038;p=111098"},"modified":"2026-01-26T14:59:29","modified_gmt":"2026-01-26T13:59:29","slug":"banc-en-bois-sculpte-et-peint-xxe-siecle","status":"publish","type":"product","link":"https:\/\/pipat-antiquites.fr\/fr\/objets\/banc-en-bois-sculpte-et-peint-xxe-siecle\/","title":{"rendered":"Banc en bois sculpt\u00e9 et peint, XXe si\u00e8cle"},"content":{"rendered":"<div class=\"wpb-content-wrapper\"><p>[vc_row][vc_column column_width_percent=\u00a0\u00bb100&Prime; gutter_size=\u00a0\u00bb3&Prime; override_padding=\u00a0\u00bbyes\u00a0\u00bb column_padding=\u00a0\u00bb3&Prime; overlay_alpha=\u00a0\u00bb50&Prime; shift_x=\u00a0\u00bb0&Prime; shift_y=\u00a0\u00bb0&Prime; shift_y_down=\u00a0\u00bb0&Prime; z_index=\u00a0\u00bb0&Prime; medium_width=\u00a0\u00bb0&Prime; mobile_width=\u00a0\u00bb0&Prime; width=\u00a0\u00bb1\/1&Prime; uncode_shortcode_id=\u00a0\u00bb204565&Prime;][vc_custom_heading text_weight=\u00a0\u00bb300&Prime; uncode_shortcode_id=\u00a0\u00bb939796&Prime;]<\/p>\n<p class=\"p1\">Banc en bois sculpt\u00e9 et peint, XXe si\u00e8cle<\/p>\n<p>[\/vc_custom_heading][vc_column_text uncode_shortcode_id=\u00a0\u00bb140399&Prime;]<\/p>\n<p class=\"p1\">Digne d\u2019un film, ce banc en bois sculpt\u00e9 et peint \u00e0 motif de tigres est unique en son genre ! Suffisamment large pour accueillir deux personnes, cette banquette joue son r\u00f4le d\u2019assise lorsqu\u2019on la sollicite, mais au quotidien c\u2019est une v\u00e9ritable sculpture qui s\u2019anime avec la lumi\u00e8re naturelle ou l\u2019\u00e9clairage. En parfait \u00e9tat, il attend un nouveau propri\u00e9taire au go\u00fbt assur\u00e9 et assum\u00e9 !<\/p>\n<p>[\/vc_column_text][\/vc_column][\/vc_row]<\/p>\n<\/div>","protected":false},"excerpt":{"rendered":"<p style=\"text-align: center;\">PRIX SUR DEMANDE<\/p>\n<p style=\"text-align: center;\">Banquette unique en tr\u00e8s bon \u00e9tat.<\/p>\n<p class=\"p1\" style=\"text-align: center;\">Dimensions :<\/p>\n<p class=\"p1\" style=\"text-align: center;\">Hauteur : 89 cm<\/p>\n<p class=\"p1\" style=\"text-align: center;\">Hauteur assise : 44 cm<\/p>\n<p class=\"p1\" style=\"text-align: center;\">Largeur : 150 cm<\/p>\n<p class=\"p1\" style=\"text-align: center;\">Profondeur : 54 cm<\/p>\n","protected":false},"featured_media":111088,"template":"","meta":{"_seopress_robots_primary_cat":"none","_seopress_titles_title":"Banc en bois sculpt\u00e9 et peint, XXe si\u00e8cle","_seopress_titles_desc":"Banquette unique en tr\u00e8s bon \u00e9tat.","_seopress_robots_index":"","content-type":""},"product_brand":[],"product_cat":[69,107,164],"product_tag":[],"class_list":{"0":"post-111098","1":"product","2":"type-product","3":"status-publish","4":"has-post-thumbnail","6":"product_cat-mobilier","7":"product_cat-sieges","8":"product_cat-banquettes-et-canapes","10":"first","11":"instock","12":"shipping-taxable","13":"product-type-simple","14":"add-to-wishlist-after_add_to_cart"},"_links":{"self":[{"href":"https:\/\/pipat-antiquites.fr\/fr\/wp-json\/wp\/v2\/product\/111098","targetHints":{"allow":["GET"]}}],"collection":[{"href":"https:\/\/pipat-antiquites.fr\/fr\/wp-json\/wp\/v2\/product"}],"about":[{"href":"https:\/\/pipat-antiquites.fr\/fr\/wp-json\/wp\/v2\/types\/product"}],"wp:featuredmedia":[{"embeddable":true,"href":"https:\/\/pipat-antiquites.fr\/fr\/wp-json\/wp\/v2\/media\/111088"}],"wp:attachment":[{"href":"https:\/\/pipat-antiquites.fr\/fr\/wp-json\/wp\/v2\/media?parent=111098"}],"wp:term":[{"taxonomy":"product_brand","embeddable":true,"href":"https:\/\/pipat-antiquites.fr\/fr\/wp-json\/wp\/v2\/product_brand?post=111098"},{"taxonomy":"product_cat","embeddable":true,"href":"https:\/\/pipat-antiquites.fr\/fr\/wp-json\/wp\/v2\/product_cat?post=111098"},{"taxonomy":"product_tag","embeddable":true,"href":"https:\/\/pipat-antiquites.fr\/fr\/wp-json\/wp\/v2\/product_tag?post=111098"}],"curies":[{"name":"wp","href":"https:\/\/api.w.org\/{rel}","templated":true}]}}