{"id":111046,"date":"2026-01-22T17:45:55","date_gmt":"2026-01-22T16:45:55","guid":{"rendered":"https:\/\/pipat-antiquites.fr\/?post_type=product&#038;p=111046"},"modified":"2026-01-22T17:56:48","modified_gmt":"2026-01-22T16:56:48","slug":"psyche-depoque-empire-xixe-siecle","status":"publish","type":"product","link":"https:\/\/pipat-antiquites.fr\/fr\/objets\/psyche-depoque-empire-xixe-siecle\/","title":{"rendered":"Psych\u00e9 d\u2019\u00e9poque Empire, XIXe si\u00e8cle"},"content":{"rendered":"<div class=\"wpb-content-wrapper\"><p>[vc_row][vc_column column_width_percent=\u00a0\u00bb100&Prime; gutter_size=\u00a0\u00bb3&Prime; override_padding=\u00a0\u00bbyes\u00a0\u00bb column_padding=\u00a0\u00bb3&Prime; overlay_alpha=\u00a0\u00bb50&Prime; shift_x=\u00a0\u00bb0&Prime; shift_y=\u00a0\u00bb0&Prime; shift_y_down=\u00a0\u00bb0&Prime; z_index=\u00a0\u00bb0&Prime; medium_width=\u00a0\u00bb0&Prime; mobile_width=\u00a0\u00bb0&Prime; width=\u00a0\u00bb1\/1&Prime; uncode_shortcode_id=\u00a0\u00bb102168&Prime;][vc_custom_heading text_weight=\u00a0\u00bb300&Prime; uncode_shortcode_id=\u00a0\u00bb121342&Prime;]<\/p>\n<p class=\"p1\">Psych\u00e9 d\u2019\u00e9poque Empire, XIXe si\u00e8cle<\/p>\n<p>[\/vc_custom_heading][vc_column_text uncode_shortcode_id=\u00a0\u00bb140042&Prime;]<\/p>\n<p class=\"p1\">Cette psych\u00e9 en acajou de Cuba, bois dor\u00e9 et bronze dor\u00e9 pr\u00e9sente de beaux volumes, une large glace et une solide entretoise assurant la stabilit\u00e9 du miroir. L\u2019orientation de ce dernier se fait ais\u00e9ment gr\u00e2ce \u00e0 sa fixation \u00e0 pivots \u00e0 forme de fl\u00e8ches d\u2019or, fich\u00e9s dans les montants lat\u00e9raux couronn\u00e9s d\u2019aigles en bois dor\u00e9. L\u2019ensemble est en tr\u00e8s bon \u00e9tat.<\/p>\n<p>[\/vc_column_text][\/vc_column][\/vc_row]<\/p>\n<\/div>","protected":false},"excerpt":{"rendered":"<p style=\"text-align: center;\">Miroir en acajou de Cuba, bois dor\u00e9 et bronze dor\u00e9 en tr\u00e8s bon \u00e9tat.<\/p>\n<p class=\"p1\" style=\"text-align: center;\">Dimensions :<\/p>\n<ul>\n<li class=\"p1\" style=\"text-align: center;\">Hauteur : 195 cm<\/li>\n<li class=\"p1\" style=\"text-align: center;\">Largeur : 112 cm<\/li>\n<li class=\"p1\" style=\"text-align: center;\">Profondeur : 69 cm<\/li>\n<li class=\"p1\" style=\"text-align: center;\">Hauteur du miroir : 157 cm<\/li>\n<li class=\"p1\" style=\"text-align: center;\">Largeur du miroir : 86 cm<\/li>\n<\/ul>\n","protected":false},"featured_media":111039,"template":"","meta":{"_seopress_robots_primary_cat":"none","_seopress_titles_title":"Psych\u00e9 d\u2019\u00e9poque Empire, XIXe si\u00e8cle","_seopress_titles_desc":"Miroir en acajou de Cuba, bois dor\u00e9 et bronze dor\u00e9 en tr\u00e8s bon \u00e9tat.","_seopress_robots_index":"","_seopress_analysis_target_kw":"","content-type":""},"product_brand":[],"product_cat":[140,213,69,76,106,114],"product_tag":[],"class_list":{"0":"post-111046","1":"product","2":"type-product","3":"status-publish","4":"has-post-thumbnail","6":"product_cat-autres-meubles","7":"product_cat-miroirs-et-trumeaux","8":"product_cat-mobilier","9":"product_cat-objets","10":"product_cat-meubles","11":"product_cat-arts-decoratifs","13":"first","14":"instock","15":"shipping-taxable","16":"product-type-simple","17":"add-to-wishlist-after_add_to_cart"},"_links":{"self":[{"href":"https:\/\/pipat-antiquites.fr\/fr\/wp-json\/wp\/v2\/product\/111046","targetHints":{"allow":["GET"]}}],"collection":[{"href":"https:\/\/pipat-antiquites.fr\/fr\/wp-json\/wp\/v2\/product"}],"about":[{"href":"https:\/\/pipat-antiquites.fr\/fr\/wp-json\/wp\/v2\/types\/product"}],"wp:featuredmedia":[{"embeddable":true,"href":"https:\/\/pipat-antiquites.fr\/fr\/wp-json\/wp\/v2\/media\/111039"}],"wp:attachment":[{"href":"https:\/\/pipat-antiquites.fr\/fr\/wp-json\/wp\/v2\/media?parent=111046"}],"wp:term":[{"taxonomy":"product_brand","embeddable":true,"href":"https:\/\/pipat-antiquites.fr\/fr\/wp-json\/wp\/v2\/product_brand?post=111046"},{"taxonomy":"product_cat","embeddable":true,"href":"https:\/\/pipat-antiquites.fr\/fr\/wp-json\/wp\/v2\/product_cat?post=111046"},{"taxonomy":"product_tag","embeddable":true,"href":"https:\/\/pipat-antiquites.fr\/fr\/wp-json\/wp\/v2\/product_tag?post=111046"}],"curies":[{"name":"wp","href":"https:\/\/api.w.org\/{rel}","templated":true}]}}