{"id":111006,"date":"2026-01-22T12:18:05","date_gmt":"2026-01-22T11:18:05","guid":{"rendered":"https:\/\/pipat-antiquites.fr\/?post_type=product&#038;p=111006"},"modified":"2026-01-22T12:22:30","modified_gmt":"2026-01-22T11:22:30","slug":"miroir-octogonale-a-parecloses-xixe-siecle","status":"publish","type":"product","link":"https:\/\/pipat-antiquites.fr\/fr\/objets\/miroir-octogonale-a-parecloses-xixe-siecle\/","title":{"rendered":"Miroir octogonale \u00e0 parecloses, XIXe si\u00e8cle"},"content":{"rendered":"<div class=\"wpb-content-wrapper\"><p>[vc_row][vc_column column_width_percent=\u00a0\u00bb100&Prime; gutter_size=\u00a0\u00bb3&Prime; override_padding=\u00a0\u00bbyes\u00a0\u00bb column_padding=\u00a0\u00bb3&Prime; overlay_alpha=\u00a0\u00bb50&Prime; shift_x=\u00a0\u00bb0&Prime; shift_y=\u00a0\u00bb0&Prime; shift_y_down=\u00a0\u00bb0&Prime; z_index=\u00a0\u00bb0&Prime; medium_width=\u00a0\u00bb0&Prime; mobile_width=\u00a0\u00bb0&Prime; width=\u00a0\u00bb1\/1&Prime; uncode_shortcode_id=\u00a0\u00bb155908&Prime;][vc_custom_heading text_weight=\u00a0\u00bb300&Prime; uncode_shortcode_id=\u00a0\u00bb194739&Prime;]<\/p>\n<p class=\"p1\">Miroir octogonale \u00e0 parecloses, XIXe si\u00e8cle<\/p>\n<p>[\/vc_custom_heading][vc_column_text uncode_shortcode_id=\u00a0\u00bb196027&Prime;]<\/p>\n<p class=\"p1\">Ravissant miroir octogonale \u00e0 parecloses, en bois dor\u00e9 et en tr\u00e8s bon \u00e9tat. Dans un style Napol\u00e9on III qui emprunte \u00e0 la fois \u00e0 la Renaissance et au go\u00fbt Louis XVI, ce joli miroir est orn\u00e9 d\u2019un chapelet de perles, d\u2019oves, de rubans et de feuilles de lierre. Sa taille raisonnable lui permettra de trouver sa place dans une chambre, un salon ou une entr\u00e9e.<\/p>\n<p>[\/vc_column_text][\/vc_column][\/vc_row]<\/p>\n<\/div>","protected":false},"excerpt":{"rendered":"<p style=\"text-align: center;\">Miroir ancien en tr\u00e8s bon \u00e9tat.<\/p>\n<p class=\"p1\" style=\"text-align: center;\">Dimensions :<\/p>\n<ul>\n<li class=\"p1\" style=\"text-align: center;\">Hauteur : 89 cm<\/li>\n<li class=\"p1\" style=\"text-align: center;\">Largeur : 79 cm<\/li>\n<li class=\"p1\" style=\"text-align: center;\">Profondeur : 6 cm<\/li>\n<\/ul>\n","protected":false},"featured_media":111001,"template":"","meta":{"_seopress_robots_primary_cat":"none","_seopress_titles_title":"Miroir octogonale \u00e0 parecloses, XIXe si\u00e8cle","_seopress_titles_desc":"Miroir ancien en tr\u00e8s bon \u00e9tat.","_seopress_robots_index":"","content-type":""},"product_brand":[],"product_cat":[76,114,213],"product_tag":[],"class_list":{"0":"post-111006","1":"product","2":"type-product","3":"status-publish","4":"has-post-thumbnail","6":"product_cat-objets","7":"product_cat-arts-decoratifs","8":"product_cat-miroirs-et-trumeaux","10":"first","11":"instock","12":"shipping-taxable","13":"product-type-simple","14":"add-to-wishlist-after_add_to_cart"},"_links":{"self":[{"href":"https:\/\/pipat-antiquites.fr\/fr\/wp-json\/wp\/v2\/product\/111006","targetHints":{"allow":["GET"]}}],"collection":[{"href":"https:\/\/pipat-antiquites.fr\/fr\/wp-json\/wp\/v2\/product"}],"about":[{"href":"https:\/\/pipat-antiquites.fr\/fr\/wp-json\/wp\/v2\/types\/product"}],"wp:featuredmedia":[{"embeddable":true,"href":"https:\/\/pipat-antiquites.fr\/fr\/wp-json\/wp\/v2\/media\/111001"}],"wp:attachment":[{"href":"https:\/\/pipat-antiquites.fr\/fr\/wp-json\/wp\/v2\/media?parent=111006"}],"wp:term":[{"taxonomy":"product_brand","embeddable":true,"href":"https:\/\/pipat-antiquites.fr\/fr\/wp-json\/wp\/v2\/product_brand?post=111006"},{"taxonomy":"product_cat","embeddable":true,"href":"https:\/\/pipat-antiquites.fr\/fr\/wp-json\/wp\/v2\/product_cat?post=111006"},{"taxonomy":"product_tag","embeddable":true,"href":"https:\/\/pipat-antiquites.fr\/fr\/wp-json\/wp\/v2\/product_tag?post=111006"}],"curies":[{"name":"wp","href":"https:\/\/api.w.org\/{rel}","templated":true}]}}