{"id":110928,"date":"2026-01-19T14:26:16","date_gmt":"2026-01-19T13:26:16","guid":{"rendered":"https:\/\/pipat-antiquites.fr\/?post_type=product&#038;p=110928"},"modified":"2026-01-19T14:31:57","modified_gmt":"2026-01-19T13:31:57","slug":"canevas-a-laiguille-dans-le-gout-de-jean-lurcat-xxe-siecle","status":"publish","type":"product","link":"https:\/\/pipat-antiquites.fr\/fr\/objets\/canevas-a-laiguille-dans-le-gout-de-jean-lurcat-xxe-siecle\/","title":{"rendered":"Canevas \u00e0 l\u2019aiguille dans le go\u00fbt de Jean Lur\u00e7at, XXe si\u00e8cle"},"content":{"rendered":"<div class=\"wpb-content-wrapper\"><p>[vc_row][vc_column column_width_percent=\u00a0\u00bb100&Prime; gutter_size=\u00a0\u00bb3&Prime; override_padding=\u00a0\u00bbyes\u00a0\u00bb column_padding=\u00a0\u00bb3&Prime; overlay_alpha=\u00a0\u00bb50&Prime; shift_x=\u00a0\u00bb0&Prime; shift_y=\u00a0\u00bb0&Prime; shift_y_down=\u00a0\u00bb0&Prime; z_index=\u00a0\u00bb0&Prime; medium_width=\u00a0\u00bb0&Prime; mobile_width=\u00a0\u00bb0&Prime; width=\u00a0\u00bb1\/1&Prime; uncode_shortcode_id=\u00a0\u00bb148304&Prime;][vc_custom_heading text_weight=\u00a0\u00bb300&Prime; uncode_shortcode_id=\u00a0\u00bb173765&Prime;]<\/p>\n<p class=\"p1\">Canevas \u00e0 l\u2019aiguille dans le go\u00fbt de Jean Lur\u00e7at, XXe si\u00e8cle<\/p>\n<p>[\/vc_custom_heading][vc_column_text uncode_shortcode_id=\u00a0\u00bb614165&Prime;]<\/p>\n<p class=\"p1\">Inspir\u00e9 des tapisseries tiss\u00e9es sur les cartons de Jean Lur\u00e7at, r\u00e9novateur de la tapisserie d\u2019Aubusson dans le premi\u00e8re moiti\u00e9 du XXe si\u00e8cle, ce canevas \u00e0 fils de laine a \u00e9t\u00e9 soigneusement pr\u00e9serv\u00e9 des rayons de lumi\u00e8re directe. Intitul\u00e9e \u00ab\u00a0Ch\u00e8vre \u00e0 l\u2019oiseau\u00a0\u00bb, ce travail d\u2019aiguille s\u00e9duit par ses couleurs fra\u00eeches et \u00e9clatantes, ainsi que sa mise en valeur dans un cadre en bois sur mesure. Ce canevas en parfait \u00e9tat est une tr\u00e8s belle pi\u00e8ce du style heureux, \u00e9l\u00e9gant et color\u00e9 du milieu du XXe si\u00e8cle.<\/p>\n<ul>\n<li class=\"p1\">Prix de livraison en France m\u00e9tropolitaine : 55\u20ac<br \/>\nPrix de livraison en Europe : 95\u20ac<br \/>\nPrix de livraison autres destination : 125\u20ac<\/li>\n<\/ul>\n<p>[\/vc_column_text][\/vc_column][\/vc_row]<\/p>\n<\/div>","protected":false},"excerpt":{"rendered":"<p style=\"text-align: center;\">Tapisserie aux couleurs \u00e9clatantes, tr\u00e8s fra\u00eeches.<\/p>\n<p class=\"p1\" style=\"text-align: center;\">Dimensions :<\/p>\n<ul>\n<li class=\"p1\" style=\"text-align: center;\">Hauteur de la toile : 89 cm<\/li>\n<li class=\"p1\" style=\"text-align: center;\">Hauteur du cadre : 98 cm<\/li>\n<li class=\"p1\" style=\"text-align: center;\">Largeur de la toile : 123 cm<\/li>\n<li class=\"p1\" style=\"text-align: center;\">Largeur du cadre : 132 cm<\/li>\n<\/ul>\n","protected":false},"featured_media":110923,"template":"","meta":{"_seopress_robots_primary_cat":"none","_seopress_titles_title":"Canevas \u00e0 l\u2019aiguille dans le go\u00fbt de Jean Lur\u00e7at, XXe si\u00e8cle","_seopress_titles_desc":"Tapisserie aux couleurs \u00e9clatantes, tr\u00e8s fra\u00eeches.","_seopress_robots_index":"","content-type":""},"product_brand":[],"product_cat":[15,76,77,121,187],"product_tag":[],"class_list":{"0":"post-110928","1":"product","2":"type-product","3":"status-publish","4":"has-post-thumbnail","6":"product_cat-non-classe","7":"product_cat-objets","8":"product_cat-beaux-arts","9":"product_cat-peintures-et-tableaux","10":"product_cat-peintures-et-tableaux-autres","11":"product_shipping_class-niveau-5","13":"first","14":"instock","15":"shipping-taxable","16":"purchasable","17":"product-type-simple","18":"add-to-wishlist-after_add_to_cart"},"_links":{"self":[{"href":"https:\/\/pipat-antiquites.fr\/fr\/wp-json\/wp\/v2\/product\/110928","targetHints":{"allow":["GET"]}}],"collection":[{"href":"https:\/\/pipat-antiquites.fr\/fr\/wp-json\/wp\/v2\/product"}],"about":[{"href":"https:\/\/pipat-antiquites.fr\/fr\/wp-json\/wp\/v2\/types\/product"}],"wp:featuredmedia":[{"embeddable":true,"href":"https:\/\/pipat-antiquites.fr\/fr\/wp-json\/wp\/v2\/media\/110923"}],"wp:attachment":[{"href":"https:\/\/pipat-antiquites.fr\/fr\/wp-json\/wp\/v2\/media?parent=110928"}],"wp:term":[{"taxonomy":"product_brand","embeddable":true,"href":"https:\/\/pipat-antiquites.fr\/fr\/wp-json\/wp\/v2\/product_brand?post=110928"},{"taxonomy":"product_cat","embeddable":true,"href":"https:\/\/pipat-antiquites.fr\/fr\/wp-json\/wp\/v2\/product_cat?post=110928"},{"taxonomy":"product_tag","embeddable":true,"href":"https:\/\/pipat-antiquites.fr\/fr\/wp-json\/wp\/v2\/product_tag?post=110928"}],"curies":[{"name":"wp","href":"https:\/\/api.w.org\/{rel}","templated":true}]}}