{"id":110568,"date":"2025-12-08T14:14:13","date_gmt":"2025-12-08T13:14:13","guid":{"rendered":"https:\/\/pipat-antiquites.fr\/?post_type=product&#038;p=110568"},"modified":"2025-12-08T14:20:27","modified_gmt":"2025-12-08T13:20:27","slug":"huile-sur-toile-fete-foraine-xxe-siecle","status":"publish","type":"product","link":"https:\/\/pipat-antiquites.fr\/fr\/objets\/huile-sur-toile-fete-foraine-xxe-siecle\/","title":{"rendered":"Huile sur toile, F\u00eate foraine, XXe si\u00e8cle"},"content":{"rendered":"<div class=\"wpb-content-wrapper\"><p>[vc_row][vc_column column_width_percent=\u00a0\u00bb100&Prime; gutter_size=\u00a0\u00bb3&Prime; override_padding=\u00a0\u00bbyes\u00a0\u00bb column_padding=\u00a0\u00bb3&Prime; overlay_alpha=\u00a0\u00bb50&Prime; shift_x=\u00a0\u00bb0&Prime; shift_y=\u00a0\u00bb0&Prime; shift_y_down=\u00a0\u00bb0&Prime; z_index=\u00a0\u00bb0&Prime; medium_width=\u00a0\u00bb0&Prime; mobile_width=\u00a0\u00bb0&Prime; width=\u00a0\u00bb1\/1&Prime; uncode_shortcode_id=\u00a0\u00bb972379&Prime;][vc_custom_heading text_weight=\u00a0\u00bb300&Prime; uncode_shortcode_id=\u00a0\u00bb211194&Prime;]<\/p>\n<p class=\"p1\">Huile sur toile, F\u00eate foraine, XXe si\u00e8cle<\/p>\n<p>[\/vc_custom_heading][vc_column_text uncode_shortcode_id=\u00a0\u00bb146856&Prime;]<\/p>\n<p class=\"p1\">On ne saurait dire si cette f\u00eate foraine saisie sur le vif a lieu quelques jours avant la Saint-Jean (au premier plan, un enfant au chapeau de paille semble l\u2019indiquer), ou plus tard dans l\u2019ann\u00e9e (ces quelques personnages portant \u00e0 leur cou une \u00e9toffe, est-ce un foulard ou une \u00e9charpe ?). Toutefois, l\u2019animation que cet \u00e9v\u00e8nement suscite est palpable et ce petit tableau anonyme et en tr\u00e8s bon \u00e9tat le rend avec beaucoup de fra\u00eecheur.<\/p>\n<ul>\n<li class=\"p1\">Prix de livraison en France m\u00e9tropolitaine : 35\u20ac<br \/>\nPrix de livraison en Europe : 55\u20ac<br \/>\nPrix de livraison autres destination : 75\u20ac<\/li>\n<\/ul>\n<p>[\/vc_column_text][\/vc_column][\/vc_row]<\/p>\n<\/div>","protected":false},"excerpt":{"rendered":"<p style=\"text-align: center;\">Sc\u00e8ne de genre anonyme, tr\u00e8s bon \u00e9tat<\/p>\n<p class=\"p1\" style=\"text-align: center;\">Dimensions du panneau :<\/p>\n<ul style=\"text-align: center;\">\n<li class=\"p1\">Hauteur : 50 cm<\/li>\n<li class=\"p1\">Largeur : 61 cm<\/li>\n<\/ul>\n<p class=\"p1\" style=\"text-align: center;\">Dimensions avec cadre :<\/p>\n<ul>\n<li class=\"p1\" style=\"text-align: center;\">Hauteur : 59 cm<\/li>\n<li class=\"p1\" style=\"text-align: center;\">Largeur : 69 cm<\/li>\n<li class=\"p1\" style=\"text-align: center;\">Profondeur : 2.5 cm<\/li>\n<\/ul>\n","protected":false},"featured_media":110567,"template":"","meta":{"_seopress_robots_primary_cat":"none","_seopress_titles_title":"Huile sur toile, F\u00eate foraine, XXe si\u00e8cle","_seopress_titles_desc":"Sc\u00e8ne de genre anonyme, tr\u00e8s bon \u00e9tat","_seopress_robots_index":"","content-type":""},"product_brand":[],"product_cat":[77,121,186],"product_tag":[],"class_list":{"0":"post-110568","1":"product","2":"type-product","3":"status-publish","4":"has-post-thumbnail","6":"product_cat-beaux-arts","7":"product_cat-peintures-et-tableaux","8":"product_cat-scenes-de-genre","9":"product_shipping_class-niveau-2","11":"first","12":"instock","13":"shipping-taxable","14":"purchasable","15":"product-type-simple","16":"add-to-wishlist-after_add_to_cart"},"_links":{"self":[{"href":"https:\/\/pipat-antiquites.fr\/fr\/wp-json\/wp\/v2\/product\/110568","targetHints":{"allow":["GET"]}}],"collection":[{"href":"https:\/\/pipat-antiquites.fr\/fr\/wp-json\/wp\/v2\/product"}],"about":[{"href":"https:\/\/pipat-antiquites.fr\/fr\/wp-json\/wp\/v2\/types\/product"}],"wp:featuredmedia":[{"embeddable":true,"href":"https:\/\/pipat-antiquites.fr\/fr\/wp-json\/wp\/v2\/media\/110567"}],"wp:attachment":[{"href":"https:\/\/pipat-antiquites.fr\/fr\/wp-json\/wp\/v2\/media?parent=110568"}],"wp:term":[{"taxonomy":"product_brand","embeddable":true,"href":"https:\/\/pipat-antiquites.fr\/fr\/wp-json\/wp\/v2\/product_brand?post=110568"},{"taxonomy":"product_cat","embeddable":true,"href":"https:\/\/pipat-antiquites.fr\/fr\/wp-json\/wp\/v2\/product_cat?post=110568"},{"taxonomy":"product_tag","embeddable":true,"href":"https:\/\/pipat-antiquites.fr\/fr\/wp-json\/wp\/v2\/product_tag?post=110568"}],"curies":[{"name":"wp","href":"https:\/\/api.w.org\/{rel}","templated":true}]}}