{"id":110551,"date":"2025-12-08T13:49:07","date_gmt":"2025-12-08T12:49:07","guid":{"rendered":"https:\/\/pipat-antiquites.fr\/?post_type=product&#038;p=110551"},"modified":"2025-12-08T13:53:41","modified_gmt":"2025-12-08T12:53:41","slug":"grande-sulfure-en-verre-de-murano-xxe-siecle","status":"publish","type":"product","link":"https:\/\/pipat-antiquites.fr\/fr\/objets\/grande-sulfure-en-verre-de-murano-xxe-siecle\/","title":{"rendered":"Grande sulfure en verre de Murano, XXe si\u00e8cle"},"content":{"rendered":"<div class=\"wpb-content-wrapper\"><p>[vc_row][vc_column column_width_percent=\u00a0\u00bb100&Prime; gutter_size=\u00a0\u00bb3&Prime; override_padding=\u00a0\u00bbyes\u00a0\u00bb column_padding=\u00a0\u00bb3&Prime; overlay_alpha=\u00a0\u00bb50&Prime; shift_x=\u00a0\u00bb0&Prime; shift_y=\u00a0\u00bb0&Prime; shift_y_down=\u00a0\u00bb0&Prime; z_index=\u00a0\u00bb0&Prime; medium_width=\u00a0\u00bb0&Prime; mobile_width=\u00a0\u00bb0&Prime; width=\u00a0\u00bb1\/1&Prime; uncode_shortcode_id=\u00a0\u00bb147868&Prime;][vc_custom_heading text_weight=\u00a0\u00bb300&Prime; uncode_shortcode_id=\u00a0\u00bb183579&Prime;]<\/p>\n<p class=\"p1\">Grande sulfure en verre de Murano, XXe si\u00e8cle<\/p>\n<p>[\/vc_custom_heading][vc_column_text uncode_shortcode_id=\u00a0\u00bb904824&Prime;]<\/p>\n<p class=\"p1\">Plus sculpture que simple sulfure, cette \u0153uvre en verre color\u00e9 et translucide est sign\u00e9e \u00ab Murano \u00bb sous la base, confirmant la provenance de ce verre iconique. Notre objet en parfait \u00e9tat trouvera sa place \u00e0 proximit\u00e9 d\u2019une lumi\u00e8re naturelle qui lui donnera vie et modulera ses nuances au fil de la journ\u00e9e.<\/p>\n<ul>\n<li class=\"p1\">Prix de livraison en France m\u00e9tropolitaine : 75\u20ac<br \/>\nPrix de livraison en Europe : 115\u20ac<br \/>\nPrix de livraison autres destination : 175\u20ac<\/li>\n<li><\/li>\n<\/ul>\n<p>[\/vc_column_text][\/vc_column][\/vc_row]<\/p>\n<\/div>","protected":false},"excerpt":{"rendered":"<p style=\"text-align: center;\">Haute sculpture en verre multicolore et translucide, parfait \u00e9tat.<\/p>\n<p class=\"p1\" style=\"text-align: center;\">Dimensions :<\/p>\n<ul>\n<li class=\"p1\" style=\"text-align: center;\">Hauteur : 61 cm<\/li>\n<li class=\"p1\" style=\"text-align: center;\">Largeur : 15 cm<\/li>\n<li class=\"p1\" style=\"text-align: center;\">Profondeur : 9 cm<\/li>\n<\/ul>\n","protected":false},"featured_media":110547,"template":"","meta":{"_seopress_robots_primary_cat":"none","_seopress_titles_title":"Grande sulfure en verre de Murano, XXe si\u00e8cle","_seopress_titles_desc":"Haute sculpture en verre multicolore et translucide, parfait \u00e9tat.","_seopress_robots_index":"","_seopress_analysis_target_kw":"","content-type":""},"product_brand":[],"product_cat":[235,76,119],"product_tag":[],"class_list":{"0":"post-110551","1":"product","2":"type-product","3":"status-publish","4":"has-post-thumbnail","6":"product_cat-vases-et-objets-en-verre","7":"product_cat-objets","8":"product_cat-verrerie-et-cristallerie","9":"product_shipping_class-niveau-3","11":"first","12":"instock","13":"shipping-taxable","14":"purchasable","15":"product-type-simple","16":"add-to-wishlist-after_add_to_cart"},"_links":{"self":[{"href":"https:\/\/pipat-antiquites.fr\/fr\/wp-json\/wp\/v2\/product\/110551","targetHints":{"allow":["GET"]}}],"collection":[{"href":"https:\/\/pipat-antiquites.fr\/fr\/wp-json\/wp\/v2\/product"}],"about":[{"href":"https:\/\/pipat-antiquites.fr\/fr\/wp-json\/wp\/v2\/types\/product"}],"wp:featuredmedia":[{"embeddable":true,"href":"https:\/\/pipat-antiquites.fr\/fr\/wp-json\/wp\/v2\/media\/110547"}],"wp:attachment":[{"href":"https:\/\/pipat-antiquites.fr\/fr\/wp-json\/wp\/v2\/media?parent=110551"}],"wp:term":[{"taxonomy":"product_brand","embeddable":true,"href":"https:\/\/pipat-antiquites.fr\/fr\/wp-json\/wp\/v2\/product_brand?post=110551"},{"taxonomy":"product_cat","embeddable":true,"href":"https:\/\/pipat-antiquites.fr\/fr\/wp-json\/wp\/v2\/product_cat?post=110551"},{"taxonomy":"product_tag","embeddable":true,"href":"https:\/\/pipat-antiquites.fr\/fr\/wp-json\/wp\/v2\/product_tag?post=110551"}],"curies":[{"name":"wp","href":"https:\/\/api.w.org\/{rel}","templated":true}]}}