{"id":110534,"date":"2025-12-05T10:57:07","date_gmt":"2025-12-05T09:57:07","guid":{"rendered":"https:\/\/pipat-antiquites.fr\/?post_type=product&#038;p=110534"},"modified":"2025-12-05T11:09:15","modified_gmt":"2025-12-05T10:09:15","slug":"portrait-de-jeune-fille-signe-jean-luc-beaufils-ne-en-1953","status":"publish","type":"product","link":"https:\/\/pipat-antiquites.fr\/fr\/objets\/portrait-de-jeune-fille-signe-jean-luc-beaufils-ne-en-1953\/","title":{"rendered":"Portrait de jeune fille sign\u00e9 Jean-Luc Beaufils (n\u00e9 en 1953)"},"content":{"rendered":"<div class=\"wpb-content-wrapper\"><p>[vc_row][vc_column column_width_percent=\u00a0\u00bb100&Prime; gutter_size=\u00a0\u00bb3&Prime; override_padding=\u00a0\u00bbyes\u00a0\u00bb column_padding=\u00a0\u00bb3&Prime; overlay_alpha=\u00a0\u00bb50&Prime; shift_x=\u00a0\u00bb0&Prime; shift_y=\u00a0\u00bb0&Prime; shift_y_down=\u00a0\u00bb0&Prime; z_index=\u00a0\u00bb0&Prime; medium_width=\u00a0\u00bb0&Prime; mobile_width=\u00a0\u00bb0&Prime; width=\u00a0\u00bb1\/1&Prime; uncode_shortcode_id=\u00a0\u00bb808620&Prime;][vc_custom_heading text_weight=\u00a0\u00bb300&Prime; uncode_shortcode_id=\u00a0\u00bb663148&Prime;]<\/p>\n<p class=\"p1\">Portrait de jeune fille sign\u00e9 Jean-Luc Beaufils (n\u00e9 en 1953)<\/p>\n<p>[\/vc_custom_heading][vc_column_text uncode_shortcode_id=\u00a0\u00bb173894&Prime;]<\/p>\n<p class=\"p1\">N\u00e9 en 1953, fils de l&rsquo;architecte Jean-Charles Louis Beaufils, Jean-Luc est impr\u00e9gn\u00e9 d\u2019art d\u00e8s sa plus tendre enfance. Sensible au couleur, il travaille depuis plus de quarante ans sur ce sujet en le m\u00ealant \u00e0 une mouvance post-cubiste influenc\u00e9e par les ma\u00eetres, Picasso, Braque ou Matisse.<\/p>\n<p class=\"p1\">On ne compte plus ses expositions en France et \u00e0 l\u2019\u00e9tranger o\u00f9 il a \u00e9t\u00e9 pr\u00e9sent\u00e9 sur tous les continents, de Londres \u00e0 New York, de Boston \u00e0 S\u00e9oul, de Tokyo \u00e0 Gen\u00e8ve.<\/p>\n<p class=\"p1\">Ce portrait de jeune femme est une huile sur toile sign\u00e9e de sa main. Ses nuances douces et ses lignes affirm\u00e9es lui conf\u00e8rent beaucoup de caract\u00e8re. La toile, vendue en cadr\u00e9e, est en parfait \u00e9tat.<\/p>\n<ul>\n<li class=\"p1\">Prix de livraison en France m\u00e9tropolitaine : 75\u20ac<br \/>\nPrix de livraison en Europe : 115\u20ac<br \/>\nPrix de livraison autres destination : 175\u20ac<\/li>\n<\/ul>\n<p>[\/vc_column_text][\/vc_column][\/vc_row]<\/p>\n<\/div>","protected":false},"excerpt":{"rendered":"<p style=\"text-align: center;\">Huile sur toile sign\u00e9e et encadr\u00e9e, parfait \u00e9tat.<\/p>\n<p class=\"p1\" style=\"text-align: center;\">Dimensions avec cadre :<\/p>\n<ul>\n<li class=\"p1\" style=\"text-align: center;\">Hauteur : 83.5 cm<\/li>\n<li class=\"p1\" style=\"text-align: center;\">Largeur : 69 cm<\/li>\n<li class=\"p1\" style=\"text-align: center;\">Profondeur : 4 cm<\/li>\n<\/ul>\n","protected":false},"featured_media":110530,"template":"","meta":{"_seopress_robots_primary_cat":"none","_seopress_titles_title":"Portrait de jeune fille sign\u00e9 Jean-Luc Beaufils (n\u00e9 en 1953)","_seopress_titles_desc":"Huile sur toile sign\u00e9e et encadr\u00e9e, parfait \u00e9tat.","_seopress_robots_index":"","_seopress_analysis_target_kw":"","content-type":""},"product_brand":[],"product_cat":[121,184,77],"product_tag":[],"class_list":{"0":"post-110534","1":"product","2":"type-product","3":"status-publish","4":"has-post-thumbnail","6":"product_cat-peintures-et-tableaux","7":"product_cat-portraits","8":"product_cat-beaux-arts","9":"product_shipping_class-niveau-3","11":"first","12":"instock","13":"shipping-taxable","14":"purchasable","15":"product-type-simple","16":"add-to-wishlist-after_add_to_cart"},"_links":{"self":[{"href":"https:\/\/pipat-antiquites.fr\/fr\/wp-json\/wp\/v2\/product\/110534","targetHints":{"allow":["GET"]}}],"collection":[{"href":"https:\/\/pipat-antiquites.fr\/fr\/wp-json\/wp\/v2\/product"}],"about":[{"href":"https:\/\/pipat-antiquites.fr\/fr\/wp-json\/wp\/v2\/types\/product"}],"wp:featuredmedia":[{"embeddable":true,"href":"https:\/\/pipat-antiquites.fr\/fr\/wp-json\/wp\/v2\/media\/110530"}],"wp:attachment":[{"href":"https:\/\/pipat-antiquites.fr\/fr\/wp-json\/wp\/v2\/media?parent=110534"}],"wp:term":[{"taxonomy":"product_brand","embeddable":true,"href":"https:\/\/pipat-antiquites.fr\/fr\/wp-json\/wp\/v2\/product_brand?post=110534"},{"taxonomy":"product_cat","embeddable":true,"href":"https:\/\/pipat-antiquites.fr\/fr\/wp-json\/wp\/v2\/product_cat?post=110534"},{"taxonomy":"product_tag","embeddable":true,"href":"https:\/\/pipat-antiquites.fr\/fr\/wp-json\/wp\/v2\/product_tag?post=110534"}],"curies":[{"name":"wp","href":"https:\/\/api.w.org\/{rel}","templated":true}]}}