{"id":110494,"date":"2025-12-05T09:49:36","date_gmt":"2025-12-05T08:49:36","guid":{"rendered":"https:\/\/pipat-antiquites.fr\/?post_type=product&#038;p=110494"},"modified":"2025-12-05T09:49:36","modified_gmt":"2025-12-05T08:49:36","slug":"vase-murano-bleu-xxie-siecle","status":"publish","type":"product","link":"https:\/\/pipat-antiquites.fr\/fr\/objets\/vase-murano-bleu-xxie-siecle\/","title":{"rendered":"Vase Murano bleu, XXIe si\u00e8cle"},"content":{"rendered":"<div class=\"wpb-content-wrapper\"><p>[vc_row][vc_column column_width_percent=\u00a0\u00bb100&Prime; gutter_size=\u00a0\u00bb3&Prime; override_padding=\u00a0\u00bbyes\u00a0\u00bb column_padding=\u00a0\u00bb3&Prime; overlay_alpha=\u00a0\u00bb50&Prime; shift_x=\u00a0\u00bb0&Prime; shift_y=\u00a0\u00bb0&Prime; shift_y_down=\u00a0\u00bb0&Prime; z_index=\u00a0\u00bb0&Prime; medium_width=\u00a0\u00bb0&Prime; mobile_width=\u00a0\u00bb0&Prime; width=\u00a0\u00bb1\/1&Prime; uncode_shortcode_id=\u00a0\u00bb111742&Prime;][vc_custom_heading text_weight=\u00a0\u00bb300&Prime; uncode_shortcode_id=\u00a0\u00bb394843&Prime;]<\/p>\n<p class=\"p1\">Vase Murano bleu, XXIe si\u00e8cle<\/p>\n<p>[\/vc_custom_heading][vc_column_text uncode_shortcode_id=\u00a0\u00bb197467&Prime;]<\/p>\n<p class=\"p1\">D\u2019un beau beau c\u00e9rul\u00e9en, ce vase en verre de Murano ondule comme la houle. Habill\u00e9 de couleurs vives comme les reflets d\u2019algues multicolores vues \u00e0 travers l\u2019eau, ce vase est un paysage \u00e0 lui tout seul. En parfait \u00e9tat, il est l\u2019\u0153uvre d\u2019un ma\u00eetre verrier de Murano.<\/p>\n<p>[\/vc_column_text][\/vc_column][\/vc_row]<\/p>\n<\/div>","protected":false},"excerpt":{"rendered":"<p style=\"text-align: center;\">Vase sculpture r\u00e9alis\u00e9 par un ma\u00eetre verrier italien de Murano. Parfait \u00e9tat.<\/p>\n<p class=\"p1\" style=\"text-align: center;\">Dimensions :<\/p>\n<ul>\n<li class=\"p1\" style=\"text-align: center;\">Hauteur : 51 cm<\/li>\n<li class=\"p1\" style=\"text-align: center;\">Largeur au plus large : environ 37 cm<\/li>\n<li class=\"p1\" style=\"text-align: center;\">Largeur au plus \u00e9troit : 16 cm<\/li>\n<\/ul>\n","protected":false},"featured_media":110490,"template":"","meta":{"_seopress_robots_primary_cat":"","_seopress_titles_title":"Vase Murano bleu, XXIe si\u00e8cle","_seopress_titles_desc":"Vase sculpture r\u00e9alis\u00e9 par un ma\u00eetre verrier italien de Murano. Parfait \u00e9tat.","_seopress_robots_index":"","content-type":""},"product_brand":[],"product_cat":[319,76,114,119,235],"product_tag":[],"class_list":{"0":"post-110494","1":"product","2":"type-product","3":"status-publish","4":"has-post-thumbnail","6":"product_cat-vases","7":"product_cat-objets","8":"product_cat-arts-decoratifs","9":"product_cat-verrerie-et-cristallerie","10":"product_cat-vases-et-objets-en-verre","12":"first","13":"instock","14":"shipping-taxable","15":"product-type-simple","16":"add-to-wishlist-after_add_to_cart"},"_links":{"self":[{"href":"https:\/\/pipat-antiquites.fr\/fr\/wp-json\/wp\/v2\/product\/110494","targetHints":{"allow":["GET"]}}],"collection":[{"href":"https:\/\/pipat-antiquites.fr\/fr\/wp-json\/wp\/v2\/product"}],"about":[{"href":"https:\/\/pipat-antiquites.fr\/fr\/wp-json\/wp\/v2\/types\/product"}],"wp:featuredmedia":[{"embeddable":true,"href":"https:\/\/pipat-antiquites.fr\/fr\/wp-json\/wp\/v2\/media\/110490"}],"wp:attachment":[{"href":"https:\/\/pipat-antiquites.fr\/fr\/wp-json\/wp\/v2\/media?parent=110494"}],"wp:term":[{"taxonomy":"product_brand","embeddable":true,"href":"https:\/\/pipat-antiquites.fr\/fr\/wp-json\/wp\/v2\/product_brand?post=110494"},{"taxonomy":"product_cat","embeddable":true,"href":"https:\/\/pipat-antiquites.fr\/fr\/wp-json\/wp\/v2\/product_cat?post=110494"},{"taxonomy":"product_tag","embeddable":true,"href":"https:\/\/pipat-antiquites.fr\/fr\/wp-json\/wp\/v2\/product_tag?post=110494"}],"curies":[{"name":"wp","href":"https:\/\/api.w.org\/{rel}","templated":true}]}}