{"id":110312,"date":"2025-11-18T12:03:03","date_gmt":"2025-11-18T11:03:03","guid":{"rendered":"https:\/\/pipat-antiquites.fr\/?post_type=product&#038;p=110312"},"modified":"2025-11-18T12:11:03","modified_gmt":"2025-11-18T11:11:03","slug":"maquette-ancienne-dun-bateau-xixe-siecle","status":"publish","type":"product","link":"https:\/\/pipat-antiquites.fr\/fr\/objets\/maquette-ancienne-dun-bateau-xixe-siecle\/","title":{"rendered":"Maquette ancienne d\u2019un bateau, XIXe si\u00e8cle"},"content":{"rendered":"<div class=\"wpb-content-wrapper\"><p>[vc_row][vc_column column_width_percent=\u00a0\u00bb100&Prime; gutter_size=\u00a0\u00bb3&Prime; override_padding=\u00a0\u00bbyes\u00a0\u00bb column_padding=\u00a0\u00bb3&Prime; overlay_alpha=\u00a0\u00bb50&Prime; shift_x=\u00a0\u00bb0&Prime; shift_y=\u00a0\u00bb0&Prime; shift_y_down=\u00a0\u00bb0&Prime; z_index=\u00a0\u00bb0&Prime; medium_width=\u00a0\u00bb0&Prime; mobile_width=\u00a0\u00bb0&Prime; width=\u00a0\u00bb1\/1&Prime; uncode_shortcode_id=\u00a0\u00bb151264&Prime;][vc_custom_heading text_weight=\u00a0\u00bb300&Prime; uncode_shortcode_id=\u00a0\u00bb153251&Prime;]<\/p>\n<p class=\"p1\">Maquette ancienne d\u2019un bateau, XIXe si\u00e8cle<\/p>\n<p>[\/vc_custom_heading][vc_column_text uncode_shortcode_id=\u00a0\u00bb596964&Prime;]<\/p>\n<p class=\"p1\">Nous ignorons si ce navire a jamais \u00e9t\u00e9 v\u00e9ritable. \u00c0 la fois dot\u00e9 de voiles et d\u2019une propulsion \u00e0 la vapeur, il semble davantage emprunter \u00e0 l\u2019imaginaire d\u2019un inventeur qu\u2019\u00e0 la r\u00e9alit\u00e9. L\u2019auteur de cette maquette ancienne en bois peint \u00e0 soigner les d\u00e9tails et fait preuve d\u2019une grande minutie, cr\u00e9ant un ensemble coh\u00e9rent et bien proportionn\u00e9. L\u2019ensemble est en parfait \u00e9tat.<\/p>\n<p><strong>CETTE MAQUETTE EST \u00c0 VENIR CHERCHER \u00c0 BORDEAUX OU \u00c0 R\u00c9CUP\u00c9RER LORS DE L\u2019UN DE NOS SALONS PARISIENS. AUCUN ENVOI.<\/strong><\/p>\n<p>[\/vc_column_text][\/vc_column][\/vc_row]<\/p>\n<\/div>","protected":false},"excerpt":{"rendered":"<p style=\"text-align: center;\">Cette maquette en parfait \u00e9tat est <strong>\u00e0 venir r\u00e9cup\u00e9rer \u00e0 Bordeaux ou lors de l&rsquo;un de nos salons parisiens.<\/strong><br \/>\n<strong>Aucun envoi.<\/strong><\/p>\n<p class=\"p1\" style=\"text-align: center;\">Dimensions :<\/p>\n<ul>\n<li class=\"p1\" style=\"text-align: center;\">Hauteur : 48 cm<\/li>\n<li class=\"p1\" style=\"text-align: center;\">Largeur : 11 cm<\/li>\n<li class=\"p1\" style=\"text-align: center;\">Longueur : 60 cm<\/li>\n<\/ul>\n","protected":false},"featured_media":110310,"template":"","meta":{"_seopress_robots_primary_cat":"none","_seopress_titles_title":"Maquette ancienne d\u2019un bateau, XIXe si\u00e8cle","_seopress_titles_desc":"Cette maquette en parfait \u00e9tat est \u00e0 venir r\u00e9cup\u00e9rer \u00e0 Bordeaux ou lors de l'un de nos salons parisiens.\r\nAucun envoi.","_seopress_robots_index":"","content-type":""},"product_brand":[],"product_cat":[76,118,232],"product_tag":[],"class_list":{"0":"post-110312","1":"product","2":"type-product","3":"status-publish","4":"has-post-thumbnail","6":"product_cat-objets","7":"product_cat-objets-de-collection","8":"product_cat-objets-de-marine","10":"first","11":"instock","12":"shipping-taxable","13":"product-type-simple","14":"add-to-wishlist-after_add_to_cart"},"_links":{"self":[{"href":"https:\/\/pipat-antiquites.fr\/fr\/wp-json\/wp\/v2\/product\/110312","targetHints":{"allow":["GET"]}}],"collection":[{"href":"https:\/\/pipat-antiquites.fr\/fr\/wp-json\/wp\/v2\/product"}],"about":[{"href":"https:\/\/pipat-antiquites.fr\/fr\/wp-json\/wp\/v2\/types\/product"}],"wp:featuredmedia":[{"embeddable":true,"href":"https:\/\/pipat-antiquites.fr\/fr\/wp-json\/wp\/v2\/media\/110310"}],"wp:attachment":[{"href":"https:\/\/pipat-antiquites.fr\/fr\/wp-json\/wp\/v2\/media?parent=110312"}],"wp:term":[{"taxonomy":"product_brand","embeddable":true,"href":"https:\/\/pipat-antiquites.fr\/fr\/wp-json\/wp\/v2\/product_brand?post=110312"},{"taxonomy":"product_cat","embeddable":true,"href":"https:\/\/pipat-antiquites.fr\/fr\/wp-json\/wp\/v2\/product_cat?post=110312"},{"taxonomy":"product_tag","embeddable":true,"href":"https:\/\/pipat-antiquites.fr\/fr\/wp-json\/wp\/v2\/product_tag?post=110312"}],"curies":[{"name":"wp","href":"https:\/\/api.w.org\/{rel}","templated":true}]}}