{"id":110259,"date":"2025-11-17T12:59:51","date_gmt":"2025-11-17T11:59:51","guid":{"rendered":"https:\/\/pipat-antiquites.fr\/?post_type=product&#038;p=110259"},"modified":"2025-11-17T12:59:52","modified_gmt":"2025-11-17T11:59:52","slug":"raymond-thibesart-1874-1968-le-jardin-botanique-de-funchal-madere-vers-1920-1930","status":"publish","type":"product","link":"https:\/\/pipat-antiquites.fr\/fr\/objets\/raymond-thibesart-1874-1968-le-jardin-botanique-de-funchal-madere-vers-1920-1930\/","title":{"rendered":"Raymond Thib\u00e9sart (1874 &#8211; 1968), Le jardin botanique de Funchal, Mad\u00e8re, vers 1920-1930"},"content":{"rendered":"<div class=\"wpb-content-wrapper\"><p>[vc_row][vc_column column_width_percent=\u00a0\u00bb100&Prime; gutter_size=\u00a0\u00bb3&Prime; override_padding=\u00a0\u00bbyes\u00a0\u00bb column_padding=\u00a0\u00bb3&Prime; overlay_alpha=\u00a0\u00bb50&Prime; shift_x=\u00a0\u00bb0&Prime; shift_y=\u00a0\u00bb0&Prime; shift_y_down=\u00a0\u00bb0&Prime; z_index=\u00a0\u00bb0&Prime; medium_width=\u00a0\u00bb0&Prime; mobile_width=\u00a0\u00bb0&Prime; width=\u00a0\u00bb1\/1&Prime; uncode_shortcode_id=\u00a0\u00bb149853&Prime;][vc_custom_heading text_weight=\u00a0\u00bb300&Prime; uncode_shortcode_id=\u00a0\u00bb502152&Prime;]<\/p>\n<p class=\"p1\">Raymond Thib\u00e9sart (1874 &#8211; 1968), Le jardin botanique de Funchal, Mad\u00e8re, vers 1920-1930<\/p>\n<p>[\/vc_custom_heading][vc_column_text uncode_shortcode_id=\u00a0\u00bb287899&Prime;]<\/p>\n<p class=\"p1\">Fils d\u2019une riche famille champenoise install\u00e9e \u00e0 Enghien, en r\u00e9gion parisienne, il fait la connaissance en ce lieu d\u2019\u00c9mile Boggio, peintre v\u00e9n\u00e9zu\u00e9lien de dix-sept ans son a\u00een\u00e9, qui lui donne ses premi\u00e8res le\u00e7ons. Cela n\u2019emp\u00eache pas le jeune peintre de poursuivre ses \u00e9tudes au Lyc\u00e9e Rollin \u00e0 Paris, puis \u00e0 l\u2019Ecole des beaux-arts en 1894 et, un peu plus tard, \u00e0 l\u2019Acad\u00e9mie Julian. Ces deux ins\u00e9parables amis parcourent ensemble l\u2019Italie, la Suisse, la Belgique, la Corse et le Portugal, et y puisent des sources d\u2019inspiration que Thib\u00e9sart sublime la lumi\u00e8re d\u2019un instant et immortalise une douceur \u00e0 peine troubl\u00e9e par le bruit de la nature.<\/p>\n<p class=\"p1\">C\u2019est d\u2019ailleurs dans la repr\u00e9sentation des arbres en fleur que ce peintre se fait conna\u00eetre et appr\u00e9cier. D\u2019abord sur le motif puis dans son atelier des bords de Seine, il retranscrit avec subtilit\u00e9s et sensibilit\u00e9 les floraisons printani\u00e8res, les ombres ti\u00e8des des lumi\u00e8res du sud, si caract\u00e9ristique des bords de la M\u00e9diterran\u00e9e.<\/p>\n<p class=\"p1\">R\u00e9guli\u00e8rement expos\u00e9 au Salons d\u2019Automne et des ind\u00e9pendants ainsi que dans les prestigieuses galeries Georges Petit, Knoedler et Romanet, il est r\u00e9guli\u00e8rement l\u2019objet de critiques admiratives comme celle parut le 25 novembre 1913 dans Le Figaro (Gallica)<b> <\/b>:<\/p>\n<blockquote>\n<p class=\"p1\">M. Raymond Thib\u00e9sart a r\u00e9uni pour cette manifestation si int\u00e9ressante les notes pittoresques qu&rsquo;il a rapport\u00e9es de ses derniers voyages au lac de C\u00f4me, \u00e0 G\u00e8nes, \u00e0 Chamonix\u00bb en Bretagne, et m\u00eame au bord de la Marne, \u00e0 Champigny et Joinville. C&rsquo;est un peintre tr\u00e8s \u00e9pris de couleurs, d&rsquo;atmosph\u00e8re, de ciel : il sait repr\u00e9senter les choses dans l&rsquo;ambiance qui leur est propre et il con- vient que les amateurs donnent \u00e0 son oeuvre une attention qu&rsquo;il m\u00e9rite si amplement.<\/p>\n<\/blockquote>\n<p class=\"p1\">Notre huile sur toile s\u2019inscrit dans la production embl\u00e9matique et post-impressionniste de Raymond Thib\u00e9sart. Elle t\u00e9moigne de son voyage au Portugal o\u00f9 il passa de longues heures dans le jardin botanique de Funchal o\u00f9 il saisit sur l\u2019instant cette nature florissante qu\u2019il aime tant.<br \/>\nLe tableau, sign\u00e9, est en parfait \u00e9tat et vendue avec son cadre.<\/p>\n<p>[\/vc_column_text][\/vc_column][\/vc_row]<\/p>\n<\/div>","protected":false},"excerpt":{"rendered":"<p style=\"text-align: center;\">Huile sur toile sign\u00e9e, en parfait \u00e9tat, de la s\u00e9rie de tableaux et de pastels r\u00e9alis\u00e9s durant ou apr\u00e8s son voyage au Portugal dans les ann\u00e9es 1920 &#8211; 1930.<\/p>\n<p class=\"p1\" style=\"text-align: center;\">Dimensions avec cadre :<\/p>\n<ul>\n<li class=\"p1\" style=\"text-align: center;\">Hauteur : 82.5 cm<\/li>\n<li class=\"p1\" style=\"text-align: center;\">Largeur : 95.5 cm<\/li>\n<li class=\"p1\" style=\"text-align: center;\">Profondeur : 9 cm<\/li>\n<\/ul>\n","protected":false},"featured_media":110258,"template":"","meta":{"_seopress_robots_primary_cat":"","_seopress_titles_title":"Raymond Thib\u00e9sart (1874 - 1968), Le jardin botanique de Funchal, Mad\u00e8re, vers 1920-1930","_seopress_titles_desc":"Huile sur toile sign\u00e9e, en parfait \u00e9tat, de la s\u00e9rie de tableaux et de pastels r\u00e9alis\u00e9s durant ou apr\u00e8s son voyage au Portugal dans les ann\u00e9es 1920 - 1930.","_seopress_robots_index":"","content-type":""},"product_brand":[],"product_cat":[77,121,182],"product_tag":[],"class_list":{"0":"post-110259","1":"product","2":"type-product","3":"status-publish","4":"has-post-thumbnail","6":"product_cat-beaux-arts","7":"product_cat-peintures-et-tableaux","8":"product_cat-paysages","10":"first","11":"instock","12":"shipping-taxable","13":"product-type-simple","14":"add-to-wishlist-after_add_to_cart"},"_links":{"self":[{"href":"https:\/\/pipat-antiquites.fr\/fr\/wp-json\/wp\/v2\/product\/110259","targetHints":{"allow":["GET"]}}],"collection":[{"href":"https:\/\/pipat-antiquites.fr\/fr\/wp-json\/wp\/v2\/product"}],"about":[{"href":"https:\/\/pipat-antiquites.fr\/fr\/wp-json\/wp\/v2\/types\/product"}],"wp:featuredmedia":[{"embeddable":true,"href":"https:\/\/pipat-antiquites.fr\/fr\/wp-json\/wp\/v2\/media\/110258"}],"wp:attachment":[{"href":"https:\/\/pipat-antiquites.fr\/fr\/wp-json\/wp\/v2\/media?parent=110259"}],"wp:term":[{"taxonomy":"product_brand","embeddable":true,"href":"https:\/\/pipat-antiquites.fr\/fr\/wp-json\/wp\/v2\/product_brand?post=110259"},{"taxonomy":"product_cat","embeddable":true,"href":"https:\/\/pipat-antiquites.fr\/fr\/wp-json\/wp\/v2\/product_cat?post=110259"},{"taxonomy":"product_tag","embeddable":true,"href":"https:\/\/pipat-antiquites.fr\/fr\/wp-json\/wp\/v2\/product_tag?post=110259"}],"curies":[{"name":"wp","href":"https:\/\/api.w.org\/{rel}","templated":true}]}}