{"id":110225,"date":"2025-10-20T14:21:32","date_gmt":"2025-10-20T12:21:32","guid":{"rendered":"https:\/\/pipat-antiquites.fr\/?post_type=product&#038;p=110225"},"modified":"2025-10-20T14:21:33","modified_gmt":"2025-10-20T12:21:33","slug":"paire-de-bougeoirs-rustiques-fin-xviie-debut-xviiie-siecle","status":"publish","type":"product","link":"https:\/\/pipat-antiquites.fr\/fr\/objets\/paire-de-bougeoirs-rustiques-fin-xviie-debut-xviiie-siecle\/","title":{"rendered":"Paire de bougeoirs rustiques, fin XVIIe \/ d\u00e9but XVIIIe si\u00e8cle"},"content":{"rendered":"<div class=\"wpb-content-wrapper\"><p>[vc_row][vc_column column_width_percent=\u00a0\u00bb100&Prime; gutter_size=\u00a0\u00bb3&Prime; override_padding=\u00a0\u00bbyes\u00a0\u00bb column_padding=\u00a0\u00bb3&Prime; overlay_alpha=\u00a0\u00bb50&Prime; shift_x=\u00a0\u00bb0&Prime; shift_y=\u00a0\u00bb0&Prime; shift_y_down=\u00a0\u00bb0&Prime; z_index=\u00a0\u00bb0&Prime; medium_width=\u00a0\u00bb0&Prime; mobile_width=\u00a0\u00bb0&Prime; width=\u00a0\u00bb1\/1&Prime; uncode_shortcode_id=\u00a0\u00bb252942&Prime;][vc_custom_heading text_weight=\u00a0\u00bb300&Prime; uncode_shortcode_id=\u00a0\u00bb304890&Prime;]<\/p>\n<p class=\"p1\">Paire de bougeoirs rustiques, fin XVIIe \/ d\u00e9but XVIIIe si\u00e8cle<\/p>\n<p>[\/vc_custom_heading][vc_column_text uncode_shortcode_id=\u00a0\u00bb187590&Prime;]<\/p>\n<p class=\"p1\">Ces jolis bougeoirs en bois dat\u00e9s de la fin du r\u00e8gne de roi Soleil sont en buis ou en olivier, et \u00e9voquent &#8211; encore &#8211; le go\u00fbt haute \u00e9poque. Bien que marqu\u00e9s et patin\u00e9s par le temps, ces deux bougeoirs en bois sont en tr\u00e8s bon \u00e9tat.<\/p>\n<ul>\n<li class=\"p1\">Prix de livraison en France m\u00e9tropolitaine : 15\u20ac<\/li>\n<li class=\"p1\">Prix de livraison en Europe : 35\u20ac<\/li>\n<li class=\"p1\">Prix de livraison autres destination : 55\u20ac<\/li>\n<\/ul>\n<p>[\/vc_column_text][\/vc_column][\/vc_row]<\/p>\n<\/div>","protected":false},"excerpt":{"rendered":"<p style=\"text-align: center;\">Flambeaux anciens en bois tourn\u00e9, tr\u00e8s bon \u00e9tat.<\/p>\n<p class=\"p1\" style=\"text-align: center;\">Dimensions :<\/p>\n<ul>\n<li class=\"p1\" style=\"text-align: center;\">Hauteur : 31,5 cm<\/li>\n<li class=\"p1\" style=\"text-align: center;\">Diam\u00e8tre : 11,5 cm<\/li>\n<\/ul>\n","protected":false},"featured_media":110219,"template":"","meta":{"_seopress_robots_primary_cat":"","_seopress_titles_title":"Paire de bougeoirs rustiques, fin XVIIe \/ d\u00e9but XVIIIe si\u00e8cle","_seopress_titles_desc":"Flambeaux anciens en bois tourn\u00e9, tr\u00e8s bon \u00e9tat.","_seopress_robots_index":"","content-type":""},"product_brand":[],"product_cat":[172,72,124],"product_tag":[],"class_list":{"0":"post-110225","1":"product","2":"type-product","3":"status-publish","4":"has-post-thumbnail","6":"product_cat-bougeoirs-et-flambeaux","7":"product_cat-luminaires","8":"product_cat-luminaires-anciens","9":"product_shipping_class-niveau-1","11":"first","12":"instock","13":"shipping-taxable","14":"purchasable","15":"product-type-simple","16":"add-to-wishlist-after_add_to_cart"},"_links":{"self":[{"href":"https:\/\/pipat-antiquites.fr\/fr\/wp-json\/wp\/v2\/product\/110225","targetHints":{"allow":["GET"]}}],"collection":[{"href":"https:\/\/pipat-antiquites.fr\/fr\/wp-json\/wp\/v2\/product"}],"about":[{"href":"https:\/\/pipat-antiquites.fr\/fr\/wp-json\/wp\/v2\/types\/product"}],"wp:featuredmedia":[{"embeddable":true,"href":"https:\/\/pipat-antiquites.fr\/fr\/wp-json\/wp\/v2\/media\/110219"}],"wp:attachment":[{"href":"https:\/\/pipat-antiquites.fr\/fr\/wp-json\/wp\/v2\/media?parent=110225"}],"wp:term":[{"taxonomy":"product_brand","embeddable":true,"href":"https:\/\/pipat-antiquites.fr\/fr\/wp-json\/wp\/v2\/product_brand?post=110225"},{"taxonomy":"product_cat","embeddable":true,"href":"https:\/\/pipat-antiquites.fr\/fr\/wp-json\/wp\/v2\/product_cat?post=110225"},{"taxonomy":"product_tag","embeddable":true,"href":"https:\/\/pipat-antiquites.fr\/fr\/wp-json\/wp\/v2\/product_tag?post=110225"}],"curies":[{"name":"wp","href":"https:\/\/api.w.org\/{rel}","templated":true}]}}