{"id":110164,"date":"2025-09-22T15:54:05","date_gmt":"2025-09-22T13:54:05","guid":{"rendered":"https:\/\/pipat-antiquites.fr\/?post_type=product&#038;p=110164"},"modified":"2025-09-22T15:56:22","modified_gmt":"2025-09-22T13:56:22","slug":"jardiniere-en-laiton-martele-xixe-siecle","status":"publish","type":"product","link":"https:\/\/pipat-antiquites.fr\/fr\/objets\/jardiniere-en-laiton-martele-xixe-siecle\/","title":{"rendered":"Jardini\u00e8re en laiton martel\u00e9, XIXe si\u00e8cle"},"content":{"rendered":"<div class=\"wpb-content-wrapper\"><p>[vc_row][vc_column column_width_percent=\u00a0\u00bb100&Prime; gutter_size=\u00a0\u00bb3&Prime; override_padding=\u00a0\u00bbyes\u00a0\u00bb column_padding=\u00a0\u00bb3&Prime; overlay_alpha=\u00a0\u00bb50&Prime; shift_x=\u00a0\u00bb0&Prime; shift_y=\u00a0\u00bb0&Prime; shift_y_down=\u00a0\u00bb0&Prime; z_index=\u00a0\u00bb0&Prime; medium_width=\u00a0\u00bb0&Prime; mobile_width=\u00a0\u00bb0&Prime; width=\u00a0\u00bb1\/1&Prime; uncode_shortcode_id=\u00a0\u00bb123912&Prime;][vc_custom_heading text_weight=\u00a0\u00bb300&Prime; uncode_shortcode_id=\u00a0\u00bb515176&Prime;]<\/p>\n<p class=\"p1\">Jardini\u00e8re en laiton martel\u00e9, XIXe si\u00e8cle<\/p>\n<p>[\/vc_custom_heading][vc_column_text uncode_shortcode_id=\u00a0\u00bb923918&Prime;]<\/p>\n<p class=\"p1\">La panse dodue et sa large l\u00e8vre imprime \u00e0 cette jardini\u00e8re une ligne affirm\u00e9e que viennent renforcer les mascarons et les griffes de lion. Habitude embl\u00e9matique du go\u00fbt de la seconde moiti\u00e9 du XIXe si\u00e8cle, le renouveau pour le style Renaissance fait na\u00eetre de petites merveilles de dinanderie. Cette jardini\u00e8re en laiton martel\u00e9 en est l\u2019illustration. En tr\u00e8s bon \u00e9tat, elle trouvera sa place dans une entr\u00e9e, un salon, un jardin d\u2019hiver pou &#8211; pourquoi pas ! &#8211; une salle de bain.<\/p>\n<ul>\n<li class=\"p1\">Prix de livraison en France m\u00e9tropolitaine : 55\u20ac<\/li>\n<li class=\"p1\">Prix de livraison en Europe : 95\u20ac<\/li>\n<li class=\"p1\">Prix de livraison autres destination : 125\u20ac<\/li>\n<\/ul>\n<p>[\/vc_column_text][\/vc_column][\/vc_row]<\/p>\n<\/div>","protected":false},"excerpt":{"rendered":"<p style=\"text-align: center;\">Bel ouvrage de dinanderie en tr\u00e8s bon \u00e9tat.<\/p>\n<p class=\"p1\" style=\"text-align: center;\">Dimensions :<\/p>\n<ul>\n<li class=\"p1\" style=\"text-align: center;\">Hauteur : 34 cm<\/li>\n<li class=\"p1\" style=\"text-align: center;\">Longueur : 48 cm<\/li>\n<li class=\"p1\" style=\"text-align: center;\">Profondeur : 37 cm<\/li>\n<\/ul>\n","protected":false},"featured_media":110146,"template":"","meta":{"_seopress_robots_primary_cat":"none","_seopress_titles_title":"Jardini\u00e8re en laiton martel\u00e9, XIXe si\u00e8cle","_seopress_titles_desc":"Bel ouvrage de dinanderie en tr\u00e8s bon \u00e9tat.","_seopress_robots_index":"","content-type":""},"product_brand":[],"product_cat":[76,114,211],"product_tag":[],"class_list":{"0":"post-110164","1":"product","2":"type-product","3":"status-publish","4":"has-post-thumbnail","6":"product_cat-objets","7":"product_cat-arts-decoratifs","8":"product_cat-jardinieres-et-cache-pots","9":"product_shipping_class-niveau-5","11":"first","12":"instock","13":"shipping-taxable","14":"purchasable","15":"product-type-simple","16":"add-to-wishlist-after_add_to_cart"},"_links":{"self":[{"href":"https:\/\/pipat-antiquites.fr\/fr\/wp-json\/wp\/v2\/product\/110164","targetHints":{"allow":["GET"]}}],"collection":[{"href":"https:\/\/pipat-antiquites.fr\/fr\/wp-json\/wp\/v2\/product"}],"about":[{"href":"https:\/\/pipat-antiquites.fr\/fr\/wp-json\/wp\/v2\/types\/product"}],"wp:featuredmedia":[{"embeddable":true,"href":"https:\/\/pipat-antiquites.fr\/fr\/wp-json\/wp\/v2\/media\/110146"}],"wp:attachment":[{"href":"https:\/\/pipat-antiquites.fr\/fr\/wp-json\/wp\/v2\/media?parent=110164"}],"wp:term":[{"taxonomy":"product_brand","embeddable":true,"href":"https:\/\/pipat-antiquites.fr\/fr\/wp-json\/wp\/v2\/product_brand?post=110164"},{"taxonomy":"product_cat","embeddable":true,"href":"https:\/\/pipat-antiquites.fr\/fr\/wp-json\/wp\/v2\/product_cat?post=110164"},{"taxonomy":"product_tag","embeddable":true,"href":"https:\/\/pipat-antiquites.fr\/fr\/wp-json\/wp\/v2\/product_tag?post=110164"}],"curies":[{"name":"wp","href":"https:\/\/api.w.org\/{rel}","templated":true}]}}