{"id":109848,"date":"2025-07-09T09:37:46","date_gmt":"2025-07-09T07:37:46","guid":{"rendered":"https:\/\/pipat-antiquites.fr\/?post_type=product&#038;p=109848"},"modified":"2025-07-09T09:37:46","modified_gmt":"2025-07-09T07:37:46","slug":"bronze-figurant-hebe-dapres-une-sculpture-de-claude-michel-dit-clodion-1738-1814","status":"publish","type":"product","link":"https:\/\/pipat-antiquites.fr\/fr\/objets\/bronze-figurant-hebe-dapres-une-sculpture-de-claude-michel-dit-clodion-1738-1814\/","title":{"rendered":"Bronze figurant H\u00e9b\u00e9, d\u2019apr\u00e8s une sculpture de Claude Michel, dit Clodion (1738-1814)"},"content":{"rendered":"<div class=\"wpb-content-wrapper\"><p>[vc_row][vc_column column_width_percent=\u00a0\u00bb100&Prime; gutter_size=\u00a0\u00bb3&Prime; override_padding=\u00a0\u00bbyes\u00a0\u00bb column_padding=\u00a0\u00bb3&Prime; overlay_alpha=\u00a0\u00bb50&Prime; shift_x=\u00a0\u00bb0&Prime; shift_y=\u00a0\u00bb0&Prime; shift_y_down=\u00a0\u00bb0&Prime; z_index=\u00a0\u00bb0&Prime; medium_width=\u00a0\u00bb0&Prime; mobile_width=\u00a0\u00bb0&Prime; width=\u00a0\u00bb1\/1&Prime; uncode_shortcode_id=\u00a0\u00bb520348&Prime;][vc_custom_heading text_weight=\u00a0\u00bb300&Prime; uncode_shortcode_id=\u00a0\u00bb141072&Prime;]<\/p>\n<p class=\"p1\">Bronze figurant H\u00e9b\u00e9, d\u2019apr\u00e8s une sculpture de Claude Michel, dit Clodion (1738-1814)<\/p>\n<p>[\/vc_custom_heading][vc_column_text uncode_shortcode_id=\u00a0\u00bb148801&Prime;]<\/p>\n<p class=\"p1\">Personnification de la jeunesse, de la vitalit\u00e9 et de la vigueur, la d\u00e9esse H\u00e9b\u00e9 a pour attribut l\u2019oenocho\u00e9 contenant le nectar divin qui conserve aux dieux leur \u00e9ternelle jeunesse. D\u2019ordinaire, elle est accompagn\u00e9e d\u2019un aigle &#8211; ce qui semble avoir \u00e9t\u00e9 le cas sur la sculpture originale de Clodion &#8211; mais l\u2019oiseau est absent sur notre bronze. Toutefois, le mouvement \u00e9l\u00e9gant des bras est conserv\u00e9 avec l\u2019original ce qui permet de ne pas confondre la d\u00e9esse avec une bacchante. Ce m\u00eame mouvement se retrouve dans l\u2019H\u00e9b\u00e9\u00a0de Canova, sculpt\u00e9e dans le marbre au d\u00e9but du XIXe si\u00e8cle et conserv\u00e9 au Mus\u00e9e de l\u2019Hermitage \u00e0 Saint-Petersbourg et dans celle peinte par\u00a0Carolus-Duran,\u00a0au palais des Beaux-Arts de Lille.<\/p>\n<p class=\"p1\">Notre bronze, librement inspir\u00e9 de celui de Clodion, est doublement patin\u00e9 d\u2019un vert antique et d\u2019or et en parfait \u00e9tat.<\/p>\n<ul>\n<li class=\"p1\">Prix de livraison en France m\u00e9tropolitaine : 55\u20ac<\/li>\n<li class=\"p1\">Prix de livraison en Europe : 95\u20ac<\/li>\n<li class=\"p1\">Prix de livraison autres destination : 125\u20ac<\/li>\n<\/ul>\n<p>[\/vc_column_text][\/vc_column][\/vc_row]<\/p>\n<\/div>","protected":false},"excerpt":{"rendered":"<p style=\"text-align: center;\">Bronze ancien doublement patin\u00e9 et en parfait \u00e9tat.<\/p>\n<p class=\"p1\" style=\"text-align: center;\">Dimensions :<\/p>\n<ul>\n<li class=\"p1\" style=\"text-align: center;\">Hauteur : 42 cm<\/li>\n<li class=\"p1\" style=\"text-align: center;\">Diam\u00e8tre : 15 cm<\/li>\n<\/ul>\n","protected":false},"featured_media":109838,"template":"","meta":{"_seopress_robots_primary_cat":"","_seopress_titles_title":"Bronze figurant H\u00e9b\u00e9, d\u2019apr\u00e8s une sculpture de Claude Michel, dit Clodion (1738-1814)","_seopress_titles_desc":"Bronze ancien doublement patin\u00e9 et en parfait \u00e9tat.","_seopress_robots_index":"","content-type":""},"product_brand":[],"product_cat":[77,122,188],"product_tag":[],"class_list":{"0":"post-109848","1":"product","2":"type-product","3":"status-publish","4":"has-post-thumbnail","6":"product_cat-beaux-arts","7":"product_cat-sculptures","8":"product_cat-bronze","9":"product_shipping_class-niveau-2","11":"first","12":"instock","13":"shipping-taxable","14":"purchasable","15":"product-type-simple","16":"add-to-wishlist-after_add_to_cart"},"_links":{"self":[{"href":"https:\/\/pipat-antiquites.fr\/fr\/wp-json\/wp\/v2\/product\/109848","targetHints":{"allow":["GET"]}}],"collection":[{"href":"https:\/\/pipat-antiquites.fr\/fr\/wp-json\/wp\/v2\/product"}],"about":[{"href":"https:\/\/pipat-antiquites.fr\/fr\/wp-json\/wp\/v2\/types\/product"}],"wp:featuredmedia":[{"embeddable":true,"href":"https:\/\/pipat-antiquites.fr\/fr\/wp-json\/wp\/v2\/media\/109838"}],"wp:attachment":[{"href":"https:\/\/pipat-antiquites.fr\/fr\/wp-json\/wp\/v2\/media?parent=109848"}],"wp:term":[{"taxonomy":"product_brand","embeddable":true,"href":"https:\/\/pipat-antiquites.fr\/fr\/wp-json\/wp\/v2\/product_brand?post=109848"},{"taxonomy":"product_cat","embeddable":true,"href":"https:\/\/pipat-antiquites.fr\/fr\/wp-json\/wp\/v2\/product_cat?post=109848"},{"taxonomy":"product_tag","embeddable":true,"href":"https:\/\/pipat-antiquites.fr\/fr\/wp-json\/wp\/v2\/product_tag?post=109848"}],"curies":[{"name":"wp","href":"https:\/\/api.w.org\/{rel}","templated":true}]}}