{"id":109537,"date":"2025-05-27T10:42:36","date_gmt":"2025-05-27T08:42:36","guid":{"rendered":"https:\/\/pipat-antiquites.fr\/?post_type=product&#038;p=109537"},"modified":"2025-05-27T10:45:01","modified_gmt":"2025-05-27T08:45:01","slug":"lustre-en-verre-de-murano-fin-xxe-siecle","status":"publish","type":"product","link":"https:\/\/pipat-antiquites.fr\/fr\/objets\/lustre-en-verre-de-murano-fin-xxe-siecle\/","title":{"rendered":"Lustre en verre de Murano, fin XXe si\u00e8cle"},"content":{"rendered":"<div class=\"wpb-content-wrapper\"><p>[vc_row][vc_column column_width_percent=\u00a0\u00bb100&Prime; gutter_size=\u00a0\u00bb3&Prime; override_padding=\u00a0\u00bbyes\u00a0\u00bb column_padding=\u00a0\u00bb3&Prime; overlay_alpha=\u00a0\u00bb50&Prime; shift_x=\u00a0\u00bb0&Prime; shift_y=\u00a0\u00bb0&Prime; shift_y_down=\u00a0\u00bb0&Prime; z_index=\u00a0\u00bb0&Prime; medium_width=\u00a0\u00bb0&Prime; mobile_width=\u00a0\u00bb0&Prime; width=\u00a0\u00bb1\/1&Prime; uncode_shortcode_id=\u00a0\u00bb982579&Prime;][vc_custom_heading text_weight=\u00a0\u00bb300&Prime; uncode_shortcode_id=\u00a0\u00bb193914&Prime;]<\/p>\n<p class=\"p1\">Lustre en verre de Murano, fin XXe si\u00e8cle<\/p>\n<p>[\/vc_custom_heading][vc_column_text uncode_shortcode_id=\u00a0\u00bb576840&Prime;]<\/p>\n<p class=\"p1\">De forme h\u00e9misph\u00e9rique, ce lustre est compos\u00e9 d\u2019une multitude de disques en verre de Murano souffl\u00e9s par un ma\u00eetre verrier. Chacun de ces \u00e9l\u00e9ments comprend des inclusions de verre color\u00e9 noir, rouge ou blanc. L\u2019ensemble, enti\u00e8rement r\u00e9\u00e9lectrifi\u00e9 par nos soins, est en parfait \u00e9tat.<\/p>\n<p>[\/vc_column_text][\/vc_column][\/vc_row]<\/p>\n<\/div>","protected":false},"excerpt":{"rendered":"<p style=\"text-align: center;\">Luminaire suspension en verre de Venise, souffl\u00e9 par un ma\u00eetre verrier de Murano. Parfait \u00e9tat.<\/p>\n<p class=\"p1\" style=\"text-align: center;\">Dimensions :<\/p>\n<ul>\n<li class=\"p1\" style=\"text-align: center;\">Hauteur : 90 cm<\/li>\n<li class=\"p1\" style=\"text-align: center;\">Diam\u00e8tre : 90 cm<\/li>\n<\/ul>\n","protected":false},"featured_media":109531,"template":"","meta":{"_seopress_robots_primary_cat":"none","_seopress_titles_title":"Lustre en verre de Murano, fin XXe si\u00e8cle","_seopress_titles_desc":"","_seopress_robots_index":"","content-type":""},"product_brand":[],"product_cat":[72,112,168],"product_tag":[],"class_list":{"0":"post-109537","1":"product","2":"type-product","3":"status-publish","4":"has-post-thumbnail","6":"product_cat-luminaires","7":"product_cat-murano","8":"product_cat-lustres-suspensions-plafonniers-murano","10":"first","11":"instock","12":"shipping-taxable","13":"product-type-simple","14":"add-to-wishlist-after_add_to_cart"},"_links":{"self":[{"href":"https:\/\/pipat-antiquites.fr\/fr\/wp-json\/wp\/v2\/product\/109537","targetHints":{"allow":["GET"]}}],"collection":[{"href":"https:\/\/pipat-antiquites.fr\/fr\/wp-json\/wp\/v2\/product"}],"about":[{"href":"https:\/\/pipat-antiquites.fr\/fr\/wp-json\/wp\/v2\/types\/product"}],"wp:featuredmedia":[{"embeddable":true,"href":"https:\/\/pipat-antiquites.fr\/fr\/wp-json\/wp\/v2\/media\/109531"}],"wp:attachment":[{"href":"https:\/\/pipat-antiquites.fr\/fr\/wp-json\/wp\/v2\/media?parent=109537"}],"wp:term":[{"taxonomy":"product_brand","embeddable":true,"href":"https:\/\/pipat-antiquites.fr\/fr\/wp-json\/wp\/v2\/product_brand?post=109537"},{"taxonomy":"product_cat","embeddable":true,"href":"https:\/\/pipat-antiquites.fr\/fr\/wp-json\/wp\/v2\/product_cat?post=109537"},{"taxonomy":"product_tag","embeddable":true,"href":"https:\/\/pipat-antiquites.fr\/fr\/wp-json\/wp\/v2\/product_tag?post=109537"}],"curies":[{"name":"wp","href":"https:\/\/api.w.org\/{rel}","templated":true}]}}