{"id":109527,"date":"2025-05-27T10:17:55","date_gmt":"2025-05-27T08:17:55","guid":{"rendered":"https:\/\/pipat-antiquites.fr\/?post_type=product&#038;p=109527"},"modified":"2025-05-27T10:25:33","modified_gmt":"2025-05-27T08:25:33","slug":"paire-de-vases-en-opaline-fin-xixe-siecle","status":"publish","type":"product","link":"https:\/\/pipat-antiquites.fr\/fr\/objets\/paire-de-vases-en-opaline-fin-xixe-siecle\/","title":{"rendered":"Paire de vases en opaline, fin XIXe si\u00e8cle"},"content":{"rendered":"<div class=\"wpb-content-wrapper\"><p>[vc_row][vc_column column_width_percent=\u00a0\u00bb100&Prime; gutter_size=\u00a0\u00bb3&Prime; override_padding=\u00a0\u00bbyes\u00a0\u00bb column_padding=\u00a0\u00bb3&Prime; overlay_alpha=\u00a0\u00bb50&Prime; shift_x=\u00a0\u00bb0&Prime; shift_y=\u00a0\u00bb0&Prime; shift_y_down=\u00a0\u00bb0&Prime; z_index=\u00a0\u00bb0&Prime; medium_width=\u00a0\u00bb0&Prime; mobile_width=\u00a0\u00bb0&Prime; width=\u00a0\u00bb1\/1&Prime; uncode_shortcode_id=\u00a0\u00bb145750&Prime;][vc_custom_heading text_weight=\u00a0\u00bb300&Prime; uncode_shortcode_id=\u00a0\u00bb906292&Prime;]<\/p>\n<p class=\"p1\">Paire de vases en opaline, fin XIXe si\u00e8cle<\/p>\n<p>[\/vc_custom_heading][vc_column_text uncode_shortcode_id=\u00a0\u00bb520710&Prime;]<\/p>\n<p class=\"p1\">Dans un go\u00fbt n\u00e9ogothique parfaitement assum\u00e9, ces deux vases en opaline pr\u00e9sentent un col allong\u00e9 vert tendre et une frise d\u2019ornements n\u00e9ogothiques bleu et or sur l\u2019\u00e9paulement. Le d\u00e9cor pos\u00e9 sur le verre opalin s\u2019est un peu patin\u00e9 et donne \u00e0 l\u2019ensemble une belle allure.<\/p>\n<ul>\n<li class=\"p1\">Prix de livraison en France m\u00e9tropolitaine : 35\u20ac<\/li>\n<li class=\"p1\">Prix de livraison en Europe : 55\u20ac<\/li>\n<li class=\"p1\">Prix de livraison autres destination : 75\u20ac<\/li>\n<\/ul>\n<p>[\/vc_column_text][\/vc_column][\/vc_row]<\/p>\n<\/div>","protected":false},"excerpt":{"rendered":"<p style=\"text-align: center;\">Deux vases en opaline \u00e0 d\u00e9cor n\u00e9ogothique, tr\u00e8s bon \u00e9tat.<\/p>\n<p class=\"p2\" style=\"text-align: center;\">Dimensions :<\/p>\n<ul>\n<li class=\"p2\" style=\"text-align: center;\">Hauteur : 16 cm<\/li>\n<li class=\"p2\" style=\"text-align: center;\">Diam\u00e8tre : 8 cm<\/li>\n<\/ul>\n","protected":false},"featured_media":109519,"template":"","meta":{"_seopress_robots_primary_cat":"none","_seopress_titles_title":"Paire de vases en opaline, fin XIXe si\u00e8cle","_seopress_titles_desc":"Deux vases en opaline \u00e0 d\u00e9cor n\u00e9ogothique, tr\u00e8s bon \u00e9tat.","_seopress_robots_index":"","content-type":""},"product_brand":[],"product_cat":[119,235],"product_tag":[],"class_list":{"0":"post-109527","1":"product","2":"type-product","3":"status-publish","4":"has-post-thumbnail","6":"product_cat-verrerie-et-cristallerie","7":"product_cat-vases-et-objets-en-verre","8":"product_shipping_class-niveau-2","10":"first","11":"instock","12":"shipping-taxable","13":"purchasable","14":"product-type-simple","15":"add-to-wishlist-after_add_to_cart"},"_links":{"self":[{"href":"https:\/\/pipat-antiquites.fr\/fr\/wp-json\/wp\/v2\/product\/109527","targetHints":{"allow":["GET"]}}],"collection":[{"href":"https:\/\/pipat-antiquites.fr\/fr\/wp-json\/wp\/v2\/product"}],"about":[{"href":"https:\/\/pipat-antiquites.fr\/fr\/wp-json\/wp\/v2\/types\/product"}],"wp:featuredmedia":[{"embeddable":true,"href":"https:\/\/pipat-antiquites.fr\/fr\/wp-json\/wp\/v2\/media\/109519"}],"wp:attachment":[{"href":"https:\/\/pipat-antiquites.fr\/fr\/wp-json\/wp\/v2\/media?parent=109527"}],"wp:term":[{"taxonomy":"product_brand","embeddable":true,"href":"https:\/\/pipat-antiquites.fr\/fr\/wp-json\/wp\/v2\/product_brand?post=109527"},{"taxonomy":"product_cat","embeddable":true,"href":"https:\/\/pipat-antiquites.fr\/fr\/wp-json\/wp\/v2\/product_cat?post=109527"},{"taxonomy":"product_tag","embeddable":true,"href":"https:\/\/pipat-antiquites.fr\/fr\/wp-json\/wp\/v2\/product_tag?post=109527"}],"curies":[{"name":"wp","href":"https:\/\/api.w.org\/{rel}","templated":true}]}}