{"id":109488,"date":"2025-05-23T10:02:03","date_gmt":"2025-05-23T08:02:03","guid":{"rendered":"https:\/\/pipat-antiquites.fr\/?post_type=product&#038;p=109488"},"modified":"2025-09-18T12:45:06","modified_gmt":"2025-09-18T10:45:06","slug":"buste-en-platre-a-la-mode-des-merveilleuses-xixe-siecle","status":"publish","type":"product","link":"https:\/\/pipat-antiquites.fr\/fr\/objets\/buste-en-platre-a-la-mode-des-merveilleuses-xixe-siecle\/","title":{"rendered":"Buste en pl\u00e2tre \u00e0 la mode des Merveilleuses, XIXe si\u00e8cle"},"content":{"rendered":"<div class=\"wpb-content-wrapper\"><p>[vc_row][vc_column column_width_percent=\u00a0\u00bb100&Prime; gutter_size=\u00a0\u00bb3&Prime; override_padding=\u00a0\u00bbyes\u00a0\u00bb column_padding=\u00a0\u00bb3&Prime; overlay_alpha=\u00a0\u00bb50&Prime; shift_x=\u00a0\u00bb0&Prime; shift_y=\u00a0\u00bb0&Prime; shift_y_down=\u00a0\u00bb0&Prime; z_index=\u00a0\u00bb0&Prime; medium_width=\u00a0\u00bb0&Prime; mobile_width=\u00a0\u00bb0&Prime; width=\u00a0\u00bb1\/1&Prime; uncode_shortcode_id=\u00a0\u00bb164302&Prime;][vc_custom_heading text_weight=\u00a0\u00bb300&Prime; uncode_shortcode_id=\u00a0\u00bb868981&Prime;]<\/p>\n<p class=\"p1\">Buste en pl\u00e2tre \u00e0 la mode des Merveilleuses, XIXe si\u00e8cle<\/p>\n<p>[\/vc_custom_heading][vc_column_text uncode_shortcode_id=\u00a0\u00bb207455&Prime;]<\/p>\n<p class=\"p1\">Th\u00e9r\u00e9sa Tallien, Juliette R\u00e9camier, Fortun\u00e9e Hamelin et, naturellement, Jos\u00e9phine de Beauharnais, furent toutes de ces Merveilleuses du Directoire qui, suivant l\u2019engouement pour l\u2019Antiquit\u00e9, empruntaient aux d\u00e9esses grecques et romaines des v\u00eatures drap\u00e9es, voil\u00e9es, tr\u00e8s os\u00e9es pour l\u2019\u00e9poque, et se couronnaient de chignons flous ceints de guirlandes de fleurs. Ce buste semble tout \u00e0 leur honneur.<\/p>\n<p class=\"p1\">En pl\u00e2tre et en tr\u00e8s bon \u00e9tat, il d\u00e9corera un meuble ou une tablette de chemin\u00e9e avec \u00e9l\u00e9gance.<\/p>\n<ul>\n<li class=\"p1\">Prix de livraison en France m\u00e9tropolitaine : 55\u20ac<\/li>\n<li class=\"p1\">Prix de livraison en Europe : 95\u20ac<\/li>\n<li class=\"p1\">Prix de livraison autres destination : 125\u20ac<\/li>\n<\/ul>\n<p>[\/vc_column_text][\/vc_column][\/vc_row]<\/p>\n<\/div>","protected":false},"excerpt":{"rendered":"<h2 style=\"text-align: center;\">R\u00c9SERV\u00c9<\/h2>\n<p style=\"text-align: center;\">Buste dans le go\u00fbt de la mode du Directoire, en tr\u00e8s bon \u00e9tat.<\/p>\n<p class=\"p1\" style=\"text-align: center;\">Dimensions :<\/p>\n<ul>\n<li class=\"p1\" style=\"text-align: center;\">Hauteur : 45 cm<\/li>\n<li class=\"p1\" style=\"text-align: center;\">Largeur : 43 cm<\/li>\n<li class=\"p1\" style=\"text-align: center;\">Profondeur : 20 cm<\/li>\n<\/ul>\n","protected":false},"featured_media":109729,"template":"","meta":{"_seopress_robots_primary_cat":"none","_seopress_titles_title":"Buste en pl\u00e2tre \u00e0 la mode des Merveilleuses, XIXe si\u00e8cle","_seopress_titles_desc":"Buste dans le go\u00fbt de la mode du Directoire, en tr\u00e8s bon \u00e9tat.","_seopress_robots_index":"","content-type":""},"product_brand":[],"product_cat":[77,122,193],"product_tag":[],"class_list":{"0":"post-109488","1":"product","2":"type-product","3":"status-publish","4":"has-post-thumbnail","6":"product_cat-beaux-arts","7":"product_cat-sculptures","8":"product_cat-autres-materiaux-sculpture","9":"product_shipping_class-niveau-5","11":"first","12":"instock","13":"shipping-taxable","14":"product-type-simple","15":"add-to-wishlist-after_add_to_cart"},"_links":{"self":[{"href":"https:\/\/pipat-antiquites.fr\/fr\/wp-json\/wp\/v2\/product\/109488","targetHints":{"allow":["GET"]}}],"collection":[{"href":"https:\/\/pipat-antiquites.fr\/fr\/wp-json\/wp\/v2\/product"}],"about":[{"href":"https:\/\/pipat-antiquites.fr\/fr\/wp-json\/wp\/v2\/types\/product"}],"wp:featuredmedia":[{"embeddable":true,"href":"https:\/\/pipat-antiquites.fr\/fr\/wp-json\/wp\/v2\/media\/109729"}],"wp:attachment":[{"href":"https:\/\/pipat-antiquites.fr\/fr\/wp-json\/wp\/v2\/media?parent=109488"}],"wp:term":[{"taxonomy":"product_brand","embeddable":true,"href":"https:\/\/pipat-antiquites.fr\/fr\/wp-json\/wp\/v2\/product_brand?post=109488"},{"taxonomy":"product_cat","embeddable":true,"href":"https:\/\/pipat-antiquites.fr\/fr\/wp-json\/wp\/v2\/product_cat?post=109488"},{"taxonomy":"product_tag","embeddable":true,"href":"https:\/\/pipat-antiquites.fr\/fr\/wp-json\/wp\/v2\/product_tag?post=109488"}],"curies":[{"name":"wp","href":"https:\/\/api.w.org\/{rel}","templated":true}]}}