{"id":109423,"date":"2025-05-19T18:10:25","date_gmt":"2025-05-19T16:10:25","guid":{"rendered":"https:\/\/pipat-antiquites.fr\/?post_type=product&#038;p=109423"},"modified":"2025-06-23T15:00:15","modified_gmt":"2025-06-23T13:00:15","slug":"coupe-en-marbre-rouge-monture-en-bronze-dore-xixe-siecle","status":"publish","type":"product","link":"https:\/\/pipat-antiquites.fr\/fr\/objets\/coupe-en-marbre-rouge-monture-en-bronze-dore-xixe-siecle\/","title":{"rendered":"Coupe en marbre rouge, monture en bronze dor\u00e9, XIXe si\u00e8cle"},"content":{"rendered":"<div class=\"wpb-content-wrapper\"><p>[vc_row][vc_column column_width_percent=\u00a0\u00bb100&Prime; gutter_size=\u00a0\u00bb3&Prime; override_padding=\u00a0\u00bbyes\u00a0\u00bb column_padding=\u00a0\u00bb3&Prime; overlay_alpha=\u00a0\u00bb50&Prime; shift_x=\u00a0\u00bb0&Prime; shift_y=\u00a0\u00bb0&Prime; shift_y_down=\u00a0\u00bb0&Prime; z_index=\u00a0\u00bb0&Prime; medium_width=\u00a0\u00bb0&Prime; mobile_width=\u00a0\u00bb0&Prime; width=\u00a0\u00bb1\/1&Prime; uncode_shortcode_id=\u00a0\u00bb133387&Prime;][vc_custom_heading text_weight=\u00a0\u00bb300&Prime; uncode_shortcode_id=\u00a0\u00bb627634&Prime;]<\/p>\n<p class=\"p1\">Coupe en marbre rouge, monture en bronze dor\u00e9, XIXe si\u00e8cle<\/p>\n<p>[\/vc_custom_heading][vc_column_text uncode_shortcode_id=\u00a0\u00bb649776&Prime;]<\/p>\n<p class=\"p1\">Cette coupe en marbre pourpre sobrement taill\u00e9e et moulur\u00e9e est ench\u00e2ss\u00e9e dans une monture de bronze dor\u00e9 et cisel\u00e9, reprenant tous les codes du style Renaissance.T\u00eates et griffes de lion, sobres enroulements et all\u00e9gorie de la Victoire sont autant de r\u00e9f\u00e9rences \u00e0 l\u2019antiquit\u00e9 quand les motifs v\u00e9g\u00e9taux et les fleurettes semblent plus proches d\u2019un vocabulaire ornemental de la Renaissance. Assur\u00e9ment, cette coupe mont\u00e9e r\u00e9pond au style historiciste de la seconde moiti\u00e9 du XIXe si\u00e8cle. Coupe et monture sont en parfait \u00e9tat et l\u2019ensemble habillera \u00e9l\u00e9gamment un meuble ou une tablette de chemin\u00e9e.<\/p>\n<ul>\n<li class=\"p1\">Prix de livraison en France m\u00e9tropolitaine : 115\u20ac<\/li>\n<li class=\"p1\">Prix de livraison en Europe : 155\u20ac<\/li>\n<li class=\"p1\">Prix de livraison autres destination : 195\u20ac<\/li>\n<\/ul>\n<p>[\/vc_column_text][\/vc_column][\/vc_row]<\/p>\n<\/div>","protected":false},"excerpt":{"rendered":"<p style=\"text-align: center;\">Objet d&rsquo;art d\u00e9coratif en parfait \u00e9tat.<\/p>\n<p class=\"p1\" style=\"text-align: center;\">Dimensions :<\/p>\n<ul>\n<li class=\"p1\" style=\"text-align: center;\">Hauteur : 46.1 cm<\/li>\n<li class=\"p1\" style=\"text-align: center;\">Largeur : 43 cm<\/li>\n<li class=\"p1\" style=\"text-align: center;\">Diam\u00e8tre : 23 cm<\/li>\n<\/ul>\n","protected":false},"featured_media":109399,"template":"","meta":{"_seopress_robots_primary_cat":"none","_seopress_titles_title":"Coupe en marbre rouge, monture en bronze dor\u00e9, XIXe si\u00e8cle","_seopress_titles_desc":"Objet d'art d\u00e9coratif en parfait \u00e9tat.","_seopress_robots_index":"","content-type":""},"product_brand":[],"product_cat":[76,114,208],"product_tag":[],"class_list":{"0":"post-109423","1":"product","2":"type-product","3":"status-publish","4":"has-post-thumbnail","6":"product_cat-objets","7":"product_cat-arts-decoratifs","8":"product_cat-coupes-vasques-et-cassolettes","9":"product_shipping_class-niveau-4","11":"first","12":"instock","13":"shipping-taxable","14":"purchasable","15":"product-type-simple","16":"add-to-wishlist-after_add_to_cart"},"_links":{"self":[{"href":"https:\/\/pipat-antiquites.fr\/fr\/wp-json\/wp\/v2\/product\/109423","targetHints":{"allow":["GET"]}}],"collection":[{"href":"https:\/\/pipat-antiquites.fr\/fr\/wp-json\/wp\/v2\/product"}],"about":[{"href":"https:\/\/pipat-antiquites.fr\/fr\/wp-json\/wp\/v2\/types\/product"}],"wp:featuredmedia":[{"embeddable":true,"href":"https:\/\/pipat-antiquites.fr\/fr\/wp-json\/wp\/v2\/media\/109399"}],"wp:attachment":[{"href":"https:\/\/pipat-antiquites.fr\/fr\/wp-json\/wp\/v2\/media?parent=109423"}],"wp:term":[{"taxonomy":"product_brand","embeddable":true,"href":"https:\/\/pipat-antiquites.fr\/fr\/wp-json\/wp\/v2\/product_brand?post=109423"},{"taxonomy":"product_cat","embeddable":true,"href":"https:\/\/pipat-antiquites.fr\/fr\/wp-json\/wp\/v2\/product_cat?post=109423"},{"taxonomy":"product_tag","embeddable":true,"href":"https:\/\/pipat-antiquites.fr\/fr\/wp-json\/wp\/v2\/product_tag?post=109423"}],"curies":[{"name":"wp","href":"https:\/\/api.w.org\/{rel}","templated":true}]}}