{"id":109325,"date":"2025-05-12T15:28:02","date_gmt":"2025-05-12T13:28:02","guid":{"rendered":"https:\/\/pipat-antiquites.fr\/?post_type=product&#038;p=109325"},"modified":"2025-05-12T15:34:58","modified_gmt":"2025-05-12T13:34:58","slug":"mobilier-classique-francais-console-et-son-miroir-depoque-restauration-xixe-siecle","status":"publish","type":"product","link":"https:\/\/pipat-antiquites.fr\/fr\/objets\/mobilier-classique-francais-console-et-son-miroir-depoque-restauration-xixe-siecle\/","title":{"rendered":"Console et son miroir d\u2019\u00e9poque Restauration, XIXe si\u00e8cle"},"content":{"rendered":"<div class=\"wpb-content-wrapper\"><p>[vc_row][vc_column column_width_percent=\u00a0\u00bb100&Prime; gutter_size=\u00a0\u00bb3&Prime; override_padding=\u00a0\u00bbyes\u00a0\u00bb column_padding=\u00a0\u00bb3&Prime; overlay_alpha=\u00a0\u00bb50&Prime; shift_x=\u00a0\u00bb0&Prime; shift_y=\u00a0\u00bb0&Prime; shift_y_down=\u00a0\u00bb0&Prime; z_index=\u00a0\u00bb0&Prime; medium_width=\u00a0\u00bb0&Prime; mobile_width=\u00a0\u00bb0&Prime; width=\u00a0\u00bb1\/1&Prime; uncode_shortcode_id=\u00a0\u00bb519399&Prime;][vc_custom_heading text_weight=\u00a0\u00bb300&Prime; uncode_shortcode_id=\u00a0\u00bb199434&Prime;]<\/p>\n<p class=\"p1\">Console et son miroir d\u2019\u00e9poque Restauration, XIXe si\u00e8cle<\/p>\n<p>[\/vc_custom_heading][vc_column_text uncode_shortcode_id=\u00a0\u00bb134885&Prime;]<\/p>\n<p class=\"p1\">Sur la console d\u2019acajou marquet\u00e9e de filets de bois clair, les r\u00e9surgences du style Empire aussi que les souvenirs du Retour d\u2019\u00c9gypte assoient solidement la partie, sans l\u2019alourdir. La ceinture l\u00e9g\u00e8rement concave ouvre \u00e0 un tiroir, avec sa clef.<br \/>\nUne glace, derri\u00e8re l\u2019entretoise, apporte de la profondeur et forme une continuit\u00e9 avec le grand miroir que porte la console. Encadr\u00e9 sobrement et serr\u00e9 entre deux colonnes \u00e9gyptisantes marquet\u00e9es d\u2019un filet spiral\u00e9, le miroir de belles proportions convient \u00e0 une salle de r\u00e9ception. L\u2019ensemble, en parfait \u00e9tat, n\u00e9cessitera un transport sp\u00e9cialis\u00e9 ou une livraison par nos soins.<\/p>\n<p>[\/vc_column_text][\/vc_column][\/vc_row]<\/p>\n<\/div>","protected":false},"excerpt":{"rendered":"<p style=\"text-align: center;\">Meuble d&rsquo;\u00e9poque Restauration en acajou et marqueterie de bois clair, tr\u00e8s bon \u00e9tat.<\/p>\n<p class=\"p1\" style=\"text-align: center;\">Dimensions :<\/p>\n<ul>\n<li class=\"p1\" style=\"text-align: center;\">Hauteur de la console : 83 cm<\/li>\n<li class=\"p1\" style=\"text-align: center;\">Hauteur du miroir : 176 cm<\/li>\n<li class=\"p1\" style=\"text-align: center;\">Largeur : 132 cm<\/li>\n<li class=\"p1\" style=\"text-align: center;\">Profondeur : 45.5 cm<\/li>\n<\/ul>\n","protected":false},"featured_media":109309,"template":"","meta":{"_seopress_robots_primary_cat":"none","_seopress_titles_title":"Console et son miroir d\u2019\u00e9poque Restauration, XIXe si\u00e8cle","_seopress_titles_desc":"","_seopress_robots_index":"","content-type":""},"product_brand":[],"product_cat":[69,76,106,114,132,140,213],"product_tag":[],"class_list":{"0":"post-109325","1":"product","2":"type-product","3":"status-publish","4":"has-post-thumbnail","6":"product_cat-mobilier","7":"product_cat-objets","8":"product_cat-meubles","9":"product_cat-arts-decoratifs","10":"product_cat-consoles","11":"product_cat-autres-meubles","12":"product_cat-miroirs-et-trumeaux","14":"first","15":"instock","16":"shipping-taxable","17":"product-type-simple","18":"add-to-wishlist-after_add_to_cart"},"_links":{"self":[{"href":"https:\/\/pipat-antiquites.fr\/fr\/wp-json\/wp\/v2\/product\/109325","targetHints":{"allow":["GET"]}}],"collection":[{"href":"https:\/\/pipat-antiquites.fr\/fr\/wp-json\/wp\/v2\/product"}],"about":[{"href":"https:\/\/pipat-antiquites.fr\/fr\/wp-json\/wp\/v2\/types\/product"}],"wp:featuredmedia":[{"embeddable":true,"href":"https:\/\/pipat-antiquites.fr\/fr\/wp-json\/wp\/v2\/media\/109309"}],"wp:attachment":[{"href":"https:\/\/pipat-antiquites.fr\/fr\/wp-json\/wp\/v2\/media?parent=109325"}],"wp:term":[{"taxonomy":"product_brand","embeddable":true,"href":"https:\/\/pipat-antiquites.fr\/fr\/wp-json\/wp\/v2\/product_brand?post=109325"},{"taxonomy":"product_cat","embeddable":true,"href":"https:\/\/pipat-antiquites.fr\/fr\/wp-json\/wp\/v2\/product_cat?post=109325"},{"taxonomy":"product_tag","embeddable":true,"href":"https:\/\/pipat-antiquites.fr\/fr\/wp-json\/wp\/v2\/product_tag?post=109325"}],"curies":[{"name":"wp","href":"https:\/\/api.w.org\/{rel}","templated":true}]}}