{"id":109251,"date":"2025-04-24T14:40:12","date_gmt":"2025-04-24T12:40:12","guid":{"rendered":"https:\/\/pipat-antiquites.fr\/?post_type=product&#038;p=109251"},"modified":"2025-09-01T15:27:22","modified_gmt":"2025-09-01T13:27:22","slug":"carafe-en-cristal-saint-louis-xixe-siecle","status":"publish","type":"product","link":"https:\/\/pipat-antiquites.fr\/fr\/objets\/carafe-en-cristal-saint-louis-xixe-siecle\/","title":{"rendered":"Carafe en cristal Saint-Louis, XIXe si\u00e8cle"},"content":{"rendered":"<div class=\"wpb-content-wrapper\"><p>[vc_row][vc_column column_width_percent=\u00a0\u00bb100&Prime; gutter_size=\u00a0\u00bb3&Prime; override_padding=\u00a0\u00bbyes\u00a0\u00bb column_padding=\u00a0\u00bb3&Prime; overlay_alpha=\u00a0\u00bb50&Prime; shift_x=\u00a0\u00bb0&Prime; shift_y=\u00a0\u00bb0&Prime; shift_y_down=\u00a0\u00bb0&Prime; z_index=\u00a0\u00bb0&Prime; medium_width=\u00a0\u00bb0&Prime; mobile_width=\u00a0\u00bb0&Prime; width=\u00a0\u00bb1\/1&Prime; uncode_shortcode_id=\u00a0\u00bb113654&Prime;][vc_custom_heading text_weight=\u00a0\u00bb300&Prime; uncode_shortcode_id=\u00a0\u00bb675512&Prime;]<\/p>\n<p class=\"p1\">Carafe en cristal Saint-Louis, XIXe si\u00e8cle<\/p>\n<p>[\/vc_custom_heading][vc_column_text uncode_shortcode_id=\u00a0\u00bb492232&Prime;]<\/p>\n<p class=\"p1\">Belle carafe ou bouteille en cristal taill\u00e9 d\u2019un service ancien de la cristallerie de Saint-Louis. Id\u00e9ale pour le service du vin ou de l\u2019eau, cette carafe est en parfait \u00e9tat.<\/p>\n<ul>\n<li class=\"p1\">Prix de livraison en France m\u00e9tropolitaine : 35\u20ac<\/li>\n<li class=\"p1\">Prix de livraison en Europe : 55\u20ac<\/li>\n<li class=\"p1\">Prix de livraison autres destination : 75\u20ac<\/li>\n<\/ul>\n<p>[\/vc_column_text][\/vc_column][\/vc_row]<\/p>\n<\/div>","protected":false},"excerpt":{"rendered":"<p style=\"text-align: center;\">Bouteille en cristal taill\u00e9 avec son bouchon, le tout en parfait \u00e9tat.<\/p>\n<p class=\"p1\" style=\"text-align: center;\">Dimensions :<\/p>\n<ul>\n<li class=\"p1\" style=\"text-align: center;\">Hauteur : 25.3 cm<\/li>\n<li class=\"p1\" style=\"text-align: center;\">Diam\u00e8tre : environ 8 cm<\/li>\n<\/ul>\n","protected":false},"featured_media":109249,"template":"","meta":{"_seopress_robots_primary_cat":"none","_seopress_titles_title":"Carafe en cristal Saint-Louis, XIXe si\u00e8cle","_seopress_titles_desc":"Bouteille en cristal taill\u00e9 avec son bouchon, le tout en parfait \u00e9tat.","_seopress_robots_index":"","content-type":""},"product_brand":[],"product_cat":[76,119,233],"product_tag":[],"class_list":{"0":"post-109251","1":"product","2":"type-product","3":"status-publish","4":"has-post-thumbnail","6":"product_cat-objets","7":"product_cat-verrerie-et-cristallerie","8":"product_cat-cristal","9":"product_shipping_class-niveau-2","11":"first","12":"outofstock","13":"shipping-taxable","14":"purchasable","15":"product-type-simple","16":"add-to-wishlist-after_add_to_cart"},"_links":{"self":[{"href":"https:\/\/pipat-antiquites.fr\/fr\/wp-json\/wp\/v2\/product\/109251","targetHints":{"allow":["GET"]}}],"collection":[{"href":"https:\/\/pipat-antiquites.fr\/fr\/wp-json\/wp\/v2\/product"}],"about":[{"href":"https:\/\/pipat-antiquites.fr\/fr\/wp-json\/wp\/v2\/types\/product"}],"wp:featuredmedia":[{"embeddable":true,"href":"https:\/\/pipat-antiquites.fr\/fr\/wp-json\/wp\/v2\/media\/109249"}],"wp:attachment":[{"href":"https:\/\/pipat-antiquites.fr\/fr\/wp-json\/wp\/v2\/media?parent=109251"}],"wp:term":[{"taxonomy":"product_brand","embeddable":true,"href":"https:\/\/pipat-antiquites.fr\/fr\/wp-json\/wp\/v2\/product_brand?post=109251"},{"taxonomy":"product_cat","embeddable":true,"href":"https:\/\/pipat-antiquites.fr\/fr\/wp-json\/wp\/v2\/product_cat?post=109251"},{"taxonomy":"product_tag","embeddable":true,"href":"https:\/\/pipat-antiquites.fr\/fr\/wp-json\/wp\/v2\/product_tag?post=109251"}],"curies":[{"name":"wp","href":"https:\/\/api.w.org\/{rel}","templated":true}]}}