{"id":109181,"date":"2025-04-22T16:57:58","date_gmt":"2025-04-22T14:57:58","guid":{"rendered":"https:\/\/pipat-antiquites.fr\/?post_type=product&#038;p=109181"},"modified":"2025-07-07T14:35:59","modified_gmt":"2025-07-07T12:35:59","slug":"presentoir-art-nouveau-en-argent-massif-xixe-siecle","status":"publish","type":"product","link":"https:\/\/pipat-antiquites.fr\/fr\/objets\/presentoir-art-nouveau-en-argent-massif-xixe-siecle\/","title":{"rendered":"Pr\u00e9sentoir Art Nouveau en argent massif, XIXe si\u00e8cle"},"content":{"rendered":"<div class=\"wpb-content-wrapper\"><p>[vc_row][vc_column column_width_percent=\u00a0\u00bb100&Prime; gutter_size=\u00a0\u00bb3&Prime; override_padding=\u00a0\u00bbyes\u00a0\u00bb column_padding=\u00a0\u00bb3&Prime; overlay_alpha=\u00a0\u00bb50&Prime; shift_x=\u00a0\u00bb0&Prime; shift_y=\u00a0\u00bb0&Prime; shift_y_down=\u00a0\u00bb0&Prime; z_index=\u00a0\u00bb0&Prime; medium_width=\u00a0\u00bb0&Prime; mobile_width=\u00a0\u00bb0&Prime; width=\u00a0\u00bb1\/1&Prime; uncode_shortcode_id=\u00a0\u00bb765636&Prime;][vc_custom_heading text_weight=\u00a0\u00bb300&Prime; uncode_shortcode_id=\u00a0\u00bb111867&Prime;]<\/p>\n<p class=\"p1\">Pr\u00e9sentoir Art Nouveau en argent massif, XIXe si\u00e8cle<\/p>\n<p>[\/vc_custom_heading][vc_column_text uncode_shortcode_id=\u00a0\u00bb411335&Prime;]<\/p>\n<p class=\"p1\">Comptez 1666 grammes d\u2019argent massif pour ce pr\u00e9sentoir \u00e0 trois plateaux. Le plateau sup\u00e9rieur et principal se pr\u00e9sente sous la forme d\u2019une fleur \u00e9panouie au-dessous de deux plateaux \u00e0 forme de feuille. Les d\u00e9tails du pistil, des p\u00e9tales et des nervures des feuilles sont joliment rendus.<br \/>\nL\u2019ensemble prend racine dans un f\u00fbt fait de feuilles et de bourgeons au centre desquels une na\u00efade, nymphe aquatique famili\u00e8re des eaux douces. L\u2019ensemble porte un poin\u00e7on non identifi\u00e9 et se pr\u00e9sente en parfait \u00e9tat.<\/p>\n<ul>\n<li class=\"p1\">Prix de livraison en France m\u00e9tropolitaine : 55\u20ac<\/li>\n<li class=\"p1\">Prix de livraison en Europe : 95\u20ac<\/li>\n<li class=\"p1\">Prix de livraison autres destination : 125\u20ac<\/li>\n<\/ul>\n<p>[\/vc_column_text][\/vc_column][\/vc_row]<\/p>\n<\/div>","protected":false},"excerpt":{"rendered":"<p style=\"text-align: center;\">Pi\u00e8ce d&rsquo;argenterie en argent massif (1666 grammes) en parfait \u00e9tat.<\/p>\n<p class=\"p1\" style=\"text-align: center;\">Dimensions :<\/p>\n<ul>\n<li class=\"p1\" style=\"text-align: center;\">Hauteur : 29.3 cm<\/li>\n<li class=\"p1\" style=\"text-align: center;\">Largeur : 45.5 cm<\/li>\n<li class=\"p1\" style=\"text-align: center;\">Profondeur : 21.3 cm<\/li>\n<\/ul>\n","protected":false},"featured_media":109828,"template":"","meta":{"_seopress_robots_primary_cat":"none","_seopress_titles_title":"","_seopress_titles_desc":"Pi\u00e8ce d'argenterie en argent massif (1666 grammes) en parfait \u00e9tat.","_seopress_robots_index":"","content-type":""},"product_brand":[],"product_cat":[76,113,199],"product_tag":[],"class_list":{"0":"post-109181","1":"product","2":"type-product","3":"status-publish","4":"has-post-thumbnail","6":"product_cat-objets","7":"product_cat-orfevrerie-et-argenterie","8":"product_cat-pieces-de-forme","9":"product_shipping_class-5-fr-55-e-eu-95-e-world-125-e-2","11":"first","12":"instock","13":"shipping-taxable","14":"purchasable","15":"product-type-simple","16":"add-to-wishlist-after_add_to_cart"},"_links":{"self":[{"href":"https:\/\/pipat-antiquites.fr\/fr\/wp-json\/wp\/v2\/product\/109181","targetHints":{"allow":["GET"]}}],"collection":[{"href":"https:\/\/pipat-antiquites.fr\/fr\/wp-json\/wp\/v2\/product"}],"about":[{"href":"https:\/\/pipat-antiquites.fr\/fr\/wp-json\/wp\/v2\/types\/product"}],"wp:featuredmedia":[{"embeddable":true,"href":"https:\/\/pipat-antiquites.fr\/fr\/wp-json\/wp\/v2\/media\/109828"}],"wp:attachment":[{"href":"https:\/\/pipat-antiquites.fr\/fr\/wp-json\/wp\/v2\/media?parent=109181"}],"wp:term":[{"taxonomy":"product_brand","embeddable":true,"href":"https:\/\/pipat-antiquites.fr\/fr\/wp-json\/wp\/v2\/product_brand?post=109181"},{"taxonomy":"product_cat","embeddable":true,"href":"https:\/\/pipat-antiquites.fr\/fr\/wp-json\/wp\/v2\/product_cat?post=109181"},{"taxonomy":"product_tag","embeddable":true,"href":"https:\/\/pipat-antiquites.fr\/fr\/wp-json\/wp\/v2\/product_tag?post=109181"}],"curies":[{"name":"wp","href":"https:\/\/api.w.org\/{rel}","templated":true}]}}