{"id":108958,"date":"2025-04-16T17:17:53","date_gmt":"2025-04-16T15:17:53","guid":{"rendered":"https:\/\/pipat-antiquites.fr\/?post_type=product&#038;p=108958"},"modified":"2025-07-28T09:55:53","modified_gmt":"2025-07-28T07:55:53","slug":"vide-poche-en-agate-et-bronze-dore-fin-xixe-siecle","status":"publish","type":"product","link":"https:\/\/pipat-antiquites.fr\/fr\/objets\/vide-poche-en-agate-et-bronze-dore-fin-xixe-siecle\/","title":{"rendered":"Jardini\u00e8re en agate et bronze dor\u00e9 de L\u2019Escalier de Cristal, XIXe si\u00e8cle"},"content":{"rendered":"<div class=\"wpb-content-wrapper\"><p>[vc_row][vc_column column_width_percent=\u00a0\u00bb100&Prime; gutter_size=\u00a0\u00bb3&Prime; override_padding=\u00a0\u00bbyes\u00a0\u00bb column_padding=\u00a0\u00bb3&Prime; overlay_alpha=\u00a0\u00bb50&Prime; shift_x=\u00a0\u00bb0&Prime; shift_y=\u00a0\u00bb0&Prime; shift_y_down=\u00a0\u00bb0&Prime; z_index=\u00a0\u00bb0&Prime; medium_width=\u00a0\u00bb0&Prime; mobile_width=\u00a0\u00bb0&Prime; width=\u00a0\u00bb1\/1&Prime; uncode_shortcode_id=\u00a0\u00bb592682&Prime;][vc_custom_heading text_weight=\u00a0\u00bb300&Prime; uncode_shortcode_id=\u00a0\u00bb669936&Prime;]<\/p>\n<p class=\"p1\">Jardini\u00e8re en agate et bronze dor\u00e9 de L\u2019Escalier de Cristal, XIXe si\u00e8cle<\/p>\n<p>[\/vc_custom_heading][vc_column_text uncode_shortcode_id=\u00a0\u00bb205424&Prime;]<\/p>\n<p class=\"p1\">Ronde comme la lune, cette jardini\u00e8re tr\u00e8s originale est compos\u00e9e de deux disques d\u2019agate ench\u00e2ss\u00e9s dans une monture en bronze dor\u00e9 fourmillant d\u2019une v\u00e9g\u00e9tation foisonnante et cisel\u00e9e. Production de l\u2019Escalier de Cristal (1808 &#8211; 1923), maison fameuse sous la Restauration et jusque dans le premier quart du XXe si\u00e8cle, on retrouve l&rsquo;influence Extr\u00eame-orientale qui fit sa r\u00e9putation.<\/p>\n<p class=\"p1\">Le foisonnement du bronze contraste avec la surface lisse et coruscante de la pierre semi-pr\u00e9cieuse. Cet objet \u00e9l\u00e9gant est en parfait \u00e9tat.<\/p>\n<ul>\n<li>Prix de livraison en France m\u00e9tropolitaine : 75\u20ac<\/li>\n<li>Prix de livraison en Europe : 115\u20ac<\/li>\n<li>Prix de livraison autres destination : 175\u20ac<\/li>\n<\/ul>\n<p>[\/vc_column_text][\/vc_column][\/vc_row]<\/p>\n<\/div>","protected":false},"excerpt":{"rendered":"<p style=\"text-align: center;\">Bel objet de d\u00e9coration en parfait \u00e9tat, cr\u00e9\u00e9 par la maison L&rsquo;Escalier de Cristal.<\/p>\n<p style=\"text-align: center;\">Dimensions :<\/p>\n<ul>\n<li style=\"text-align: center;\">Hauteur : 23 cm<\/li>\n<li style=\"text-align: center;\">Largeur : 11 cm<\/li>\n<li style=\"text-align: center;\">Largeur int\u00e9rieure : 7.3 cm<\/li>\n<li style=\"text-align: center;\">Profondeur : 23 cm<\/li>\n<\/ul>\n","protected":false},"featured_media":109924,"template":"","meta":{"_seopress_robots_primary_cat":"none","_seopress_titles_title":"Jardini\u00e8re en agate et bronze dor\u00e9 de L\u2019Escalier de Cristal, XIXe si\u00e8cle","_seopress_titles_desc":"Bel objet de d\u00e9coration en parfait \u00e9tat, cr\u00e9\u00e9 par la maison L'Escalier de Cristal.","_seopress_robots_index":"","content-type":""},"product_brand":[],"product_cat":[76,114,118,211,215,231],"product_tag":[],"class_list":{"0":"post-108958","1":"product","2":"type-product","3":"status-publish","4":"has-post-thumbnail","6":"product_cat-objets","7":"product_cat-arts-decoratifs","8":"product_cat-objets-de-collection","9":"product_cat-jardinieres-et-cache-pots","10":"product_cat-plateaux-et-vide-poches","11":"product_cat-objets-de-curiosite","12":"product_shipping_class-niveau-3","14":"first","15":"instock","16":"shipping-taxable","17":"purchasable","18":"product-type-simple","19":"add-to-wishlist-after_add_to_cart"},"_links":{"self":[{"href":"https:\/\/pipat-antiquites.fr\/fr\/wp-json\/wp\/v2\/product\/108958","targetHints":{"allow":["GET"]}}],"collection":[{"href":"https:\/\/pipat-antiquites.fr\/fr\/wp-json\/wp\/v2\/product"}],"about":[{"href":"https:\/\/pipat-antiquites.fr\/fr\/wp-json\/wp\/v2\/types\/product"}],"wp:featuredmedia":[{"embeddable":true,"href":"https:\/\/pipat-antiquites.fr\/fr\/wp-json\/wp\/v2\/media\/109924"}],"wp:attachment":[{"href":"https:\/\/pipat-antiquites.fr\/fr\/wp-json\/wp\/v2\/media?parent=108958"}],"wp:term":[{"taxonomy":"product_brand","embeddable":true,"href":"https:\/\/pipat-antiquites.fr\/fr\/wp-json\/wp\/v2\/product_brand?post=108958"},{"taxonomy":"product_cat","embeddable":true,"href":"https:\/\/pipat-antiquites.fr\/fr\/wp-json\/wp\/v2\/product_cat?post=108958"},{"taxonomy":"product_tag","embeddable":true,"href":"https:\/\/pipat-antiquites.fr\/fr\/wp-json\/wp\/v2\/product_tag?post=108958"}],"curies":[{"name":"wp","href":"https:\/\/api.w.org\/{rel}","templated":true}]}}